{"id":268443,"date":"2024-09-24T14:31:48","date_gmt":"2024-09-24T14:31:48","guid":{"rendered":"https:\/\/new.healthyhead.dk\/vare\/zao-okologisk-eyeliner-38-ml\/"},"modified":"2025-08-06T18:20:16","modified_gmt":"2025-08-06T18:20:16","slug":"zao-okologischer-eyeliner-38-ml","status":"publish","type":"product","link":"https:\/\/healthyhead.dk\/de\/produkt\/zao-okologischer-eyeliner-38-ml\/","title":{"rendered":"ZAO, Bio-Eyeliner, 3,8 ml"},"content":{"rendered":"","protected":false},"excerpt":{"rendered":"<p><img decoding=\"async\" class=\"\" src=\"\/wp-content\/uploads\/2024\/08\/Ingen-kemi.svg\" alt=\"\" width=\"45\" height=\"45\">Keine endokrinen Disruptoren<\/p>\n<p><img decoding=\"async\" class=\"\" src=\"\/wp-content\/uploads\/2024\/08\/Ingen-allergifremkaldende.svg\" alt=\"\" width=\"46\" height=\"46\">Keine allergenen Stoffe<\/p>\n<p><img decoding=\"async\" class=\"\" src=\"\/wp-content\/uploads\/2024\/08\/Ingen-miljoebelastende.svg\" width=\"46\" height=\"46\">Keine umweltsch\u00e4dlichen Stoffe<\/p>\n<p><img loading=\"lazy\" decoding=\"async\" class=\"\" src=\"\/wp-content\/uploads\/2024\/08\/Ingen-parfume.svg\" width=\"46\" height=\"46\">Kein Parf\u00fcm<\/p>\n<p>&nbsp;<\/p>\n[cg_accordion title=\"Beschreibung des Produkts\" open=\"open\"]<\/p>\n<p>Der Eyeliner von ZAO sorgt f\u00fcr ein intensives und lang anhaltendes Make-up. Die Formel enth\u00e4lt Bio-Aloe-Vera-Gel, das die empfindlichen Augen sch\u00fctzt und pflegt. Die feine Pinselspitze des Eyeliners betont Ihre Augen mit Pr\u00e4zision und schafft eine sch\u00f6ne, subtile Linie. Die Formel ist 100% nat\u00fcrlich, biologisch und vegan zertifiziert.   <\/p>\n<ul>\n<li><b>Bio- und vegan-zertifizierter<\/b> Eyeliner<\/li>\n<li>Angereichert mit <b>Aloe vera<\/b><\/li>\n<li>Sch\u00fctzt und pflegt die <b>empfindlichen Augen<\/b><\/li>\n<li>Frei von gef\u00e4hrlichen Chemikalien<\/li>\n<li>M\u00f6glichkeit des <b>Nachf\u00fcllens mit einer Nachf\u00fcllpackung<\/b><\/li>\n<\/ul>\n<p><img loading=\"lazy\" decoding=\"async\" class=\"alignnone size-full wp-image-8916\" src=\"\/wp-content\/uploads\/2024\/08\/zao-certificeringer.jpg\" alt=\"\" width=\"479\" height=\"93\" srcset=\"https:\/\/i0.wp.com\/healthyhead.dk\/wp-content\/uploads\/2024\/08\/zao-certificeringer.jpg?w=479&amp;ssl=1 479w, https:\/\/i0.wp.com\/healthyhead.dk\/wp-content\/uploads\/2024\/08\/zao-certificeringer.jpg?resize=300%2C58&amp;ssl=1 300w, https:\/\/i0.wp.com\/healthyhead.dk\/wp-content\/uploads\/2024\/08\/zao-certificeringer.jpg?resize=441%2C86&amp;ssl=1 441w, https:\/\/i0.wp.com\/healthyhead.dk\/wp-content\/uploads\/2024\/08\/zao-certificeringer.jpg?resize=150%2C29&amp;ssl=1 150w\" sizes=\"(max-width: 479px) 100vw, 479px\" \/><br \/>\n[\/cg_accordion]\n[cg_accordion title=\"Tipps f\u00fcr die Verwendung\"]<\/p>\n<ul>\n<li>Vor Gebrauch sch\u00fctteln.<\/li>\n<li>Um den Wimpernkranz leichter zu erreichen, schlie\u00dfen Sie Ihr Auge und ziehen Sie die Haut an der Augenbraue mit einem Finger vorsichtig nach oben.<\/li>\n<li>Beginnen Sie in der Mitte des Auges und ziehen Sie die Linie nach au\u00dfen und dann nach innen, um eine perfekte Linie zu erzielen.<\/li>\n<li>Tipp: Bei einem kleinen Augenlid ist ein d\u00fcnner Strich besser. Je h\u00f6her das bewegliche Augenlid, desto breiter kann der Strich sein. <\/li>\n<\/ul>\n<p>[\/cg_accordion]\n[cg_accordion title=\"Inhaltsstoffe\"]<\/p>\n<p><b>Bio-Aloe Vera-Saft:<\/b><br \/>\nBekannt f\u00fcr seine beruhigenden Eigenschaften, repariert und beruhigt Bio-Aloe Vera-Saft die empfindlichsten Augenpartien.<\/p>\n<p><b>Organisches Bambus-Hydrosol:<\/b><br \/>\nReich an organischer Kiesels\u00e4ure, ist das organische Bambus-Hydrosol f\u00fcr seine feuchtigkeitsspendenden und regenerierenden Eigenschaften bekannt.<br \/>\nDiese externe Zufuhr ist notwendig, um die Elastizit\u00e4t der Haut und die Gesundheit des Gewebes zu erhalten.<\/p>\n<p><b>Bio-Sheabutter:<\/b><br \/>\nSheabutter wird aus den Fr\u00fcchten des Sheabaums gewonnen, der nur in den bewaldeten Savannen Westafrikas wild w\u00e4chst. Ihre Fetts\u00e4urezusammensetzung verleiht ihr feuchtigkeitsspendende und n\u00e4hrende Eigenschaften. Sie wird als heilender, UV-sch\u00fctzender und beruhigender Inhaltsstoff empfohlen.  <\/p>\n<p><b>INCI-Liste:<\/b> Aloe Barbadensis Leaf Juice*, Glycerin, Sucrose Palmitate, Aqua (Wasser), Phenethyl Alcohol, Bambusa Vulgaris Leaf Extract*, Sclerotium Gum, Xanthan Gum, Sodium Hydroxide, Glyceryl Caprylate. Kann enthalten +\/-: Ci 77491 (Eisenoxide), Ci 77492 (Eisenoxide), Ci 77499 (Eisenoxide). *Inhaltsstoffe aus \u00f6kologischem Landbau.<br \/>\n[\/cg_accordion]\n<p>&nbsp;<\/p>\n","protected":false},"featured_media":255642,"template":"","meta":{"_acf_changed":false},"product_brand":[564],"product_cat":[516],"product_tag":[],"class_list":{"0":"post-268443","1":"product","2":"type-product","3":"status-publish","4":"has-post-thumbnail","6":"product_brand-zao","7":"product_cat-eyeliner","9":"first","10":"instock","11":"taxable","12":"shipping-taxable","13":"purchasable","14":"product-type-variable","15":"has-default-attributes"},"acf":[],"_links":{"self":[{"href":"https:\/\/healthyhead.dk\/de\/wp-json\/wp\/v2\/product\/268443","targetHints":{"allow":["GET"]}}],"collection":[{"href":"https:\/\/healthyhead.dk\/de\/wp-json\/wp\/v2\/product"}],"about":[{"href":"https:\/\/healthyhead.dk\/de\/wp-json\/wp\/v2\/types\/product"}],"version-history":[{"count":0,"href":"https:\/\/healthyhead.dk\/de\/wp-json\/wp\/v2\/product\/268443\/revisions"}],"wp:featuredmedia":[{"embeddable":true,"href":"https:\/\/healthyhead.dk\/de\/wp-json\/wp\/v2\/media\/255642"}],"wp:attachment":[{"href":"https:\/\/healthyhead.dk\/de\/wp-json\/wp\/v2\/media?parent=268443"}],"wp:term":[{"taxonomy":"product_brand","embeddable":true,"href":"https:\/\/healthyhead.dk\/de\/wp-json\/wp\/v2\/product_brand?post=268443"},{"taxonomy":"product_cat","embeddable":true,"href":"https:\/\/healthyhead.dk\/de\/wp-json\/wp\/v2\/product_cat?post=268443"},{"taxonomy":"product_tag","embeddable":true,"href":"https:\/\/healthyhead.dk\/de\/wp-json\/wp\/v2\/product_tag?post=268443"}],"curies":[{"name":"wp","href":"https:\/\/api.w.org\/{rel}","templated":true}]}}