{"id":268593,"date":"2025-06-07T09:50:45","date_gmt":"2025-06-07T09:50:45","guid":{"rendered":"https:\/\/new.healthyhead.dk\/vare\/zao-oekologisk-velvet-mascara-refill-7-ml\/"},"modified":"2025-08-13T12:14:41","modified_gmt":"2025-08-13T12:14:41","slug":"zao-bio-velvet-mascara-nachfuellpackung-7-ml","status":"publish","type":"product","link":"https:\/\/healthyhead.dk\/de\/produkt\/zao-bio-velvet-mascara-nachfuellpackung-7-ml\/","title":{"rendered":"ZAO, Bio-Velvet Mascara, Nachf\u00fcllpackung, 7 ml"},"content":{"rendered":"","protected":false},"excerpt":{"rendered":"<p><img decoding=\"async\" class=\"\" src=\"\/wp-content\/uploads\/2024\/08\/Ingen-kemi.svg\" alt=\"\" width=\"45\" height=\"45\">Keine endokrinen Disruptoren<\/p>\n<p><img decoding=\"async\" class=\"\" src=\"\/wp-content\/uploads\/2024\/08\/Ingen-allergifremkaldende.svg\" alt=\"\" width=\"46\" height=\"46\">Keine allergenen Stoffe<\/p>\n<p><img decoding=\"async\" class=\"\" src=\"\/wp-content\/uploads\/2024\/08\/Ingen-miljoebelastende.svg\" width=\"46\" height=\"46\">Zertifiziert biologisch<\/p>\n<p><img loading=\"lazy\" decoding=\"async\" class=\"\" src=\"\/wp-content\/uploads\/2024\/08\/Ingen-parfume.svg\" width=\"46\" height=\"46\">Kein Parf\u00fcm<\/p>\n<p>&nbsp;<\/p>\n[cg_accordion title=\"Beschreibung des Produkts\" open=\"open\"]<\/p>\n<p>Nachf\u00fcllpackung f\u00fcr Bio-Velvet Mascara von ZAO. Durch die Verwendung von Nachf\u00fcllpackungen sparen Sie Geld und schonen die Umwelt durch unn\u00f6tige Verpackungen.<br \/>\n<img loading=\"lazy\" decoding=\"async\" class=\"alignnone size-full wp-image-8916\" src=\"\/wp-content\/uploads\/2024\/08\/zao-certificeringer.jpg\" alt=\"\" width=\"479\" height=\"93\" srcset=\"https:\/\/i0.wp.com\/healthyhead.dk\/wp-content\/uploads\/2024\/08\/zao-certificeringer.jpg?w=479&amp;ssl=1 479w, https:\/\/i0.wp.com\/healthyhead.dk\/wp-content\/uploads\/2024\/08\/zao-certificeringer.jpg?resize=300%2C58&amp;ssl=1 300w, https:\/\/i0.wp.com\/healthyhead.dk\/wp-content\/uploads\/2024\/08\/zao-certificeringer.jpg?resize=441%2C86&amp;ssl=1 441w, https:\/\/i0.wp.com\/healthyhead.dk\/wp-content\/uploads\/2024\/08\/zao-certificeringer.jpg?resize=150%2C29&amp;ssl=1 150w\" sizes=\"(max-width: 479px) 100vw, 479px\" \/><br \/>\n[\/cg_accordion]\n[cg_accordion title=\"Tipps f\u00fcr die Verwendung\"]<\/p>\n<ul>\n<li>Beginnen Sie am Wimpernrand und bewegen Sie die B\u00fcrste in kleinen Zickzack-Bewegungen nach oben zu den Spitzen, um die Wimpern zu erfassen und zu trennen.<\/li>\n<li>F\u00fcr zus\u00e4tzliches Volumen tragen Sie eine zweite Schicht auf, wenn die erste getrocknet ist.<\/li>\n<li>Vermeiden Sie es, den Pinsel im Beh\u00e4lter zu pumpen &#8211; dadurch wird Luft zugef\u00fchrt und das Produkt kann austrocknen.<\/li>\n<\/ul>\n<p>[\/cg_accordion]\n[cg_accordion title=\"Inhaltsstoffe\"]<\/p>\n<p><b>Bio-Aloe Vera<\/b><br \/>\nBeruhigt und spendet Feuchtigkeit &#8211; ideal f\u00fcr die empfindliche Augenpartie.<\/p>\n<p><b>Bio-Argan\u00f6l<\/b><br \/>\nReich an Vitamin E und essentiellen Fetts\u00e4uren &#8211; st\u00e4rkt und pflegt die Wimpern.<\/p>\n<p><b>Bio-Lindenbl\u00fctenextrakt<\/b><br \/>\nSpendet Feuchtigkeit und bildet einen Schutzfilm, der die Wimpern weich und geschmeidig macht und f\u00fcr mehr Volumen sorgt.<\/p>\n<p><b>INCI-Liste:<\/b><br \/>\nAloe Barbadensis Leaf Juice*, Aqua (Water), Copernicia Cerifera (Carnauba) Cera*, Caprylic\/Capric Triglyceride, Glycerin, Acacia Senegal Gum*, Polyglyceryl-6 Distearate, Glyceryl Behenate, Sucrose Palmitate, Cellulose, Argania Spinosa Kernel Oil*, Behenyl Alcohol, Simmondsia Chinensis (Jojoba) Seed Oil*, Bambusa Vulgaris Leaf Extract*, Helianthus Annuus (Sunflower) Seed Oil, Tocopherol, Tilia Tomentosa Bud Extract*, Sodium Levulinate, Citric Acid, Xanthan Gum, Levulinic Acid, Sodium Anisate, Glyceryl Caprylate, Phenethyl Alcohol, CI 77820.<br \/>\nKann enthalten (+\/-): CI 77499, CI 77491, CI 77492 (Eisenoxide).<br \/>\n*Inhaltsstoffe aus biologischem Anbau.<\/p>\n<p>[\/cg_accordion]\n<p>&nbsp;<\/p>\n","protected":false},"featured_media":261634,"template":"","meta":{"_acf_changed":false},"product_brand":[564],"product_cat":[582],"product_tag":[],"class_list":{"0":"post-268593","1":"product","2":"type-product","3":"status-publish","4":"has-post-thumbnail","6":"product_brand-zao","7":"product_cat-wimperntusche","9":"first","10":"instock","11":"taxable","12":"shipping-taxable","13":"purchasable","14":"product-type-variable","15":"has-default-attributes"},"acf":[],"_links":{"self":[{"href":"https:\/\/healthyhead.dk\/de\/wp-json\/wp\/v2\/product\/268593","targetHints":{"allow":["GET"]}}],"collection":[{"href":"https:\/\/healthyhead.dk\/de\/wp-json\/wp\/v2\/product"}],"about":[{"href":"https:\/\/healthyhead.dk\/de\/wp-json\/wp\/v2\/types\/product"}],"version-history":[{"count":0,"href":"https:\/\/healthyhead.dk\/de\/wp-json\/wp\/v2\/product\/268593\/revisions"}],"wp:featuredmedia":[{"embeddable":true,"href":"https:\/\/healthyhead.dk\/de\/wp-json\/wp\/v2\/media\/261634"}],"wp:attachment":[{"href":"https:\/\/healthyhead.dk\/de\/wp-json\/wp\/v2\/media?parent=268593"}],"wp:term":[{"taxonomy":"product_brand","embeddable":true,"href":"https:\/\/healthyhead.dk\/de\/wp-json\/wp\/v2\/product_brand?post=268593"},{"taxonomy":"product_cat","embeddable":true,"href":"https:\/\/healthyhead.dk\/de\/wp-json\/wp\/v2\/product_cat?post=268593"},{"taxonomy":"product_tag","embeddable":true,"href":"https:\/\/healthyhead.dk\/de\/wp-json\/wp\/v2\/product_tag?post=268593"}],"curies":[{"name":"wp","href":"https:\/\/api.w.org\/{rel}","templated":true}]}}