{"id":268607,"date":"2025-06-05T16:14:40","date_gmt":"2025-06-05T16:14:40","guid":{"rendered":"https:\/\/new.healthyhead.dk\/vare\/zao-vegansk-daring-mascara-refill-7ml\/"},"modified":"2025-09-06T13:52:57","modified_gmt":"2025-09-06T13:52:57","slug":"zao-bio-volume-mascara-aloe-vera-nachfuellpackung-7-ml","status":"publish","type":"product","link":"https:\/\/healthyhead.dk\/de\/produkt\/zao-bio-volume-mascara-aloe-vera-nachfuellpackung-7-ml\/","title":{"rendered":"ZAO, Bio Volume Mascara Aloe Vera, Nachf\u00fcllpackung, 7 ml"},"content":{"rendered":"","protected":false},"excerpt":{"rendered":"<p><img decoding=\"async\" class=\"\" src=\"\/wp-content\/uploads\/2024\/08\/Ingen-kemi.svg\" alt=\"\" width=\"45\" height=\"45\">Keine endokrinen Disruptoren<\/p>\n<p><img decoding=\"async\" class=\"\" src=\"\/wp-content\/uploads\/2024\/08\/Ingen-allergifremkaldende.svg\" alt=\"\" width=\"46\" height=\"46\">Keine allergenen Stoffe<\/p>\n<p><img decoding=\"async\" class=\"\" src=\"\/wp-content\/uploads\/2024\/08\/Ingen-miljoebelastende.svg\" width=\"46\" height=\"46\">Keine umweltsch\u00e4dlichen Stoffe<\/p>\n<p><img loading=\"lazy\" decoding=\"async\" class=\"\" src=\"\/wp-content\/uploads\/2024\/08\/Ingen-parfume.svg\" width=\"46\" height=\"46\">Kein Parf\u00fcm<\/p>\n<p>&nbsp;<\/p>\n[cg_accordion title=\"Beschreibung des Produkts\" open=\"open\"]<\/p>\n<p>Nachf\u00fcllpackung f\u00fcr ZAO Daring Volume Mascara.<br \/>\n<img loading=\"lazy\" decoding=\"async\" class=\"alignnone size-full wp-image-8916\" src=\"\/wp-content\/uploads\/2024\/08\/zao-certificeringer.jpg\" alt=\"\" width=\"479\" height=\"93\" srcset=\"https:\/\/i0.wp.com\/healthyhead.dk\/wp-content\/uploads\/2024\/08\/zao-certificeringer.jpg?w=479&amp;ssl=1 479w, https:\/\/i0.wp.com\/healthyhead.dk\/wp-content\/uploads\/2024\/08\/zao-certificeringer.jpg?resize=300%2C58&amp;ssl=1 300w, https:\/\/i0.wp.com\/healthyhead.dk\/wp-content\/uploads\/2024\/08\/zao-certificeringer.jpg?resize=441%2C86&amp;ssl=1 441w, https:\/\/i0.wp.com\/healthyhead.dk\/wp-content\/uploads\/2024\/08\/zao-certificeringer.jpg?resize=150%2C29&amp;ssl=1 150w\" sizes=\"(max-width: 479px) 100vw, 479px\" \/><br \/>\n[\/cg_accordion]\n[cg_accordion title=\"Tipps f\u00fcr die Verwendung\"]<\/p>\n<ul>\n<li>Tragen Sie die Mascara auf, indem Sie das B\u00fcrstchen waagerecht am Wimpernkranz halten und in kleinen Zickzack-Bewegungen nach oben zu den Spitzen hin bewegen.<\/li>\n<li>F\u00fcr zus\u00e4tzliche Intensit\u00e4t tragen Sie eine zweite Schicht auf, wenn die erste getrocknet ist.<\/li>\n<li>Wenn der Pinsel zu voll ist, wischen Sie \u00fcbersch\u00fcssiges Produkt mit einem St\u00fcck Papier ab &#8211; nicht am Rand der Tube.<\/li>\n<\/ul>\n<p>[\/cg_accordion]\n[cg_accordion title=\"Inhaltsstoffe\"]<\/p>\n<p><b>Bambus-Hydrosol<\/b><br \/>\nReich an Kiesels\u00e4ure, die die Wimpern auf nat\u00fcrliche Weise st\u00e4rkt und regeneriert.<\/p>\n<p><b>Carnaubawachs<\/b><br \/>\nBildet einen Schutzfilm und sorgt f\u00fcr gute Haltbarkeit und Struktur.<\/p>\n<p><b>Akaziengummi<\/b><br \/>\nWirkt als nat\u00fcrliches Bindemittel und verbessert die Haltbarkeit des Produkts.<\/p>\n<p><b>INCI-Liste:<\/b> Aqua (Wasser), Bambusa Vulgaris Leaf Extract*, CI 77499 (Eisenoxide), Acacia Senegal Gum*, Copernicia Cerifera (Carnauba) Wax*, Glycerin**, Cera Alba (Beeswax)*, Microcrystalline Cellulose, Cellulose Gum, Benzyl Alcohol, Dehydroacetic Acid, Sodium Hydroxide, Potassium Sorbate.<br \/>\n* Zutaten aus biologischem Anbau<br \/>\n** Hergestellt aus biologischen Zutaten  <\/p>\n<p>[\/cg_accordion]\n<p>&nbsp;<\/p>\n","protected":false},"featured_media":261618,"template":"","meta":{"_acf_changed":false},"product_brand":[564],"product_cat":[582],"product_tag":[],"class_list":{"0":"post-268607","1":"product","2":"type-product","3":"status-publish","4":"has-post-thumbnail","6":"product_brand-zao","7":"product_cat-wimperntusche","9":"first","10":"instock","11":"taxable","12":"shipping-taxable","13":"purchasable","14":"product-type-variable"},"acf":[],"_links":{"self":[{"href":"https:\/\/healthyhead.dk\/de\/wp-json\/wp\/v2\/product\/268607","targetHints":{"allow":["GET"]}}],"collection":[{"href":"https:\/\/healthyhead.dk\/de\/wp-json\/wp\/v2\/product"}],"about":[{"href":"https:\/\/healthyhead.dk\/de\/wp-json\/wp\/v2\/types\/product"}],"version-history":[{"count":0,"href":"https:\/\/healthyhead.dk\/de\/wp-json\/wp\/v2\/product\/268607\/revisions"}],"wp:featuredmedia":[{"embeddable":true,"href":"https:\/\/healthyhead.dk\/de\/wp-json\/wp\/v2\/media\/261618"}],"wp:attachment":[{"href":"https:\/\/healthyhead.dk\/de\/wp-json\/wp\/v2\/media?parent=268607"}],"wp:term":[{"taxonomy":"product_brand","embeddable":true,"href":"https:\/\/healthyhead.dk\/de\/wp-json\/wp\/v2\/product_brand?post=268607"},{"taxonomy":"product_cat","embeddable":true,"href":"https:\/\/healthyhead.dk\/de\/wp-json\/wp\/v2\/product_cat?post=268607"},{"taxonomy":"product_tag","embeddable":true,"href":"https:\/\/healthyhead.dk\/de\/wp-json\/wp\/v2\/product_tag?post=268607"}],"curies":[{"name":"wp","href":"https:\/\/api.w.org\/{rel}","templated":true}]}}