{"id":268621,"date":"2025-06-05T14:56:09","date_gmt":"2025-06-05T14:56:09","guid":{"rendered":"https:\/\/new.healthyhead.dk\/vare\/zao-oekologisk-velvet-mascara-7-ml\/"},"modified":"2025-08-07T11:44:53","modified_gmt":"2025-08-07T11:44:53","slug":"zao-bio-velvet-mascara-7-ml","status":"publish","type":"product","link":"https:\/\/healthyhead.dk\/de\/produkt\/zao-bio-velvet-mascara-7-ml\/","title":{"rendered":"ZAO, Bio-Velvet Mascara, 7 ml"},"content":{"rendered":"","protected":false},"excerpt":{"rendered":"<p><img decoding=\"async\" class=\"\" src=\"\/wp-content\/uploads\/2024\/08\/Ingen-kemi.svg\" alt=\"\" width=\"45\" height=\"45\">Keine endokrinen Disruptoren<\/p>\n<p><img decoding=\"async\" class=\"\" src=\"\/wp-content\/uploads\/2024\/08\/Ingen-allergifremkaldende.svg\" alt=\"\" width=\"46\" height=\"46\">Keine allergenen Stoffe<\/p>\n<p><img decoding=\"async\" class=\"\" src=\"\/wp-content\/uploads\/2024\/08\/Ingen-miljoebelastende.svg\" width=\"46\" height=\"46\">Zertifiziert biologisch<\/p>\n<p><img loading=\"lazy\" decoding=\"async\" class=\"\" src=\"\/wp-content\/uploads\/2024\/08\/Ingen-parfume.svg\" width=\"46\" height=\"46\">Kein Parf\u00fcm<\/p>\n<p>&nbsp;<\/p>\n[cg_accordion title=\"Beschreibung des Produkts\" open=\"open\"]<\/p>\n<p>ZAO Velvet Mascara ist f\u00fcr alle gedacht, die sich sch\u00f6ne, volle Wimpern w\u00fcnschen &#8211; ohne Kompromisse bei Gesundheit und Nachhaltigkeit einzugehen. Die Wimperntusche hat eine cremige Textur und eine mehrstufige Silikonb\u00fcrste, die selbst die feinsten Wimpern erfasst und f\u00fcr Volumen, L\u00e4nge und Definition sorgt. Sie ist bio-zertifiziert, 100% nat\u00fcrlich und vegan.  <\/p>\n<p>Die Formel ist angereichert mit pflegenden und sch\u00fctzenden Inhaltsstoffen wie Aloe Vera, Argan\u00f6l und Lindenbl\u00fctenextrakt &#8211; ideal selbst f\u00fcr die empfindlichsten Augen.<\/p>\n<ul>\n<li><b>Bio- und vegan-zertifizierte<\/b> Wimperntusche<\/li>\n<li>Geeignet f\u00fcr <b>empfindliche Augen und Tr\u00e4ger von Kontaktlinsen<\/b><\/li>\n<li><b>Silikonb\u00fcrste<\/b> trennt und texturiert die Wimpern<\/li>\n<li><b>Nat\u00fcrliche Pflanzenextrakte<\/b> n\u00e4hren und sch\u00fctzen<\/li>\n<li><b>Wiederbef\u00fcllbarer Bambusbeh\u00e4lter<\/b> minimiert den Abfall<\/li>\n<li><b>Frei von Parf\u00fcm, synthetischen Chemikalien und Mikroplastik<\/b><\/li>\n<\/ul>\n<p><img loading=\"lazy\" decoding=\"async\" class=\"alignnone size-full wp-image-8916\" src=\"\/wp-content\/uploads\/2024\/08\/zao-certificeringer.jpg\" alt=\"\" width=\"479\" height=\"93\" srcset=\"https:\/\/i0.wp.com\/healthyhead.dk\/wp-content\/uploads\/2024\/08\/zao-certificeringer.jpg?w=479&amp;ssl=1 479w, https:\/\/i0.wp.com\/healthyhead.dk\/wp-content\/uploads\/2024\/08\/zao-certificeringer.jpg?resize=300%2C58&amp;ssl=1 300w, https:\/\/i0.wp.com\/healthyhead.dk\/wp-content\/uploads\/2024\/08\/zao-certificeringer.jpg?resize=441%2C86&amp;ssl=1 441w, https:\/\/i0.wp.com\/healthyhead.dk\/wp-content\/uploads\/2024\/08\/zao-certificeringer.jpg?resize=150%2C29&amp;ssl=1 150w\" sizes=\"(max-width: 479px) 100vw, 479px\" \/><br \/>\n[\/cg_accordion]\n[cg_accordion title=\"Tipps f\u00fcr die Verwendung\"]<\/p>\n<ul>\n<li>Beginnen Sie am Wimpernrand und bewegen Sie die B\u00fcrste in kleinen Zickzack-Bewegungen nach oben zu den Spitzen, um die Wimpern zu erfassen und zu trennen.<\/li>\n<li>F\u00fcr zus\u00e4tzliches Volumen tragen Sie eine zweite Schicht auf, wenn die erste getrocknet ist.<\/li>\n<li>Vermeiden Sie es, den Pinsel im Beh\u00e4lter zu pumpen &#8211; dadurch wird Luft zugef\u00fchrt und das Produkt kann austrocknen.<\/li>\n<\/ul>\n<p>[\/cg_accordion]\n[cg_accordion title=\"Inhaltsstoffe\"]<\/p>\n<p><b>Bio-Aloe Vera<\/b><br \/>\nBeruhigt und spendet Feuchtigkeit &#8211; ideal f\u00fcr die empfindliche Augenpartie.<\/p>\n<p><b>Bio-Argan\u00f6l<\/b><br \/>\nReich an Vitamin E und essentiellen Fetts\u00e4uren &#8211; st\u00e4rkt und pflegt die Wimpern.<\/p>\n<p><b>Bio-Lindenbl\u00fctenextrakt<\/b><br \/>\nSpendet Feuchtigkeit und bildet einen Schutzfilm, der die Wimpern weich und geschmeidig macht und f\u00fcr mehr Volumen sorgt.<\/p>\n<p><b>INCI-Liste:<\/b><br \/>\nAloe Barbadensis Leaf Juice*, Aqua (Water), Copernicia Cerifera (Carnauba) Cera*, Caprylic\/Capric Triglyceride, Glycerin, Acacia Senegal Gum*, Polyglyceryl-6 Distearate, Glyceryl Behenate, Sucrose Palmitate, Cellulose, Argania Spinosa Kernel Oil*, Behenyl Alcohol, Simmondsia Chinensis (Jojoba) Seed Oil*, Bambusa Vulgaris Leaf Extract*, Helianthus Annuus (Sunflower) Seed Oil, Tocopherol, Tilia Tomentosa Bud Extract*, Sodium Levulinate, Citric Acid, Xanthan Gum, Levulinic Acid, Sodium Anisate, Glyceryl Caprylate, Phenethyl Alcohol, CI 77820.<br \/>\nKann enthalten (+\/-): CI 77499, CI 77491, CI 77492 (Eisenoxide).<br \/>\n*Inhaltsstoffe aus biologischem Anbau.<\/p>\n<p>[\/cg_accordion]\n<p>&nbsp;<\/p>\n","protected":false},"featured_media":261582,"template":"","meta":{"_acf_changed":false},"product_brand":[564],"product_cat":[582],"product_tag":[],"class_list":{"0":"post-268621","1":"product","2":"type-product","3":"status-publish","4":"has-post-thumbnail","6":"product_brand-zao","7":"product_cat-wimperntusche","9":"first","10":"instock","11":"taxable","12":"shipping-taxable","13":"purchasable","14":"product-type-variable","15":"has-default-attributes"},"acf":[],"_links":{"self":[{"href":"https:\/\/healthyhead.dk\/de\/wp-json\/wp\/v2\/product\/268621","targetHints":{"allow":["GET"]}}],"collection":[{"href":"https:\/\/healthyhead.dk\/de\/wp-json\/wp\/v2\/product"}],"about":[{"href":"https:\/\/healthyhead.dk\/de\/wp-json\/wp\/v2\/types\/product"}],"version-history":[{"count":0,"href":"https:\/\/healthyhead.dk\/de\/wp-json\/wp\/v2\/product\/268621\/revisions"}],"wp:featuredmedia":[{"embeddable":true,"href":"https:\/\/healthyhead.dk\/de\/wp-json\/wp\/v2\/media\/261582"}],"wp:attachment":[{"href":"https:\/\/healthyhead.dk\/de\/wp-json\/wp\/v2\/media?parent=268621"}],"wp:term":[{"taxonomy":"product_brand","embeddable":true,"href":"https:\/\/healthyhead.dk\/de\/wp-json\/wp\/v2\/product_brand?post=268621"},{"taxonomy":"product_cat","embeddable":true,"href":"https:\/\/healthyhead.dk\/de\/wp-json\/wp\/v2\/product_cat?post=268621"},{"taxonomy":"product_tag","embeddable":true,"href":"https:\/\/healthyhead.dk\/de\/wp-json\/wp\/v2\/product_tag?post=268621"}],"curies":[{"name":"wp","href":"https:\/\/api.w.org\/{rel}","templated":true}]}}