{"id":268635,"date":"2025-06-04T17:58:29","date_gmt":"2025-06-04T17:58:29","guid":{"rendered":"https:\/\/new.healthyhead.dk\/vare\/zao-vegansk-daring-mascara-7-ml\/"},"modified":"2025-08-07T11:18:29","modified_gmt":"2025-08-07T11:18:29","slug":"zao-vegane-daring-mascara-7-ml","status":"publish","type":"product","link":"https:\/\/healthyhead.dk\/de\/produkt\/zao-vegane-daring-mascara-7-ml\/","title":{"rendered":"ZAO, Vegane Daring Mascara, 7 ml"},"content":{"rendered":"","protected":false},"excerpt":{"rendered":"<p><img decoding=\"async\" class=\"\" src=\"\/wp-content\/uploads\/2024\/08\/Ingen-kemi.svg\" alt=\"\" width=\"45\" height=\"45\">Keine endokrinen Disruptoren<\/p>\n<p><img decoding=\"async\" class=\"\" src=\"\/wp-content\/uploads\/2024\/08\/Ingen-allergifremkaldende.svg\" alt=\"\" width=\"46\" height=\"46\">Keine allergenen Stoffe<\/p>\n<p><img decoding=\"async\" class=\"\" src=\"\/wp-content\/uploads\/2024\/08\/Ingen-miljoebelastende.svg\" width=\"46\" height=\"46\">Keine umweltsch\u00e4dlichen Stoffe<\/p>\n<p><img loading=\"lazy\" decoding=\"async\" class=\"\" src=\"\/wp-content\/uploads\/2024\/08\/Ingen-parfume.svg\" width=\"46\" height=\"46\">Kein Parf\u00fcm<\/p>\n<p>&nbsp;<\/p>\n[cg_accordion title=\"Beschreibung des Produkts\" open=\"open\"]<\/p>\n<p>Erhalten Sie Wimpern mit F\u00fclle und Intensit\u00e4t mit ZAO Daring Volume Mascara &#8211; einer veganen Wimperntusche, die zu 98,91% aus Inhaltsstoffen nat\u00fcrlichen Ursprungs besteht. Die Mascara hat eine gebogene Nylonb\u00fcrste, die die Wimpern effektiv trennt und anhebt, w\u00e4hrend die Formel mit Bio-Bambushydrosol und Carnaubawachs pflegt und sch\u00fctzt. Geeignet f\u00fcr den t\u00e4glichen Gebrauch und gut f\u00fcr empfindliche Augen. Wird in einem sch\u00f6nen, umweltfreundlichen Bambusbeh\u00e4lter geliefert und kann mit einer Nachf\u00fcllpackung nachgef\u00fcllt werden.   <\/p>\n<ul>\n<li><b>Vegane Wimperntusche<\/b> mit 98,91% nat\u00fcrlichen Inhaltsstoffen<\/li>\n<li>Enth\u00e4lt <b>Bambus-Hydrosol<\/b> und <b>Carnaubawachs<\/b> zur nat\u00fcrlichen St\u00e4rkung und Regeneration der Wimpern<\/li>\n<li>Geeignet f\u00fcr <b>empfindliche Augen<\/b><\/li>\n<li>Gebogene B\u00fcrste f\u00fcr <b>Volumen und Separation<\/b><\/li>\n<li><b>Frei von Parf\u00fcm<\/b> und problematischen Chemikalien<\/li>\n<li>Kann <b>immer wieder mit Nachf\u00fcllpackungen nachgef\u00fcllt<\/b> werden<\/li>\n<\/ul>\n<p><img loading=\"lazy\" decoding=\"async\" class=\"alignnone size-full wp-image-8916\" src=\"\/wp-content\/uploads\/2024\/08\/zao-certificeringer.jpg\" alt=\"\" width=\"479\" height=\"93\" srcset=\"https:\/\/i0.wp.com\/healthyhead.dk\/wp-content\/uploads\/2024\/08\/zao-certificeringer.jpg?w=479&amp;ssl=1 479w, https:\/\/i0.wp.com\/healthyhead.dk\/wp-content\/uploads\/2024\/08\/zao-certificeringer.jpg?resize=300%2C58&amp;ssl=1 300w, https:\/\/i0.wp.com\/healthyhead.dk\/wp-content\/uploads\/2024\/08\/zao-certificeringer.jpg?resize=441%2C86&amp;ssl=1 441w, https:\/\/i0.wp.com\/healthyhead.dk\/wp-content\/uploads\/2024\/08\/zao-certificeringer.jpg?resize=150%2C29&amp;ssl=1 150w\" sizes=\"(max-width: 479px) 100vw, 479px\" \/><br \/>\n[\/cg_accordion]\n[cg_accordion title=\"Tipps f\u00fcr die Verwendung\"]<\/p>\n<ul>\n<li>Tragen Sie die Mascara auf, indem Sie das B\u00fcrstchen waagerecht am Wimpernkranz halten und in kleinen Zickzack-Bewegungen nach oben zu den Spitzen hin bewegen.<\/li>\n<li>F\u00fcr zus\u00e4tzliche Intensit\u00e4t tragen Sie eine zweite Schicht auf, wenn die erste getrocknet ist.<\/li>\n<li>Wenn der Pinsel zu voll ist, wischen Sie \u00fcbersch\u00fcssiges Produkt mit einem St\u00fcck Papier ab &#8211; nicht am Rand der Tube.<\/li>\n<\/ul>\n<p>[\/cg_accordion]\n[cg_accordion title=\"Inhaltsstoffe\"]<\/p>\n<p><b>Bambus-Hydrosol<\/b><br \/>\nReich an Kiesels\u00e4ure, die die Wimpern auf nat\u00fcrliche Weise st\u00e4rkt und regeneriert.<\/p>\n<p><b>Carnaubawachs<\/b><br \/>\nBildet einen Schutzfilm und sorgt f\u00fcr gute Haltbarkeit und Struktur.<\/p>\n<p><b>Akaziengummi<\/b><br \/>\nWirkt als nat\u00fcrliches Bindemittel und verbessert die Haltbarkeit des Produkts.<\/p>\n<p><b>INCI-Liste:<\/b> Aqua (Wasser), Bambusa Vulgaris Leaf Extract*, CI 77499 (Eisenoxide), Acacia Senegal Gum*, Copernicia Cerifera (Carnauba) Wax*, Glycerin**, Cera Alba (Beeswax)*, Microcrystalline Cellulose, Cellulose Gum, Benzyl Alcohol, Dehydroacetic Acid, Sodium Hydroxide, Potassium Sorbate.<br \/>\n* Zutaten aus biologischem Anbau<br \/>\n** Hergestellt aus biologischen Zutaten  <\/p>\n<p>[\/cg_accordion]\n<p>&nbsp;<\/p>\n","protected":false},"featured_media":261530,"template":"","meta":{"_acf_changed":false},"product_brand":[564],"product_cat":[582],"product_tag":[],"class_list":{"0":"post-268635","1":"product","2":"type-product","3":"status-publish","4":"has-post-thumbnail","6":"product_brand-zao","7":"product_cat-wimperntusche","9":"first","10":"instock","11":"taxable","12":"shipping-taxable","13":"purchasable","14":"product-type-variable","15":"has-default-attributes"},"acf":[],"_links":{"self":[{"href":"https:\/\/healthyhead.dk\/de\/wp-json\/wp\/v2\/product\/268635","targetHints":{"allow":["GET"]}}],"collection":[{"href":"https:\/\/healthyhead.dk\/de\/wp-json\/wp\/v2\/product"}],"about":[{"href":"https:\/\/healthyhead.dk\/de\/wp-json\/wp\/v2\/types\/product"}],"version-history":[{"count":0,"href":"https:\/\/healthyhead.dk\/de\/wp-json\/wp\/v2\/product\/268635\/revisions"}],"wp:featuredmedia":[{"embeddable":true,"href":"https:\/\/healthyhead.dk\/de\/wp-json\/wp\/v2\/media\/261530"}],"wp:attachment":[{"href":"https:\/\/healthyhead.dk\/de\/wp-json\/wp\/v2\/media?parent=268635"}],"wp:term":[{"taxonomy":"product_brand","embeddable":true,"href":"https:\/\/healthyhead.dk\/de\/wp-json\/wp\/v2\/product_brand?post=268635"},{"taxonomy":"product_cat","embeddable":true,"href":"https:\/\/healthyhead.dk\/de\/wp-json\/wp\/v2\/product_cat?post=268635"},{"taxonomy":"product_tag","embeddable":true,"href":"https:\/\/healthyhead.dk\/de\/wp-json\/wp\/v2\/product_tag?post=268635"}],"curies":[{"name":"wp","href":"https:\/\/api.w.org\/{rel}","templated":true}]}}