{"id":268661,"date":"2024-10-12T15:09:13","date_gmt":"2024-10-12T15:09:13","guid":{"rendered":"https:\/\/new.healthyhead.dk\/vare\/zao-okologisk-volume-mascara-aloe-vera-7ml\/"},"modified":"2025-08-07T10:35:12","modified_gmt":"2025-08-07T10:35:12","slug":"zao-bio-volume-mascara-aloe-vera-7-ml","status":"publish","type":"product","link":"https:\/\/healthyhead.dk\/de\/produkt\/zao-bio-volume-mascara-aloe-vera-7-ml\/","title":{"rendered":"ZAO, Bio-Volume Mascara Aloe Vera, 7 ml"},"content":{"rendered":"","protected":false},"excerpt":{"rendered":"<p><img decoding=\"async\" class=\"\" src=\"\/wp-content\/uploads\/2024\/08\/Ingen-kemi.svg\" alt=\"\" width=\"45\" height=\"45\">Keine endokrinen Disruptoren<\/p>\n<p><img decoding=\"async\" class=\"\" src=\"\/wp-content\/uploads\/2024\/08\/Ingen-allergifremkaldende.svg\" alt=\"\" width=\"46\" height=\"46\">Keine allergenen Stoffe<\/p>\n<p><img decoding=\"async\" class=\"\" src=\"\/wp-content\/uploads\/2024\/08\/Ingen-miljoebelastende.svg\" width=\"46\" height=\"46\">Keine umweltsch\u00e4dlichen Stoffe<\/p>\n<p><img loading=\"lazy\" decoding=\"async\" class=\"\" src=\"\/wp-content\/uploads\/2024\/08\/Ingen-parfume.svg\" width=\"46\" height=\"46\">Kein Parf\u00fcm<\/p>\n<p>&nbsp;<\/p>\n[cg_accordion title=\"Beschreibung des Produkts\" open=\"open\"]<\/p>\n<p>Bio-Volumen-Mascara von French ZAO in einem sch\u00f6nen und umweltfreundlichen Bambusbeh\u00e4lter. Diese Wimperntusche enth\u00e4lt Aloe Vera und ist daher f\u00fcr den t\u00e4glichen Gebrauch geeignet, auch wenn Sie empfindliche Augen haben. Sie h\u00e4lt den ganzen Tag, ohne zu jucken oder die Augen zu reizen. Die mitgelieferte B\u00fcrste sorgt f\u00fcr zus\u00e4tzliches Volumen, und die Wimperntusche enth\u00e4lt Weizenprotein zur St\u00e4rkung der Wimpern.   <\/p>\n<ul>\n<li><b>Bio- und vegane<\/b> Wimperntusche<\/li>\n<li>Angereichert mit <b>Bio-Aloe Vera<\/b><\/li>\n<li>Geeignet f\u00fcr den <b>t\u00e4glichen Gebrauch<\/b> &#8211; kann den ganzen Tag lang sitzen, ohne zu jucken oder das Auge zu reizen<\/li>\n<li><b>Gut f\u00fcr beginnende und empfindliche Augen<\/b><\/li>\n<li>Basierend auf <b>100% nat\u00fcrlichen Inhaltsstoffen<\/b><\/li>\n<li><b>Frei von Parf\u00fcm<\/b> und riskanten Chemikalien<\/li>\n<li>Kann <b>immer wieder mit Nachf\u00fcllpackungen nachgef\u00fcllt<\/b> werden<\/li>\n<\/ul>\n<p><img loading=\"lazy\" decoding=\"async\" class=\"alignnone size-full wp-image-8916\" src=\"\/wp-content\/uploads\/2024\/08\/zao-certificeringer.jpg\" alt=\"\" width=\"479\" height=\"93\" srcset=\"https:\/\/i0.wp.com\/healthyhead.dk\/wp-content\/uploads\/2024\/08\/zao-certificeringer.jpg?w=479&amp;ssl=1 479w, https:\/\/i0.wp.com\/healthyhead.dk\/wp-content\/uploads\/2024\/08\/zao-certificeringer.jpg?resize=300%2C58&amp;ssl=1 300w, https:\/\/i0.wp.com\/healthyhead.dk\/wp-content\/uploads\/2024\/08\/zao-certificeringer.jpg?resize=441%2C86&amp;ssl=1 441w, https:\/\/i0.wp.com\/healthyhead.dk\/wp-content\/uploads\/2024\/08\/zao-certificeringer.jpg?resize=150%2C29&amp;ssl=1 150w\" sizes=\"(max-width: 479px) 100vw, 479px\" \/><br \/>\n[\/cg_accordion]\n[cg_accordion title=\"Tipps f\u00fcr die Verwendung\"]<\/p>\n<ul>\n<li>Arbeiten Sie zuerst an den oberen Wimpern, indem Sie die B\u00fcrste waagerecht n\u00e4her an der Wurzel halten und dann in einer Zickzackbewegung nach oben gehen. Konzentrieren Sie sich auf den \u00e4u\u00dferen Teil, um das Auge zu vergr\u00f6\u00dfern, oder auf die Mitte f\u00fcr einen offeneren Look. <\/li>\n<li>Wenn die B\u00fcrste zu voll ist, entfernen Sie \u00fcbersch\u00fcssige Wimperntusche mit einem St\u00fcck Papier, aber nicht am Rand der Tube.<\/li>\n<\/ul>\n<p>[\/cg_accordion]\n[cg_accordion title=\"Inhaltsstoffe\"]<\/p>\n<p><b>Bio-Aloe-Vera-Gel<\/b><\/p>\n<p>Das f\u00fcr seine beruhigenden Eigenschaften bekannte Bio-Aloe-Vera-Gel repariert und beruhigt die empfindlichste Augenpartie.<\/p>\n<p><b>Akazienkautschuk<\/b><\/p>\n<p>Akaziengummi, auch Gummiarabikum genannt, wird aus dem Harz des Akazienbaums Acacia Senegal gewonnen und als Klebstoff verwendet, um die Haltbarkeit von Zao Make-Up Eyeliner zu verbessern.<\/p>\n<p><b>Bio-Sheabutter<\/b><\/p>\n<p>Sheabutter wird aus Shean\u00fcssen gewonnen, einem Baum, der nur in den Savannen Westafrikas wild w\u00e4chst. Ihre Zusammensetzung, reich an Fetts\u00e4uren, verleiht ihr feuchtigkeitsspendende und n\u00e4hrende Eigenschaften. <\/p>\n<p><b>INCI-Liste:<\/b> Aloe Barbadensis Leaf Juice* ; Aqua (Wasser) ; Copernicia Cerifera (Carnauba) Wax* ; Caprylic\/capric Triglyceride ; Acacia Senegal Gum* ; Polyglyceryl-6 Distearate ; Glycerin, Glyceryl Behenate ; Sucrose Palmitate ; Argania Spinosa Kernel Oil* ; Behenyl Alcohol ; Simmondsia Chinensis (Jojoba) Seed Oil* ; Bambusa Vulgaris Leaf Extract* ; Helianthus Annuus (Sunflower) Seed Oil ; Sodium Levulinate, Citric Acid, Xanthan Gum, Sodium Anisate, Levulinic Acid, Glyceryl Caprylate, Tocopherol. Kann enthalten +\/-: Ci 77499 (Eisenoxide), Ci 77491 (Eisenoxide), Ci 77492 (Eisenoxide) * Zutaten aus biologischem Anbau. ** Verarbeitet aus biologischen Zutaten.<br \/>\n[\/cg_accordion]\n<p>&nbsp;<\/p>\n","protected":false},"featured_media":256098,"template":"","meta":{"_acf_changed":false},"product_brand":[564],"product_cat":[582],"product_tag":[],"class_list":{"0":"post-268661","1":"product","2":"type-product","3":"status-publish","4":"has-post-thumbnail","6":"product_brand-zao","7":"product_cat-wimperntusche","9":"first","10":"instock","11":"taxable","12":"shipping-taxable","13":"purchasable","14":"product-type-variable"},"acf":[],"_links":{"self":[{"href":"https:\/\/healthyhead.dk\/de\/wp-json\/wp\/v2\/product\/268661","targetHints":{"allow":["GET"]}}],"collection":[{"href":"https:\/\/healthyhead.dk\/de\/wp-json\/wp\/v2\/product"}],"about":[{"href":"https:\/\/healthyhead.dk\/de\/wp-json\/wp\/v2\/types\/product"}],"version-history":[{"count":0,"href":"https:\/\/healthyhead.dk\/de\/wp-json\/wp\/v2\/product\/268661\/revisions"}],"wp:featuredmedia":[{"embeddable":true,"href":"https:\/\/healthyhead.dk\/de\/wp-json\/wp\/v2\/media\/256098"}],"wp:attachment":[{"href":"https:\/\/healthyhead.dk\/de\/wp-json\/wp\/v2\/media?parent=268661"}],"wp:term":[{"taxonomy":"product_brand","embeddable":true,"href":"https:\/\/healthyhead.dk\/de\/wp-json\/wp\/v2\/product_brand?post=268661"},{"taxonomy":"product_cat","embeddable":true,"href":"https:\/\/healthyhead.dk\/de\/wp-json\/wp\/v2\/product_cat?post=268661"},{"taxonomy":"product_tag","embeddable":true,"href":"https:\/\/healthyhead.dk\/de\/wp-json\/wp\/v2\/product_tag?post=268661"}],"curies":[{"name":"wp","href":"https:\/\/api.w.org\/{rel}","templated":true}]}}