{"id":269271,"date":"2024-12-14T16:37:33","date_gmt":"2024-12-14T16:37:33","guid":{"rendered":"https:\/\/new.healthyhead.dk\/vare\/zao-okologisk-los-mineral-silk-pudder-foundation-refill-13-5-g\/"},"modified":"2025-10-19T16:10:14","modified_gmt":"2025-10-19T16:10:14","slug":"zao-lose-bio-mineral-silk-pudder-foundation-nachfuellpackung","status":"publish","type":"product","link":"https:\/\/healthyhead.dk\/de\/produkt\/zao-lose-bio-mineral-silk-pudder-foundation-nachfuellpackung\/","title":{"rendered":"ZAO, Lose Bio-Mineral Silk Pudder Foundation, Nachf\u00fcllpackung, 13,5 g"},"content":{"rendered":"","protected":false},"excerpt":{"rendered":"<p><img decoding=\"async\" class=\"\" src=\"\/wp-content\/uploads\/2024\/08\/Ingen-kemi.svg\" alt=\"\" width=\"45\" height=\"45\">Keine endokrinen Disruptoren<\/p>\n<p><img decoding=\"async\" class=\"\" src=\"\/wp-content\/uploads\/2024\/08\/Ingen-allergifremkaldende.svg\" alt=\"\" width=\"46\" height=\"46\">Keine allergenen Stoffe<\/p>\n<p><img decoding=\"async\" class=\"\" src=\"\/wp-content\/uploads\/2024\/08\/Ingen-miljoebelastende.svg\" width=\"46\" height=\"46\">Keine umweltsch\u00e4dlichen Stoffe<\/p>\n<p><img loading=\"lazy\" decoding=\"async\" class=\"\" src=\"\/wp-content\/uploads\/2024\/08\/indeholder-parfume.svg\" width=\"46\" height=\"46\">Enth\u00e4lt eine sehr geringe Menge an hypoallergenen und 100% nat\u00fcrlichen Duftstoffen<\/p>\n<p>&nbsp;<\/p>\n[cg_accordion title=\"Beschreibung des Produkts\" open=\"open\"]<\/p>\n<p>Nachf\u00fcllpackung f\u00fcr Mineral Silk Foundation von ZAO. Durch die Verwendung von Nachf\u00fcllpackungen k\u00f6nnen Sie Geld sparen und die Umwelt vor unn\u00f6tigen Verpackungen sch\u00fctzen. <\/p>\n<p><img loading=\"lazy\" decoding=\"async\" class=\"alignnone size-full wp-image-8916\" src=\"\/wp-content\/uploads\/2024\/08\/zao-certificeringer.jpg\" alt=\"\" width=\"479\" height=\"93\" srcset=\"https:\/\/i0.wp.com\/healthyhead.dk\/wp-content\/uploads\/2024\/08\/zao-certificeringer.jpg?w=479&amp;ssl=1 479w, https:\/\/i0.wp.com\/healthyhead.dk\/wp-content\/uploads\/2024\/08\/zao-certificeringer.jpg?resize=300%2C58&amp;ssl=1 300w, https:\/\/i0.wp.com\/healthyhead.dk\/wp-content\/uploads\/2024\/08\/zao-certificeringer.jpg?resize=441%2C86&amp;ssl=1 441w, https:\/\/i0.wp.com\/healthyhead.dk\/wp-content\/uploads\/2024\/08\/zao-certificeringer.jpg?resize=150%2C29&amp;ssl=1 150w\" sizes=\"(max-width: 479px) 100vw, 479px\" \/><br \/>\n[\/cg_accordion]\n[cg_accordion title=\"Tipps f\u00fcr die Verwendung\"]<\/p>\n<ul>\n<li>Geben Sie etwas Pulver in den Deckel des Bambusbeh\u00e4lters.<\/li>\n<li>\u00dcben Sie mit Ihrem Kabuki-Pinsel 701 leichten Druck aus, damit die Borsten den Puder aufnehmen k\u00f6nnen.<\/li>\n<li>Tragen Sie Ihre Mineral-Seide mit kreisenden Bewegungen von der Mitte nach au\u00dfen zu den Gesichtskonturen hin auf das Gesicht auf, um es zu verblenden.<\/li>\n<\/ul>\n<p>[\/cg_accordion]\n[cg_accordion title=\"Inhaltsstoffe\"]<\/p>\n<p><b>Bio-Reismehl<\/b><\/p>\n<p>Reismehl ist einer der \u00e4ltesten kosmetischen Inhaltsstoffe. Es hat die F\u00e4higkeit, die Haut zu mattieren, ohne die Poren zu verstopfen, indem es die Talgabsonderung reguliert. <\/p>\n<p><b>Bio-Maisst\u00e4rke<\/b><\/p>\n<p>Bio-Maisst\u00e4rke ist ein pflanzliches Mittel, das die Haftung des Puders auf der Haut und damit die Haltbarkeit des Make-ups verbessert. Es erleichtert die Verteilung der Pigmente und hilft, einen gleichm\u00e4\u00dfigen Hautton zu erhalten. <\/p>\n<p><b>Kakaobohnenextrakt<\/b><\/p>\n<p>Kakao hat die Eigenschaft, ein Antioxidans zu sein und wirkt den sch\u00e4dlichen Auswirkungen der Zeit entgegen. Er ist auch ein pflanzlicher Farbstoff. <\/p>\n<p><b>Bambus-Pulver<\/b><\/p>\n<p>Eine Art mineralstoffreiche Kiesels\u00e4ure, die aus Bambushalmen gewonnen wird. Dank ihres hohen Siliziumgehalts wirkt sie remineralisierend, feuchtigkeitsspendend und tr\u00e4gt zur Regeneration der Haut bei, w\u00e4hrend sie bei Mischhaut und fettiger Haut den Glanz reduziert. <\/p>\n<p><b>INCI-Liste:<\/b> Mica, Oryza Sativa (Reis)-Pulver*, Zea Mays (Mais)-St\u00e4rke*, Silica, Zinc Stearate, Theobroma Cacao (Kakao)-Samenextrakt, Tocopherol, Simmondsia Chinensis (Jojoba)-Samen\u00f6l*, Adansonia Digitata Seed Oil*, Sesamum Indicum (Sesam)-Samen\u00f6l*, Calcium Aluminium Borosilicate, Parfum (Duft), Lauroyl Lysine, Alpha-glucan Oligosaccharide, Bambusa Arundinacea Stem Powder, Ci 77820 (Silber), Caprylic\/capric Triglyceride, Theobroma Cacao (Cocoa) Extract. Kann enthalten +\/-: Ci 77891 (Titandioxid), Ci 77491 (Eisenoxide), Ci 77492 (Eisenoxide), Ci 77499 (Eisenoxide) * Zutaten aus \u00f6kologischem Landbau. <\/p>\n<p>[\/cg_accordion]\n<p>&nbsp;<\/p>\n","protected":false},"featured_media":258894,"template":"","meta":{"_acf_changed":false},"product_brand":[564,1185],"product_cat":[823],"product_tag":[],"class_list":{"0":"post-269271","1":"product","2":"type-product","3":"status-publish","4":"has-post-thumbnail","6":"product_brand-zao","7":"product_brand-zao-foundation-bb-cream-de","8":"product_cat-foundation-bb-cream","10":"first","11":"instock","12":"taxable","13":"shipping-taxable","14":"purchasable","15":"product-type-variable"},"acf":[],"_links":{"self":[{"href":"https:\/\/healthyhead.dk\/de\/wp-json\/wp\/v2\/product\/269271","targetHints":{"allow":["GET"]}}],"collection":[{"href":"https:\/\/healthyhead.dk\/de\/wp-json\/wp\/v2\/product"}],"about":[{"href":"https:\/\/healthyhead.dk\/de\/wp-json\/wp\/v2\/types\/product"}],"version-history":[{"count":2,"href":"https:\/\/healthyhead.dk\/de\/wp-json\/wp\/v2\/product\/269271\/revisions"}],"predecessor-version":[{"id":269491,"href":"https:\/\/healthyhead.dk\/de\/wp-json\/wp\/v2\/product\/269271\/revisions\/269491"}],"wp:featuredmedia":[{"embeddable":true,"href":"https:\/\/healthyhead.dk\/de\/wp-json\/wp\/v2\/media\/258894"}],"wp:attachment":[{"href":"https:\/\/healthyhead.dk\/de\/wp-json\/wp\/v2\/media?parent=269271"}],"wp:term":[{"taxonomy":"product_brand","embeddable":true,"href":"https:\/\/healthyhead.dk\/de\/wp-json\/wp\/v2\/product_brand?post=269271"},{"taxonomy":"product_cat","embeddable":true,"href":"https:\/\/healthyhead.dk\/de\/wp-json\/wp\/v2\/product_cat?post=269271"},{"taxonomy":"product_tag","embeddable":true,"href":"https:\/\/healthyhead.dk\/de\/wp-json\/wp\/v2\/product_tag?post=269271"}],"curies":[{"name":"wp","href":"https:\/\/api.w.org\/{rel}","templated":true}]}}