{"id":269345,"date":"2024-11-14T14:03:52","date_gmt":"2024-11-14T14:03:52","guid":{"rendered":"https:\/\/new.healthyhead.dk\/vare\/zao-okologisk-bb-cream-spf20\/"},"modified":"2025-09-06T11:29:37","modified_gmt":"2025-09-06T11:29:37","slug":"zao-bio-bb-cream-spf20","status":"publish","type":"product","link":"https:\/\/healthyhead.dk\/de\/produkt\/zao-bio-bb-cream-spf20\/","title":{"rendered":"ZAO, Bio BB Cream, SPF20"},"content":{"rendered":"","protected":false},"excerpt":{"rendered":"<p><img decoding=\"async\" class=\"\" src=\"\/wp-content\/uploads\/2024\/08\/Ingen-kemi.svg\" alt=\"\" width=\"45\" height=\"45\">Keine endokrinen Disruptoren<\/p>\n<p><img decoding=\"async\" class=\"\" src=\"\/wp-content\/uploads\/2024\/08\/Ingen-allergifremkaldende.svg\" alt=\"\" width=\"46\" height=\"46\">Keine allergenen Stoffe<\/p>\n<p><img decoding=\"async\" class=\"\" src=\"\/wp-content\/uploads\/2024\/08\/Ingen-miljoebelastende.svg\" width=\"46\" height=\"46\">Keine umweltsch\u00e4dlichen Stoffe<\/p>\n<p><img loading=\"lazy\" decoding=\"async\" class=\"\" src=\"\/wp-content\/uploads\/2024\/08\/indeholder-parfume.svg\" width=\"46\" height=\"46\">Enth\u00e4lt eine sehr geringe Menge an hypoallergenen und 100% nat\u00fcrlichen Duftstoffen<\/p>\n<p>&nbsp;<\/p>\n[cg_accordion title=\"Beschreibung des Produkts\" open=\"open\"]<\/p>\n<p>Biologische und vegane BB Cream von ZAO. Es ist ein 5 in 1 Produkt, das: <\/p>\n<ul>\n<li>Befeuchtet die Haut dank 3 Wirkstoffen (Fucocert, Pheohydrane und AQUAXYL\u2122)<\/li>\n<li>Sie tragen dazu bei, die Haut mit Feuchtigkeit zu versorgen, indem sie die nat\u00fcrlichen Feuchtigkeitsfaktoren (NMF: Natural Moisturising Factors) in der \u00e4u\u00dferen Hautschicht verst\u00e4rken.<\/li>\n<li>Ebenm\u00e4\u00dfiger Hautton und Verwischen von Unebenheiten und R\u00f6tungen.<\/li>\n<li>Gl\u00e4ttet die Haut.<\/li>\n<li>Verleiht ein nat\u00fcrliches Strahlen.<\/li>\n<li>Sch\u00fctzt die Haut vor der Sonne dank seiner mineralischen Filter nat\u00fcrlichen Ursprungs: SPF 20 &#8211; UVA UVB.<\/li>\n<\/ul>\n<p><img loading=\"lazy\" decoding=\"async\" class=\"alignnone size-full wp-image-8916\" src=\"\/wp-content\/uploads\/2024\/08\/zao-certificeringer.jpg\" alt=\"\" width=\"479\" height=\"93\" srcset=\"https:\/\/i0.wp.com\/healthyhead.dk\/wp-content\/uploads\/2024\/08\/zao-certificeringer.jpg?w=479&amp;ssl=1 479w, https:\/\/i0.wp.com\/healthyhead.dk\/wp-content\/uploads\/2024\/08\/zao-certificeringer.jpg?resize=300%2C58&amp;ssl=1 300w, https:\/\/i0.wp.com\/healthyhead.dk\/wp-content\/uploads\/2024\/08\/zao-certificeringer.jpg?resize=441%2C86&amp;ssl=1 441w, https:\/\/i0.wp.com\/healthyhead.dk\/wp-content\/uploads\/2024\/08\/zao-certificeringer.jpg?resize=150%2C29&amp;ssl=1 150w\" sizes=\"(max-width: 479px) 100vw, 479px\" \/><br \/>\n[\/cg_accordion]\n[cg_accordion title=\"Tipps f\u00fcr die Verwendung\"]<\/p>\n<ul>\n<li>Geben Sie eine kleine Menge der BB-Creme auf Ihren Handr\u00fccken.<\/li>\n<li>Erw\u00e4rmen Sie es mit den Fingerspitzen oder mit dem Teintpinsel.<\/li>\n<li>Dann von der Mitte des Gesichts nach au\u00dfen hin auftragen.<\/li>\n<\/ul>\n<p>[\/cg_accordion]\n[cg_accordion title=\"Inhaltsstoffe\"]<\/p>\n<p><b>3 feuchtigkeitsspendende Komplexe, Fucocert, Pheohydrane und AQUAXYL\u2122:<\/b><\/p>\n<p>Diese Wirkstoffe tragen dazu bei, die Haut mit Feuchtigkeit zu versorgen, indem sie die nat\u00fcrlichen Feuchthaltefaktoren (NMF: Natural Moisturising Factors) verst\u00e4rken und den unsichtbaren Wasserverlust dank der verst\u00e4rkten Synthese von Lipiden und Proteinen in der Hornschicht begrenzen. Die Haut erscheint sichtbar sch\u00f6ner, beruhigt und restrukturiert. <\/p>\n<p>&nbsp;<br \/>\n<b>Bio-Karanja\u00f6l:<\/b><\/p>\n<p>Dieses \u00d6l hat weichmachende Eigenschaften und ist gleichzeitig reich an reinigenden und sch\u00fctzenden Wirkstoffen. Es ist ideal f\u00fcr die empfindlichste Haut. <\/p>\n<p>&nbsp;<br \/>\n<b>Bio-Bambusextrakt:<\/b><\/p>\n<p>Sie ist reich an organischer Kiesels\u00e4ure, die die Bildung von Kollagen- und Elastinfasern anregt und der Haut hilft, ihre Festigkeit und Elastizit\u00e4t wiederzuerlangen und den Feuchtigkeitsgehalt zu erhalten.<\/p>\n<p>&nbsp;<br \/>\n<b>INCI-Liste:<\/b> Bambusa Vulgaris Leaf Extract*, Aqua (Water) , Pongamia Glabra Seed Oil*, Aloe Barbadensis Leaf Juice*, Glycerin, Zinc Oxide, Polyglyceryl-6 Stearate, Caprylic\/capric Triglyceride, Oleyl Erucate, Xylitylglucoside, Glyceryl Behenate, Phenethyl Alcohol, Hydrolysed Algin, Maris Aqua (Sea Water) , Chlorella Vulgaris Extract, Tocopherol, Helianthus Annuus (Sunflower) Seed Oil, Biosaccharide Gum-1, Anhydroxylitol, Xylitol, Glycine Soja Oil, Triheptanoin, Citric Acid, Sodium Citrate, Parfum (Fragrance), Polyglyceryl-6 Behenate, Glyceryl Isostearate, Xanthan Gum, Polyhydroxystearic Acid, Glyceryl Caprylate, Sodium Phytate, Sodium Levulinate, Sodium Anisate, Alcohol, Ci 77820 (Silver) . Kann enthalten (+\/-): Ci 77492 (Eisenoxide), Ci 77891 (Titanium Dioxide), Ci 77491 (Eisenoxide), Ci 77499 (Eisenoxide). *Inhaltsstoffe aus \u00f6kologischem Landbau.  <\/p>\n<p>[\/cg_accordion]\n","protected":false},"featured_media":257234,"template":"","meta":{"_acf_changed":false},"product_brand":[564],"product_cat":[823],"product_tag":[],"class_list":{"0":"post-269345","1":"product","2":"type-product","3":"status-publish","4":"has-post-thumbnail","6":"product_brand-zao","7":"product_cat-foundation-bb-cream","9":"first","10":"instock","11":"taxable","12":"shipping-taxable","13":"purchasable","14":"product-type-variable"},"acf":[],"_links":{"self":[{"href":"https:\/\/healthyhead.dk\/de\/wp-json\/wp\/v2\/product\/269345","targetHints":{"allow":["GET"]}}],"collection":[{"href":"https:\/\/healthyhead.dk\/de\/wp-json\/wp\/v2\/product"}],"about":[{"href":"https:\/\/healthyhead.dk\/de\/wp-json\/wp\/v2\/types\/product"}],"version-history":[{"count":0,"href":"https:\/\/healthyhead.dk\/de\/wp-json\/wp\/v2\/product\/269345\/revisions"}],"wp:featuredmedia":[{"embeddable":true,"href":"https:\/\/healthyhead.dk\/de\/wp-json\/wp\/v2\/media\/257234"}],"wp:attachment":[{"href":"https:\/\/healthyhead.dk\/de\/wp-json\/wp\/v2\/media?parent=269345"}],"wp:term":[{"taxonomy":"product_brand","embeddable":true,"href":"https:\/\/healthyhead.dk\/de\/wp-json\/wp\/v2\/product_brand?post=269345"},{"taxonomy":"product_cat","embeddable":true,"href":"https:\/\/healthyhead.dk\/de\/wp-json\/wp\/v2\/product_cat?post=269345"},{"taxonomy":"product_tag","embeddable":true,"href":"https:\/\/healthyhead.dk\/de\/wp-json\/wp\/v2\/product_tag?post=269345"}],"curies":[{"name":"wp","href":"https:\/\/api.w.org\/{rel}","templated":true}]}}