{"id":269391,"date":"2024-10-15T12:22:09","date_gmt":"2024-10-15T12:22:09","guid":{"rendered":"https:\/\/new.healthyhead.dk\/vare\/zao-okologisk-mineral-cooked-powder-bronzer-15-g\/"},"modified":"2025-09-06T11:36:11","modified_gmt":"2025-09-06T11:36:11","slug":"zao-bio-mineral-cooked-powder-bronzer-15-g","status":"publish","type":"product","link":"https:\/\/healthyhead.dk\/de\/produkt\/zao-bio-mineral-cooked-powder-bronzer-15-g\/","title":{"rendered":"ZAO, Bio Mineral Cooked Powder, Bronzer, 15 g"},"content":{"rendered":"","protected":false},"excerpt":{"rendered":"<p><img decoding=\"async\" class=\"\" src=\"\/wp-content\/uploads\/2024\/08\/Ingen-kemi.svg\" alt=\"\" width=\"45\" height=\"45\">Keine endokrinen Disruptoren<\/p>\n<p><img decoding=\"async\" class=\"\" src=\"\/wp-content\/uploads\/2024\/08\/Ingen-allergifremkaldende.svg\" alt=\"\" width=\"46\" height=\"46\">Keine allergenen Stoffe<\/p>\n<p><img decoding=\"async\" class=\"\" src=\"\/wp-content\/uploads\/2024\/08\/Ingen-miljoebelastende.svg\" width=\"46\" height=\"46\">Keine umweltsch\u00e4dlichen Stoffe<\/p>\n<p><img loading=\"lazy\" decoding=\"async\" class=\"\" src=\"\/wp-content\/uploads\/2024\/08\/indeholder-parfume.svg\" width=\"46\" height=\"46\">Enth\u00e4lt eine sehr geringe Menge an hypoallergenen und 100% nat\u00fcrlichen Duftstoffen<\/p>\n<p>&nbsp;<\/p>\n[cg_accordion title=\"Beschreibung des Produkts\" open=\"open\"]<\/p>\n<p>Bio- und vegan-zertifiziertes gekochtes Mineralpulver von ZAO aus Frankreich. Der Puder verleiht einen sch\u00f6nen, nat\u00fcrlichen Glanz und verleiht dem Gesicht Textur. Erm\u00f6glicht es, das ganze Jahr \u00fcber braun zu werden. Enth\u00e4lt biologisches Rizinus\u00f6l, das sowohl n\u00e4hrende als auch feuchtigkeitsspendende Eigenschaften hat. W\u00e4hlen Sie unten den gew\u00fcnschten Farbton.     <\/p>\n<ul>\n<li><strong>Bio- und vegan-zertifiziertes<\/strong> Mineralpulver<\/li>\n<li>Erm\u00f6glicht es Ihnen, <strong>das ganze Jahr \u00fcber braun zu werden<\/strong><\/li>\n<li>Angereichert mit <strong>Bio-Rizinus\u00f6l<\/strong>, das der Haut Feuchtigkeit spendet und sie sch\u00fctzt<\/li>\n<li><strong>Frei von gef\u00e4hrlichen Chemikalien<\/strong><\/li>\n<li>M\u00f6glichkeit des <strong>Nachf\u00fcllens mit einer Nachf\u00fcllpackung<\/strong><\/li>\n<\/ul>\n<p><img loading=\"lazy\" decoding=\"async\" class=\"alignnone size-full wp-image-8916\" src=\"\/wp-content\/uploads\/2024\/08\/zao-certificeringer.jpg\" alt=\"\" width=\"479\" height=\"93\" srcset=\"https:\/\/i0.wp.com\/healthyhead.dk\/wp-content\/uploads\/2024\/08\/zao-certificeringer.jpg?w=479&amp;ssl=1 479w, https:\/\/i0.wp.com\/healthyhead.dk\/wp-content\/uploads\/2024\/08\/zao-certificeringer.jpg?resize=300%2C58&amp;ssl=1 300w, https:\/\/i0.wp.com\/healthyhead.dk\/wp-content\/uploads\/2024\/08\/zao-certificeringer.jpg?resize=441%2C86&amp;ssl=1 441w, https:\/\/i0.wp.com\/healthyhead.dk\/wp-content\/uploads\/2024\/08\/zao-certificeringer.jpg?resize=150%2C29&amp;ssl=1 150w\" sizes=\"(max-width: 479px) 100vw, 479px\" \/><br \/>\n[\/cg_accordion]\n[cg_accordion title=\"Tipps f\u00fcr die Verwendung\"]<\/p>\n<p>Tragen Sie den Puder mit dem 703 Blush Brush entlang der Gesichtskonturen auf und zeichnen Sie dabei auf jeder Seite die Zahl 3 ein: Beginnen Sie oben auf der Stirn, folgen Sie dem Haaransatz und arbeiten Sie sich entlang der Wangenknochenkurve nach unten, bis Sie am Kieferansatz enden.<\/p>\n<p>[\/cg_accordion]\n[cg_accordion title=\"Inhaltsstoffe\"]<\/p>\n<p><b>Bio-Maisst\u00e4rke<\/b><\/p>\n<p>Die organische Maisst\u00e4rke ist ein pflanzlicher Tr\u00e4gerstoff, der eine bessere Haftung des Puders auf der Haut erm\u00f6glicht und so die Haltbarkeit des Make-ups verbessert. Sie erleichtert die Dispersion der Pigmente und tr\u00e4gt somit zur Konsistenz des Teints auf der Haut bei. <\/p>\n<p><b>Pflanzliches Squalen<\/b><\/p>\n<p>Das aus Oliven\u00f6l gewonnene pflanzliche Squalen ist ein Derivat von Squalen, das ein nat\u00fcrlicher Bestandteil des menschlichen Talgs ist. Seine hervorragende Affinit\u00e4t zur Haut, die auf seine \u00c4hnlichkeit mit den nat\u00fcrlichen Hautfetten zur\u00fcckzuf\u00fchren ist, und seine erweichenden Eigenschaften machen es zu einem idealen Wirkstoff. Es st\u00e4rkt die Hydrolipidbarriere der Haut, macht sie weicher und sch\u00fctzt sie vor Austrocknung.  <\/p>\n<p><b>Bio-Rizinus\u00f6l<\/b><\/p>\n<p>Dieses \u00d6l ist interessant, weil es ein Weichmacher ist, der die Haut geschmeidig macht. Es ist auch feuchtigkeitsspendend, was den Wassergehalt der Haut erh\u00f6ht und sie weich und geschmeidig h\u00e4lt. <\/p>\n<p><b>Bambus-Pulver<\/b><\/p>\n<p>Es handelt sich um eine wei\u00dfe Substanz, die aus Bambusknochen gewonnen wird. Dank ihres hohen Siliziumgehalts wirkt sie remineralisierend, feuchtigkeitsspendend und tr\u00e4gt zur Regeneration der Haut bei, w\u00e4hrend sie den Glanz von Mischhaut und fettiger Haut reduziert. <\/p>\n<p><b>INCI-Liste:<\/b> Mica, Zea Mays (Corn) Starch*, Zinc Stearate, Polyglyceryl-3 Diisostearate, Octyldodecanol, Octyldodecyl Stearoyl Stearate, Magnesium Aluminium Silicate, Tocopherol, Glycerin, Bambusa Arundinacea Stem Powder, Helianthus Annuus (Sonnenblume) Seed Oil*, Aqua (Wasser), Sucrose Tristearate, Adansonia Digitata (Baobab) Seed Oil*, Parfum (Parf\u00fcm), Ci 77820 (Silber), Sodium Anisate, Sodium Levulinate, Bambusa Arundinacea (Bamboo) Stem Extract*. Kann enthalten +\/-: Ci 77891 (Titandioxid), Ci 77491 (Eisenoxide), Ci 77492 (Eisenoxide), Ci 77499 (Eisenoxide). *Inhaltsstoffe aus \u00f6kologischem Landbau.  <\/p>\n<p>[\/cg_accordion]\n<p>&nbsp;[:]<\/p>\n","protected":false},"featured_media":256586,"template":"","meta":{"_acf_changed":false},"product_brand":[564],"product_cat":[839],"product_tag":[],"class_list":{"0":"post-269391","1":"product","2":"type-product","3":"status-publish","4":"has-post-thumbnail","6":"product_brand-zao","7":"product_cat-puder","9":"first","10":"instock","11":"taxable","12":"shipping-taxable","13":"purchasable","14":"product-type-variable"},"acf":[],"_links":{"self":[{"href":"https:\/\/healthyhead.dk\/de\/wp-json\/wp\/v2\/product\/269391","targetHints":{"allow":["GET"]}}],"collection":[{"href":"https:\/\/healthyhead.dk\/de\/wp-json\/wp\/v2\/product"}],"about":[{"href":"https:\/\/healthyhead.dk\/de\/wp-json\/wp\/v2\/types\/product"}],"version-history":[{"count":1,"href":"https:\/\/healthyhead.dk\/de\/wp-json\/wp\/v2\/product\/269391\/revisions"}],"predecessor-version":[{"id":269520,"href":"https:\/\/healthyhead.dk\/de\/wp-json\/wp\/v2\/product\/269391\/revisions\/269520"}],"wp:featuredmedia":[{"embeddable":true,"href":"https:\/\/healthyhead.dk\/de\/wp-json\/wp\/v2\/media\/256586"}],"wp:attachment":[{"href":"https:\/\/healthyhead.dk\/de\/wp-json\/wp\/v2\/media?parent=269391"}],"wp:term":[{"taxonomy":"product_brand","embeddable":true,"href":"https:\/\/healthyhead.dk\/de\/wp-json\/wp\/v2\/product_brand?post=269391"},{"taxonomy":"product_cat","embeddable":true,"href":"https:\/\/healthyhead.dk\/de\/wp-json\/wp\/v2\/product_cat?post=269391"},{"taxonomy":"product_tag","embeddable":true,"href":"https:\/\/healthyhead.dk\/de\/wp-json\/wp\/v2\/product_tag?post=269391"}],"curies":[{"name":"wp","href":"https:\/\/api.w.org\/{rel}","templated":true}]}}