{"id":269415,"date":"2024-10-13T14:25:48","date_gmt":"2024-10-13T14:25:48","guid":{"rendered":"https:\/\/new.healthyhead.dk\/vare\/zao-okologisk-compact-powder-pudder-9-g\/"},"modified":"2026-02-20T12:13:38","modified_gmt":"2026-02-20T12:13:38","slug":"zao-bio-compact-powder-puder-9-g","status":"publish","type":"product","link":"https:\/\/healthyhead.dk\/de\/produkt\/zao-bio-compact-powder-puder-9-g\/","title":{"rendered":"ZAO, Bio Compact Powder, Puder, 9 g"},"content":{"rendered":"","protected":false},"excerpt":{"rendered":"<p><img decoding=\"async\" class=\"\" src=\"\/wp-content\/uploads\/2024\/08\/Ingen-kemi.svg\" alt=\"\" width=\"45\" height=\"45\">Keine hormonst\u00f6renden Substanzen<\/p>\n<p><img decoding=\"async\" class=\"\" src=\"\/wp-content\/uploads\/2024\/08\/Ingen-allergifremkaldende.svg\" alt=\"\" width=\"46\" height=\"46\">Keine allergieausl\u00f6senden Stoffe<\/p>\n<p><img decoding=\"async\" class=\"\" src=\"\/wp-content\/uploads\/2024\/08\/Ingen-miljoebelastende.svg\" width=\"46\" height=\"46\">Keine umweltbelastenden Stoffe<\/p>\n<p><img loading=\"lazy\" decoding=\"async\" class=\"\" src=\"\/wp-content\/uploads\/2024\/08\/indeholder-parfume.svg\" width=\"46\" height=\"46\">Enth\u00e4lt eine sehr geringe Menge an hypoallergenen und 100% nat\u00fcrlichen Duftstoffen<\/p>\n<p>&nbsp;<\/p>\n[cg_accordion title=\"Beschreibung des Produkts\" open=\"open\"]<\/p>\n<p>Bio- und vegan-zertifiziertes Kompakt-Pulver aus Frankreich von ZAO. Mit ZAO Compact Powder k\u00f6nnen Sie Ihr Make-up fixieren und den Glanz reduzieren, so dass Ihre Haut den ganzen Tag lang ebenm\u00e4\u00dfig, seidig glatt und nat\u00fcrlich sch\u00f6n bleibt. Dieser feste Puder verleiht ein nat\u00fcrliches und raffiniertes Aussehen. Enth\u00e4lt n\u00e4hrende Inhaltsstoffe wie Bio-Shea- und Kakaobutter, die der Haut Feuchtigkeit spenden und sie sch\u00fctzen.<\/p>\n<ul>\n<li><b>Bio- und vegan-zertifiziertes Pulver<\/b><\/li>\n<li>Angereichert mit <b>Bio-Shea- und Kakaobutter<\/b>, die die Haut mit Feuchtigkeit versorgt und sch\u00fctzt<\/li>\n<li>Frei von gef\u00e4hrlichen Chemikalien<\/li>\n<li>M\u00f6glichkeit des <b>Nachf\u00fcllens mit einer Nachf\u00fcllpackung<\/b><\/li>\n<li><span style=\"color: #000000;\"><strong>Die im Video gezeigte Farbe ist 303 Brown Beige<\/strong><\/span><\/li>\n<\/ul>\n<p><img loading=\"lazy\" decoding=\"async\" class=\"alignnone size-full wp-image-8916\" src=\"\/wp-content\/uploads\/2024\/08\/zao-certificeringer.jpg\" alt=\"\" width=\"479\" height=\"93\" srcset=\"https:\/\/i0.wp.com\/healthyhead.dk\/wp-content\/uploads\/2024\/08\/zao-certificeringer.jpg?w=479&amp;ssl=1 479w, https:\/\/i0.wp.com\/healthyhead.dk\/wp-content\/uploads\/2024\/08\/zao-certificeringer.jpg?resize=300%2C58&amp;ssl=1 300w, https:\/\/i0.wp.com\/healthyhead.dk\/wp-content\/uploads\/2024\/08\/zao-certificeringer.jpg?resize=441%2C86&amp;ssl=1 441w, https:\/\/i0.wp.com\/healthyhead.dk\/wp-content\/uploads\/2024\/08\/zao-certificeringer.jpg?resize=150%2C29&amp;ssl=1 150w\" sizes=\"(max-width: 479px) 100vw, 479px\" \/><br \/>\n[\/cg_accordion]\n[cg_accordion title=\"Anwendungstipps\"]<\/p>\n<p>Tragen Sie den Rougepinsel auf. Beginnen Sie unter dem Wangenknochen in der N\u00e4he des Ohrs und bewegen Sie sich zur Mitte des Gesichts.<\/p>\n<p>[\/cg_accordion]\n[cg_accordion title=\"Inhaltsstoffe\"]<\/p>\n<p><b>Kieselerde<\/b><\/p>\n<p>Das Mineral Silica ist f\u00fcr seine einzigartige Absorptionsf\u00e4higkeit bekannt und tr\u00e4gt zur Regeneration des Talgs und zur Feuchtigkeitsversorgung der Haut bei. Kieselerde verleiht der Haut ein mattes und samtiges Gef\u00fchl und gl\u00e4ttet Falten und Unebenheiten. <\/p>\n<p><b>Bambus-Pulver<\/b><\/p>\n<p>Wei\u00dfe Substanz, die aus Bambusrohren gewonnen wird. Dank ihres hohen Kiesels\u00e4uregehalts remineralisiert sie, spendet Feuchtigkeit und tr\u00e4gt zur Regeneration Ihrer Haut bei, w\u00e4hrend sie bei Mischhaut und fettiger Haut den Glanz reduziert. <\/p>\n<p><b>Bio-Sheabutter<\/b><\/p>\n<p>Sheabutter wird aus der Sheanuss gewonnen, einem Baum, der nur in den Savannen Westafrikas wild w\u00e4chst. Ihre Zusammensetzung, die reich an Fetts\u00e4uren ist, verleiht ihr feuchtigkeitsspendende und n\u00e4hrende Eigenschaften. <\/p>\n<p><b>Bio-Kakaobutter<\/b><\/p>\n<p>Kakaobutter sch\u00fctzt die Haut vor \u00e4u\u00dferen Einfl\u00fcssen. Sie hilft, die Feuchtigkeit zu bewahren, da sie den Wasserverlust verlangsamt, indem sie eine Barriere auf der Oberfl\u00e4che der Epidermis bildet. In Afrika wird sie schon seit Jahrhunderten als vorbeugende Pflege verwendet, um die Haut geschmeidig zu halten und um Trockenheit zu behandeln.  <\/p>\n<p><b>INCI-Liste:<\/b> Mica, Zea Mays (Mais)-St\u00e4rke*, Silica, Zinkstearat, Squalan, Parfum (Duft), Tocopherol, Lauroyl Lysin, Butyrospermum Parkii (Shea)-Butter*, Theobroma Cacao (Kakao)-Samenbutter*, Aqua (Wasser), Glycerin, Sodium Anisate, Sodium Levulinate, ci 77820 (silber), theobroma cacao (cocoa) seed extract, bambusa arundinacea stem powder, ilex paraguariensis leaf extract*, maltodextrin, ginkgo biloba leaf extract, haematococcus pluvialis extract, alcohol, maris aqua (Meerwasser). Kann enthalten +\/-: ci 77891 (Titandioxid), ci 77491 (Eisenoxide), ci 77492 (Eisenoxide), ci 77499 (Eisenoxide), ci 77007 (Ultramarin), ci 77742 (Manganviolett). * Zutaten aus biologischem Anbau.  <\/p>\n<p>[\/cg_accordion]\n<p>&nbsp;<\/p>\n","protected":false},"featured_media":256634,"template":"","meta":{"_acf_changed":false},"product_brand":[564,1314],"product_cat":[839],"product_tag":[],"class_list":{"0":"post-269415","1":"product","2":"type-product","3":"status-publish","4":"has-post-thumbnail","6":"product_brand-zao","7":"product_brand-zao-pulver","8":"product_cat-puder","10":"first","11":"instock","12":"taxable","13":"shipping-taxable","14":"purchasable","15":"product-type-variable","16":"has-default-attributes"},"acf":[],"_links":{"self":[{"href":"https:\/\/healthyhead.dk\/de\/wp-json\/wp\/v2\/product\/269415","targetHints":{"allow":["GET"]}}],"collection":[{"href":"https:\/\/healthyhead.dk\/de\/wp-json\/wp\/v2\/product"}],"about":[{"href":"https:\/\/healthyhead.dk\/de\/wp-json\/wp\/v2\/types\/product"}],"version-history":[{"count":2,"href":"https:\/\/healthyhead.dk\/de\/wp-json\/wp\/v2\/product\/269415\/revisions"}],"predecessor-version":[{"id":308243,"href":"https:\/\/healthyhead.dk\/de\/wp-json\/wp\/v2\/product\/269415\/revisions\/308243"}],"wp:featuredmedia":[{"embeddable":true,"href":"https:\/\/healthyhead.dk\/de\/wp-json\/wp\/v2\/media\/256634"}],"wp:attachment":[{"href":"https:\/\/healthyhead.dk\/de\/wp-json\/wp\/v2\/media?parent=269415"}],"wp:term":[{"taxonomy":"product_brand","embeddable":true,"href":"https:\/\/healthyhead.dk\/de\/wp-json\/wp\/v2\/product_brand?post=269415"},{"taxonomy":"product_cat","embeddable":true,"href":"https:\/\/healthyhead.dk\/de\/wp-json\/wp\/v2\/product_cat?post=269415"},{"taxonomy":"product_tag","embeddable":true,"href":"https:\/\/healthyhead.dk\/de\/wp-json\/wp\/v2\/product_tag?post=269415"}],"curies":[{"name":"wp","href":"https:\/\/api.w.org\/{rel}","templated":true}]}}