{"id":269724,"date":"2024-12-23T11:20:46","date_gmt":"2024-12-23T11:20:46","guid":{"rendered":"https:\/\/new.healthyhead.dk\/vare\/t-shirt-anti-putin-rusland-stop-krig-i-ukraine-oversized-box-fit\/"},"modified":"2025-09-07T13:05:15","modified_gmt":"2025-09-07T13:05:15","slug":"t-shirt-anti-putin-russland-stop-war-in-ukraine-oversized-box-fit","status":"publish","type":"product","link":"https:\/\/healthyhead.dk\/de\/produkt\/t-shirt-anti-putin-russland-stop-war-in-ukraine-oversized-box-fit\/","title":{"rendered":"T-Shirt, Anti Putin, Russland stoppt Krieg in der Ukraine, \u00dcbergr\u00f6\u00dfe Box Fit, R\u00fcckendruck"},"content":{"rendered":"","protected":false},"excerpt":{"rendered":"<p><img decoding=\"async\" class=\"alignnone wp-image-7519\" src=\"\/wp-content\/uploads\/2024\/08\/Oeko-tex.svg\" alt=\"OEKO-tex\" width=\"46\" height=\"45\">OEKO-tex-zertifizierter Druck ohne sch\u00e4dliche Chemikalien<\/p>\n<p><img decoding=\"async\" class=\"alignnone wp-image-7520\" src=\"\/wp-content\/uploads\/2024\/08\/Forvasket.svg\" alt=\"Vorgewaschen\" width=\"46\" height=\"45\">Vorgewaschen zur Minimierung der Schrumpfung<\/p>\n<p><img decoding=\"async\" class=\"alignnone wp-image-7533\" src=\"\/wp-content\/uploads\/2024\/08\/GOTS-.svg\" alt=\"GOTS\" width=\"46\" height=\"45\">GOTS-zertifiziertes Bio-T-Shirt<\/p>\n<p>&nbsp;<\/p>\n[cg_accordion title=\"Beschreibung\" open=\"open\"]<\/p>\n<p>Mit diesem T-Shirt k\u00f6nnen Sie Ihren Protest gegen die autorit\u00e4re Herrschaft Wladimir Putins und den Missbrauch der Ukraine zum Ausdruck bringen. Die Illustration stammt von dem lettischen K\u00fcnstler Kriss Salmanis. Ein \u00e4hnliches Poster h\u00e4ngt vor der russischen Botschaft in der lettischen Hauptstadt Riga, in einem Museum f\u00fcr Medizingeschichte. Auf dem T-Shirt ist der Text &#8222;Du erntest, was du s\u00e4st&#8220; zu lesen, was der Redewendung &#8222;Du erntest, was du s\u00e4st&#8220; entspricht.  <\/p>\n<p>Das T-Shirt hat eine \u00fcbergro\u00dfe Passform und ist bio-zertifiziert. Es hat einen d\u00e4nischen Qualit\u00e4tsdruck, der OEKO-TEX-zertifiziert ist. <\/p>\n<ul>\n<li><b>Passform:<\/b> Oversized Box Fit mit 2 cm mehr L\u00e4nge f\u00fcr l\u00e4ngere Haltbarkeit<\/li>\n<li><b>Material:<\/b> 100% GOTS-zertifizierte Bio-Baumwolle, 190 g\/m\u00b2<\/li>\n<li><b>Schrumpfen:<\/b> Das T-Shirt ist &#8218;vorgewaschen&#8216; und schrumpft daher nur minimal, wenn die Waschanleitung befolgt wird.<\/li>\n<li><b>Druck:<\/b> D\u00e4nischer OEKO-tex zertifizierter Qualit\u00e4tsdruck ohne riskante Chemikalien<\/li>\n<\/ul>\n<p>[\/cg_accordion]\n[cg_accordion title=\"Waschanleitung\"]<\/p>\n<p>Wir empfehlen, das T-Shirt bei 30 Grad zu waschen und nicht im Trockner zu trocknen, um die Umwelt zu sch\u00fctzen und die Lebensdauer des T-Shirts zu verl\u00e4ngern.<\/p>\n<p><img loading=\"lazy\" decoding=\"async\" class=\"wp-image-7353 alignleft\" src=\"\/wp-content\/uploads\/2024\/08\/Vaskeanvisning-305-t-shirt.svg\" alt=\"Waschanleitung-305 t-shirt\" width=\"270\" height=\"54\" srcset=\"https:\/\/healthyhead.dk\/wp-content\/uploads\/Vaskeanvisning-305-t-shirt.svg 150w, https:\/\/healthyhead.dk\/wp-content\/uploads\/Vaskeanvisning-305-t-shirt.svg 300w, https:\/\/healthyhead.dk\/wp-content\/uploads\/Vaskeanvisning-305-t-shirt.svg 768w, https:\/\/healthyhead.dk\/wp-content\/uploads\/Vaskeanvisning-305-t-shirt.svg 1024w, https:\/\/healthyhead.dk\/wp-content\/uploads\/Vaskeanvisning-305-t-shirt.svg 1230w\" sizes=\"(max-width: 270px) 100vw, 270px\" \/><\/p>\n<p>&nbsp;<\/p>\n<p>&nbsp;<\/p>\n<p>[\/cg_accordion]\n","protected":false},"featured_media":291754,"template":"","meta":{"_acf_changed":false},"product_brand":[],"product_cat":[720,704],"product_tag":[],"class_list":{"0":"post-269724","1":"product","2":"type-product","3":"status-publish","4":"has-post-thumbnail","6":"product_cat-ukraine-t-shirts","7":"product_cat-zeige-deine-unterstuetzung-fuer-die-ukraine","8":"pa_size-xx-small-de","9":"pa_size-x-small-de","10":"pa_size-small-de","11":"pa_size-medium-de","12":"pa_size-large-de","13":"pa_size-x-large-de","14":"pa_size-xx-large-de","15":"pa_size-3x-large-de","17":"first","18":"instock","19":"taxable","20":"shipping-taxable","21":"purchasable","22":"product-type-variable"},"acf":[],"_links":{"self":[{"href":"https:\/\/healthyhead.dk\/de\/wp-json\/wp\/v2\/product\/269724","targetHints":{"allow":["GET"]}}],"collection":[{"href":"https:\/\/healthyhead.dk\/de\/wp-json\/wp\/v2\/product"}],"about":[{"href":"https:\/\/healthyhead.dk\/de\/wp-json\/wp\/v2\/types\/product"}],"version-history":[{"count":2,"href":"https:\/\/healthyhead.dk\/de\/wp-json\/wp\/v2\/product\/269724\/revisions"}],"predecessor-version":[{"id":271403,"href":"https:\/\/healthyhead.dk\/de\/wp-json\/wp\/v2\/product\/269724\/revisions\/271403"}],"wp:featuredmedia":[{"embeddable":true,"href":"https:\/\/healthyhead.dk\/de\/wp-json\/wp\/v2\/media\/291754"}],"wp:attachment":[{"href":"https:\/\/healthyhead.dk\/de\/wp-json\/wp\/v2\/media?parent=269724"}],"wp:term":[{"taxonomy":"product_brand","embeddable":true,"href":"https:\/\/healthyhead.dk\/de\/wp-json\/wp\/v2\/product_brand?post=269724"},{"taxonomy":"product_cat","embeddable":true,"href":"https:\/\/healthyhead.dk\/de\/wp-json\/wp\/v2\/product_cat?post=269724"},{"taxonomy":"product_tag","embeddable":true,"href":"https:\/\/healthyhead.dk\/de\/wp-json\/wp\/v2\/product_tag?post=269724"}],"curies":[{"name":"wp","href":"https:\/\/api.w.org\/{rel}","templated":true}]}}