{"id":271323,"date":"2024-12-04T10:56:30","date_gmt":"2024-12-04T10:56:30","guid":{"rendered":"https:\/\/new.healthyhead.dk\/vare\/t-shirt-make-russia-small-again-zelensky\/"},"modified":"2025-09-07T12:52:29","modified_gmt":"2025-09-07T12:52:29","slug":"t-shirt-make-russia-small-again-zelensky","status":"publish","type":"product","link":"https:\/\/healthyhead.dk\/de\/produkt\/t-shirt-make-russia-small-again-zelensky\/","title":{"rendered":"T-shirt, Make Russia Small Again, Zelensky"},"content":{"rendered":"","protected":false},"excerpt":{"rendered":"<p><img decoding=\"async\" class=\"alignnone wp-image-7519\" src=\"\/wp-content\/uploads\/2024\/08\/Oeko-tex.svg\" alt=\"OEKO-tex\" width=\"46\" height=\"45\">OEKO-tex-zertifizierter Druck ohne sch\u00e4dliche Chemikalien<\/p>\n<p><img decoding=\"async\" class=\"alignnone wp-image-7520\" src=\"\/wp-content\/uploads\/2024\/08\/Forvasket.svg\" alt=\"Vorgewaschen\" width=\"46\" height=\"45\">Vorgewaschen zur Minimierung der Schrumpfung<\/p>\n<p><img decoding=\"async\" class=\"alignnone wp-image-7533\" src=\"\/wp-content\/uploads\/2024\/08\/GOTS-.svg\" alt=\"GOTS\" width=\"46\" height=\"45\">GOTS-zertifiziertes Bio-T-Shirt<\/p>\n<p>&nbsp;<\/p>\n[cg_accordion title=\"Beschreibung\" open=\"open\"]<\/p>\n<div class=\"woocommerce-product-details__short-description\">In einem Instagram-Video machte der ukrainische Pr\u00e4sident Wolodymyr Zelensky k\u00fcrzlich Schlagzeilen, als er ein auff\u00e4lliges, symbolisches T-Shirt mit der Aufschrift &#8222;Make Russia Small Again&#8220; trug. Dieses auff\u00e4llige Bild hat die Aufmerksamkeit der Welt erregt. Die Botschaft des T-Shirts &#8222;Make Russia Small Again&#8220; spiegelt einen tieferen Sinn f\u00fcr Widerstand und Widerstandsf\u00e4higkeit wider, mit dem Zelensky sein Land und seine Verb\u00fcndeten in der ganzen Welt inspiriert.  <\/div>\n<p>Zeigen Sie Ihre Sympathie f\u00fcr die Menschen in der Ukraine mit diesem Bio-T-Shirt. Das T-Shirt ist aus starker 100% Bio-Baumwolle hergestellt. Sowohl der Druck als auch das T-Shirt sind mit OEKO-tex zertifiziert.  <\/p>\n<ul>\n<li><b>Passform:<\/b> Normale Passform mit 2 cm mehr L\u00e4nge f\u00fcr l\u00e4ngere Haltbarkeit<\/li>\n<li><b>Material:<\/b> 100% GOTS-zertifizierte Bio-Baumwolle, 165 g\/m\u00b2<\/li>\n<li><b>Schrumpfen:<\/b> Das T-Shirt ist &#8218;vorgewaschen&#8216; und schrumpft daher nur minimal, wenn die Waschanleitung befolgt wird.<\/li>\n<li><b>Druck:<\/b> D\u00e4nischer OEKO-tex zertifizierter Qualit\u00e4tsdruck ohne riskante Chemikalien<\/li>\n<\/ul>\n<p>[\/cg_accordion]\n[cg_accordion title=\"Waschanleitung\"]<\/p>\n<p>Wir empfehlen, das T-Shirt bei 40 Grad zu waschen und nicht im Trockner zu trocknen, um die Umwelt zu sch\u00fctzen und die Lebensdauer des T-Shirts zu verl\u00e4ngern.<\/p>\n<p><img loading=\"lazy\" decoding=\"async\" class=\"wp-image-7353 alignleft\" src=\"\/wp-content\/uploads\/2024\/08\/Vaskeanvisning-305-t-shirt.svg\" alt=\"Waschanleitung-305 t-shirt\" width=\"270\" height=\"54\" srcset=\"https:\/\/healthyhead.dk\/wp-content\/uploads\/Vaskeanvisning-305-t-shirt.svg 150w, https:\/\/healthyhead.dk\/wp-content\/uploads\/Vaskeanvisning-305-t-shirt.svg 300w, https:\/\/healthyhead.dk\/wp-content\/uploads\/Vaskeanvisning-305-t-shirt.svg 768w, https:\/\/healthyhead.dk\/wp-content\/uploads\/Vaskeanvisning-305-t-shirt.svg 1024w, https:\/\/healthyhead.dk\/wp-content\/uploads\/Vaskeanvisning-305-t-shirt.svg 1230w\" sizes=\"(max-width: 270px) 100vw, 270px\" \/><\/p>\n<p>&nbsp;<\/p>\n<p>&nbsp;<\/p>\n<p>[\/cg_accordion]\n","protected":false},"featured_media":294585,"template":"","meta":{"_acf_changed":false},"product_brand":[],"product_cat":[720,704],"product_tag":[],"class_list":{"0":"post-271323","1":"product","2":"type-product","3":"status-publish","4":"has-post-thumbnail","6":"product_cat-ukraine-t-shirts","7":"product_cat-zeige-deine-unterstuetzung-fuer-die-ukraine","8":"pa_size-x-small-de","9":"pa_size-small-de","10":"pa_size-medium-de","11":"pa_size-large-de","12":"pa_size-x-large-de","13":"pa_size-xx-large-de","14":"pa_size-3x-large-de","15":"pa_size-4x-large-de","16":"pa_size-5x-large-de","17":"pa_size-6x-large-de","19":"first","20":"instock","21":"taxable","22":"shipping-taxable","23":"purchasable","24":"product-type-variable"},"acf":[],"_links":{"self":[{"href":"https:\/\/healthyhead.dk\/de\/wp-json\/wp\/v2\/product\/271323","targetHints":{"allow":["GET"]}}],"collection":[{"href":"https:\/\/healthyhead.dk\/de\/wp-json\/wp\/v2\/product"}],"about":[{"href":"https:\/\/healthyhead.dk\/de\/wp-json\/wp\/v2\/types\/product"}],"version-history":[{"count":0,"href":"https:\/\/healthyhead.dk\/de\/wp-json\/wp\/v2\/product\/271323\/revisions"}],"wp:featuredmedia":[{"embeddable":true,"href":"https:\/\/healthyhead.dk\/de\/wp-json\/wp\/v2\/media\/294585"}],"wp:attachment":[{"href":"https:\/\/healthyhead.dk\/de\/wp-json\/wp\/v2\/media?parent=271323"}],"wp:term":[{"taxonomy":"product_brand","embeddable":true,"href":"https:\/\/healthyhead.dk\/de\/wp-json\/wp\/v2\/product_brand?post=271323"},{"taxonomy":"product_cat","embeddable":true,"href":"https:\/\/healthyhead.dk\/de\/wp-json\/wp\/v2\/product_cat?post=271323"},{"taxonomy":"product_tag","embeddable":true,"href":"https:\/\/healthyhead.dk\/de\/wp-json\/wp\/v2\/product_tag?post=271323"}],"curies":[{"name":"wp","href":"https:\/\/api.w.org\/{rel}","templated":true}]}}