{"id":272594,"date":"2024-08-13T10:07:50","date_gmt":"2024-08-13T10:07:50","guid":{"rendered":"https:\/\/new.healthyhead.dk\/vare\/oekologisk-t-shirt-classic-fit-herre\/"},"modified":"2025-10-02T11:20:52","modified_gmt":"2025-10-02T11:20:52","slug":"herren-bio-classic-fit-t-shirt","status":"publish","type":"product","link":"https:\/\/healthyhead.dk\/de\/produkt\/herren-bio-classic-fit-t-shirt\/","title":{"rendered":"Bio-T-Shirt, Regluar Fit, Baumwolle, M\u00e4nner"},"content":{"rendered":"","protected":false},"excerpt":{"rendered":"<p><img decoding=\"async\" class=\"alignnone wp-image-7519\" src=\"\/wp-content\/uploads\/2024\/08\/Klassisk-pasform.svg\" alt=\"Klassische Passform\" width=\"46\" height=\"45\">Regular fit<\/p>\n<p><img decoding=\"async\" class=\"alignnone wp-image-7520\" src=\"\/wp-content\/\/uploads\/2024\/08\/GOTS-.svg\" alt=\"\u00d6ko-Tex\" width=\"46\" height=\"45\">GOTS-zertifizierte \u00f6kologische Produktion<\/p>\n<p><img decoding=\"async\" class=\"alignnone wp-image-7533\" src=\"\/wp-content\/uploads\/2024\/08\/Forvasket.svg\" alt=\"Vorgewaschen\" width=\"46\" height=\"45\">Vorgewaschen zur Minimierung der Schrumpfung<\/p>\n<p><img loading=\"lazy\" decoding=\"async\" class=\"alignnone wp-image-7533\" src=\"\/wp-content\/uploads\/2024\/08\/No-tags.svg\" alt=\"No-Tags\" width=\"46\" height=\"45\">Ohne Markenanh\u00e4nger<\/p>\n<p>&nbsp;<\/p>\n[cg_accordion title=\"Beschreibung\" open=\"open\"]<\/p>\n<p>Dies ist unsere Version des perfekten Alltags-T-Shirts. Das T-Shirt hat eine klassische, leicht lockere Passform, die den meisten Menschen gut steht, und ist aus 100 % GOTS-zertifizierter, fein gek\u00e4mmter Bio-Baumwolle hergestellt. Es ist vorgewaschen und schrumpft daher nach dem Waschen nur minimal. Es hat ein paar Zentimeter \u00dcberl\u00e4nge, damit es auch nach vielen W\u00e4schen nicht zu kurz wird. Die Baumwolle ist von h\u00f6chster Qualit\u00e4t, so dass sich das T-Shirt weich anf\u00fchlt, langlebig ist und auch nach vielen W\u00e4schen seine Farbe beh\u00e4lt. Das T-Shirt hat keine Markenetiketten, sondern nur ein Gr\u00f6\u00dfen- und Waschetikett.     <\/p>\n<ul>\n<li>Das <b>perfekte Alltags-T-Shirt<\/b><\/li>\n<li><b>Passform:<\/b> Klassische und leicht lockere Passform, die bei den meisten Menschen perfekt sitzt<\/li>\n<li><b>Ein paar Zentimeter mehr L\u00e4nge<\/b>, damit es auch nach vielen W\u00e4schen nicht zu kurz wird<\/li>\n<li><b>Material:<\/b> 100% GOTS-zertifizierte Bio-Baumwolle, 165 g\/m\u00b2<\/li>\n<li><b>Schrumpfen:<\/b> Das T-Shirt ist &#8218;vorgewaschen&#8216; und schrumpft daher nur minimal, wenn die Waschanleitung befolgt wird.<\/li>\n<\/ul>\n<p>Das Model ist 169 cm gro\u00df und tr\u00e4gt die Gr\u00f6\u00dfe Small.<\/p>\n<p>[\/cg_accordion]\n[cg_accordion title=\"Waschanleitung\"]<\/p>\n<p>Wir empfehlen, das T-Shirt bei 30 Grad zu waschen und nicht im Trockner zu trocknen, um die Umwelt zu sch\u00fctzen und die Lebensdauer des T-Shirts zu verl\u00e4ngern.<\/p>\n<p>Waschanleitung:<\/p>\n<p><img loading=\"lazy\" decoding=\"async\" class=\"wp-image-7353 alignleft\" src=\"\/wp-content\/uploads\/2024\/08\/Vaskeanvisning-305-t-shirt.svg\" alt=\"Waschanleitung-305 t-shirt\" width=\"270\" height=\"54\" srcset=\"https:\/\/healthyhead.dk\/wp-content\/uploads\/Vaskeanvisning-305-t-shirt.svg 150w, https:\/\/healthyhead.dk\/wp-content\/uploads\/Vaskeanvisning-305-t-shirt.svg 300w, https:\/\/healthyhead.dk\/wp-content\/uploads\/Vaskeanvisning-305-t-shirt.svg 768w, https:\/\/healthyhead.dk\/wp-content\/uploads\/Vaskeanvisning-305-t-shirt.svg 1024w, https:\/\/healthyhead.dk\/wp-content\/uploads\/Vaskeanvisning-305-t-shirt.svg 1230w\" sizes=\"(max-width: 270px) 100vw, 270px\" \/><\/p>\n<p>&nbsp;<\/p>\n<p>&nbsp;<\/p>\n<p>[\/cg_accordion]\n","protected":false},"featured_media":253198,"template":"","meta":{"_acf_changed":false},"product_brand":[],"product_cat":[560],"product_tag":[],"class_list":{"0":"post-272594","1":"product","2":"type-product","3":"status-publish","4":"has-post-thumbnail","6":"product_cat-regular-fit-t-shirts","7":"pa_size-x-small-de","8":"pa_size-small-de","9":"pa_size-medium-de","10":"pa_size-large-de","11":"pa_size-x-large-de","12":"pa_size-xx-large-de","13":"pa_size-3x-large-de","15":"first","16":"instock","17":"taxable","18":"shipping-taxable","19":"purchasable","20":"product-type-variable","21":"has-default-attributes"},"acf":[],"_links":{"self":[{"href":"https:\/\/healthyhead.dk\/de\/wp-json\/wp\/v2\/product\/272594","targetHints":{"allow":["GET"]}}],"collection":[{"href":"https:\/\/healthyhead.dk\/de\/wp-json\/wp\/v2\/product"}],"about":[{"href":"https:\/\/healthyhead.dk\/de\/wp-json\/wp\/v2\/types\/product"}],"version-history":[{"count":4,"href":"https:\/\/healthyhead.dk\/de\/wp-json\/wp\/v2\/product\/272594\/revisions"}],"predecessor-version":[{"id":280170,"href":"https:\/\/healthyhead.dk\/de\/wp-json\/wp\/v2\/product\/272594\/revisions\/280170"}],"wp:featuredmedia":[{"embeddable":true,"href":"https:\/\/healthyhead.dk\/de\/wp-json\/wp\/v2\/media\/253198"}],"wp:attachment":[{"href":"https:\/\/healthyhead.dk\/de\/wp-json\/wp\/v2\/media?parent=272594"}],"wp:term":[{"taxonomy":"product_brand","embeddable":true,"href":"https:\/\/healthyhead.dk\/de\/wp-json\/wp\/v2\/product_brand?post=272594"},{"taxonomy":"product_cat","embeddable":true,"href":"https:\/\/healthyhead.dk\/de\/wp-json\/wp\/v2\/product_cat?post=272594"},{"taxonomy":"product_tag","embeddable":true,"href":"https:\/\/healthyhead.dk\/de\/wp-json\/wp\/v2\/product_tag?post=272594"}],"curies":[{"name":"wp","href":"https:\/\/api.w.org\/{rel}","templated":true}]}}