{"id":273457,"date":"2024-10-29T08:38:13","date_gmt":"2024-10-29T08:38:13","guid":{"rendered":"https:\/\/new.healthyhead.dk\/vare\/hoodie-vis-din-stoette-til-ukraine-zelensky-armed-forces\/"},"modified":"2025-09-27T11:27:00","modified_gmt":"2025-09-27T11:27:00","slug":"hoodie-zeigen-sie-ihre-unterstuetzung-fuer-die-ukraine-zelensky-armed-forces","status":"publish","type":"product","link":"https:\/\/healthyhead.dk\/de\/produkt\/hoodie-zeigen-sie-ihre-unterstuetzung-fuer-die-ukraine-zelensky-armed-forces\/","title":{"rendered":"Hoodie, Zeigen Sie Ihre Unterst\u00fctzung f\u00fcr die Ukraine, Zelensky, Armed Forces"},"content":{"rendered":"","protected":false},"excerpt":{"rendered":"<p><img decoding=\"async\" class=\"alignnone wp-image-7520\" src=\"\/wp-content\/uploads\/2024\/08\/Forvasket.svg\" alt=\"Vorgewaschen\" width=\"46\" height=\"45\">Vorgewaschen zur Minimierung der Schrumpfung<\/p>\n<p><img decoding=\"async\" class=\"alignnone wp-image-7519\" src=\"\/wp-content\/uploads\/2024\/08\/Oeko-tex.svg\" alt=\"OEKO-tex\" width=\"46\" height=\"45\">OEKO-tex-zertifizierte Baumwolle und Druck, v\u00f6llig frei von sch\u00e4dlichen Chemikalien<\/p>\n<p>&nbsp;<\/p>\n[cg_accordion title=\"Beschreibung\" open=\"open\"]<\/p>\n<div class=\"woocommerce-product-details__short-description\">\n<p>Zeigen Sie Ihre Sympathie f\u00fcr die Menschen in der Ukraine mit diesem OEKO-tex zertifizierten Hoodie. Der Kapuzenpulli ist aus OEKO-tex-zertifizierter gek\u00e4mmter Baumwolle und Polyester hergestellt. Der Druck ist ebenfalls OEKO-tex-zertifiziert.  <\/p>\n<\/div>\n<ul>\n<li><b>Passform:<\/b> Normale Passform mit 2 cm mehr L\u00e4nge f\u00fcr l\u00e4ngere Haltbarkeit<\/li>\n<li><b>Material:<\/b> 70% OEKO-tex-zertifizierte gek\u00e4mmte Baumwolle, 30% Polyester, 350 g\/m\u00b2<\/li>\n<li><b>Einlaufen:<\/b> Der Kapuzenpulli ist &#8218;vorgewaschen&#8216; &#8211; daher schrumpft er nur minimal, wenn die Waschanleitung befolgt wird.<\/li>\n<li><b>Druck:<\/b> D\u00e4nischer OEKO-tex zertifizierter Qualit\u00e4tsdruck ohne riskante Chemikalien<\/li>\n<\/ul>\n<p>[\/cg_accordion]\n[cg_accordion title=\"Waschanleitung\"]<\/p>\n<p>Wir empfehlen, den Hoodie bei 40 Grad zu waschen und nicht im Trockner zu trocknen, um die Umwelt zu sch\u00fctzen und die Lebensdauer des Hoodies zu verl\u00e4ngern.<\/p>\n<p><img decoding=\"async\" class=\"wp-image-7353 alignleft\" src=\"\/wp-content\/uploads\/2024\/08\/Vaskeanvisning-305-t-shirt.svg\" alt=\"Waschanleitung-305 t-shirt\" width=\"270\" height=\"54\" srcset=\"https:\/\/healthyhead.dk\/wp-content\/uploads\/Vaskeanvisning-305-t-shirt.svg 150w, https:\/\/healthyhead.dk\/wp-content\/uploads\/Vaskeanvisning-305-t-shirt.svg 300w, https:\/\/healthyhead.dk\/wp-content\/uploads\/Vaskeanvisning-305-t-shirt.svg 768w, https:\/\/healthyhead.dk\/wp-content\/uploads\/Vaskeanvisning-305-t-shirt.svg 1024w, https:\/\/healthyhead.dk\/wp-content\/uploads\/Vaskeanvisning-305-t-shirt.svg 1230w\" sizes=\"(max-width: 270px) 100vw, 270px\" \/><\/p>\n<p>&nbsp;<\/p>\n<p>&nbsp;<\/p>\n<p>[\/cg_accordion]\n","protected":false},"featured_media":294553,"template":"","meta":{"_acf_changed":false},"product_brand":[],"product_cat":[716,704],"product_tag":[],"class_list":{"0":"post-273457","1":"product","2":"type-product","3":"status-publish","4":"has-post-thumbnail","6":"product_cat-ukraine-sweatshirts-hoodie","7":"product_cat-zeige-deine-unterstuetzung-fuer-die-ukraine","8":"pa_size-4-6-aar-de","9":"pa_size-8-10-aar-de","10":"pa_size-12-14-aar-de","11":"pa_size-x-small-de","12":"pa_size-small-de","13":"pa_size-medium-de","14":"pa_size-large-de","15":"pa_size-x-large-de","16":"pa_size-xx-large-de","17":"pa_size-3x-large-de","19":"first","20":"instock","21":"taxable","22":"shipping-taxable","23":"purchasable","24":"product-type-variable"},"acf":[],"_links":{"self":[{"href":"https:\/\/healthyhead.dk\/de\/wp-json\/wp\/v2\/product\/273457","targetHints":{"allow":["GET"]}}],"collection":[{"href":"https:\/\/healthyhead.dk\/de\/wp-json\/wp\/v2\/product"}],"about":[{"href":"https:\/\/healthyhead.dk\/de\/wp-json\/wp\/v2\/types\/product"}],"version-history":[{"count":1,"href":"https:\/\/healthyhead.dk\/de\/wp-json\/wp\/v2\/product\/273457\/revisions"}],"predecessor-version":[{"id":273481,"href":"https:\/\/healthyhead.dk\/de\/wp-json\/wp\/v2\/product\/273457\/revisions\/273481"}],"wp:featuredmedia":[{"embeddable":true,"href":"https:\/\/healthyhead.dk\/de\/wp-json\/wp\/v2\/media\/294553"}],"wp:attachment":[{"href":"https:\/\/healthyhead.dk\/de\/wp-json\/wp\/v2\/media?parent=273457"}],"wp:term":[{"taxonomy":"product_brand","embeddable":true,"href":"https:\/\/healthyhead.dk\/de\/wp-json\/wp\/v2\/product_brand?post=273457"},{"taxonomy":"product_cat","embeddable":true,"href":"https:\/\/healthyhead.dk\/de\/wp-json\/wp\/v2\/product_cat?post=273457"},{"taxonomy":"product_tag","embeddable":true,"href":"https:\/\/healthyhead.dk\/de\/wp-json\/wp\/v2\/product_tag?post=273457"}],"curies":[{"name":"wp","href":"https:\/\/api.w.org\/{rel}","templated":true}]}}