{"id":274636,"date":"2024-09-14T09:06:44","date_gmt":"2024-09-14T09:06:44","guid":{"rendered":"https:\/\/new.healthyhead.dk\/vare\/oekologisk-t-shirt-classic-fit-bomuld-dame\/"},"modified":"2025-10-02T11:20:50","modified_gmt":"2025-10-02T11:20:50","slug":"bio-t-shirt-klassische-passform-baumwolle-damen","status":"publish","type":"product","link":"https:\/\/healthyhead.dk\/de\/produkt\/bio-t-shirt-klassische-passform-baumwolle-damen\/","title":{"rendered":"Bio-T-Shirt, Regular Fit, Baumwolle, Damen"},"content":{"rendered":"","protected":false},"excerpt":{"rendered":"<p><img decoding=\"async\" class=\"alignnone wp-image-7519\" src=\"\/wp-content\/uploads\/2024\/08\/Klassisk-pasform.svg\" alt=\"Klassische Passform\" width=\"46\" height=\"45\">Regular fit<\/p>\n<p><img decoding=\"async\" class=\"alignnone wp-image-7520\" src=\"\/wp-content\/\/uploads\/2024\/08\/GOTS-.svg\" alt=\"\u00d6ko-Tex\" width=\"46\" height=\"45\">GOTS-zertifizierte \u00f6kologische Produktion<\/p>\n<p><img decoding=\"async\" class=\"alignnone wp-image-7533\" src=\"\/wp-content\/uploads\/2024\/08\/Forvasket.svg\" alt=\"Vorgewaschen\" width=\"46\" height=\"45\">Vorgewaschen zur Minimierung der Schrumpfung<\/p>\n<p><img loading=\"lazy\" decoding=\"async\" class=\"alignnone wp-image-7533\" src=\"\/wp-content\/uploads\/2024\/08\/No-tags.svg\" alt=\"No-Tags\" width=\"46\" height=\"45\">Ohne Markenanh\u00e4nger<\/p>\n<p>&nbsp;<\/p>\n[cg_accordion title=\"Beschreibung\" open=\"open\"]<\/p>\n<p>Dies ist unsere Version des perfekten Alltags-T-Shirts. Das T-Shirt hat eine klassische, leicht lockere Passform, die den meisten Menschen gut steht, und ist aus 100 % GOTS-zertifizierter, fein gek\u00e4mmter Bio-Baumwolle hergestellt. Es ist vorgewaschen und schrumpft daher nach dem Waschen nur minimal. Die Baumwolle ist von h\u00f6chster Qualit\u00e4t, was bedeutet, dass sich das T-Shirt weich anf\u00fchlt, langlebig ist und seine Farbe nach jedem Waschen beh\u00e4lt. Das T-Shirt hat keine Markenetiketten, sondern nur ein Gr\u00f6\u00dfen- und Waschetikett.    <\/p>\n<ul>\n<li>Das <b>perfekte Alltags-T-Shirt<\/b><\/li>\n<li><b>Passform:<\/b> Klassische und leicht lockere Passform, die bei den meisten Menschen perfekt sitzt<\/li>\n<li><b>Material:<\/b> 100% GOTS-zertifizierte Bio-Baumwolle, 165 g\/m\u00b2<\/li>\n<li><b>Schrumpfen:<\/b> Das T-Shirt ist &#8218;vorgewaschen&#8216; und schrumpft daher nur minimal, wenn die Waschanleitung befolgt wird.<\/li>\n<\/ul>\n<p>Das Model ist 169 cm gro\u00df und tr\u00e4gt die Gr\u00f6\u00dfe Small.<\/p>\n<p>[\/cg_accordion]\n[cg_accordion title=\"Waschanleitung\"]<\/p>\n<p>Wir empfehlen, das T-Shirt bei 30 Grad zu waschen und nicht im Trockner zu trocknen, um die Umwelt zu sch\u00fctzen und die Lebensdauer des T-Shirts zu verl\u00e4ngern.<\/p>\n<p><img loading=\"lazy\" decoding=\"async\" class=\"wp-image-7353 alignleft\" src=\"\/wp-content\/uploads\/2024\/08\/Vaskeanvisning-305-t-shirt.svg\" alt=\"Waschanleitung-305 t-shirt\" width=\"270\" height=\"54\" srcset=\"https:\/\/healthyhead.dk\/wp-content\/uploads\/Vaskeanvisning-305-t-shirt.svg 150w, https:\/\/healthyhead.dk\/wp-content\/uploads\/Vaskeanvisning-305-t-shirt.svg 300w, https:\/\/healthyhead.dk\/wp-content\/uploads\/Vaskeanvisning-305-t-shirt.svg 768w, https:\/\/healthyhead.dk\/wp-content\/uploads\/Vaskeanvisning-305-t-shirt.svg 1024w, https:\/\/healthyhead.dk\/wp-content\/uploads\/Vaskeanvisning-305-t-shirt.svg 1230w\" sizes=\"(max-width: 270px) 100vw, 270px\" \/><\/p>\n<p>&nbsp;<\/p>\n<p>&nbsp;<\/p>\n<p>[\/cg_accordion]\n","protected":false},"featured_media":256206,"template":"","meta":{"_acf_changed":false},"product_brand":[],"product_cat":[560],"product_tag":[],"class_list":{"0":"post-274636","1":"product","2":"type-product","3":"status-publish","4":"has-post-thumbnail","6":"product_cat-regular-fit-t-shirts","7":"pa_size-x-small-de","8":"pa_size-small-de","9":"pa_size-medium-de","10":"pa_size-large-de","11":"pa_size-x-large-de","12":"pa_size-xx-large-de","13":"pa_size-3x-large-de","15":"first","16":"instock","17":"taxable","18":"shipping-taxable","19":"purchasable","20":"product-type-variable","21":"has-default-attributes"},"acf":[],"_links":{"self":[{"href":"https:\/\/healthyhead.dk\/de\/wp-json\/wp\/v2\/product\/274636","targetHints":{"allow":["GET"]}}],"collection":[{"href":"https:\/\/healthyhead.dk\/de\/wp-json\/wp\/v2\/product"}],"about":[{"href":"https:\/\/healthyhead.dk\/de\/wp-json\/wp\/v2\/types\/product"}],"version-history":[{"count":3,"href":"https:\/\/healthyhead.dk\/de\/wp-json\/wp\/v2\/product\/274636\/revisions"}],"predecessor-version":[{"id":280169,"href":"https:\/\/healthyhead.dk\/de\/wp-json\/wp\/v2\/product\/274636\/revisions\/280169"}],"wp:featuredmedia":[{"embeddable":true,"href":"https:\/\/healthyhead.dk\/de\/wp-json\/wp\/v2\/media\/256206"}],"wp:attachment":[{"href":"https:\/\/healthyhead.dk\/de\/wp-json\/wp\/v2\/media?parent=274636"}],"wp:term":[{"taxonomy":"product_brand","embeddable":true,"href":"https:\/\/healthyhead.dk\/de\/wp-json\/wp\/v2\/product_brand?post=274636"},{"taxonomy":"product_cat","embeddable":true,"href":"https:\/\/healthyhead.dk\/de\/wp-json\/wp\/v2\/product_cat?post=274636"},{"taxonomy":"product_tag","embeddable":true,"href":"https:\/\/healthyhead.dk\/de\/wp-json\/wp\/v2\/product_tag?post=274636"}],"curies":[{"name":"wp","href":"https:\/\/api.w.org\/{rel}","templated":true}]}}