{"id":274822,"date":"2024-09-13T19:56:06","date_gmt":"2024-09-13T19:56:06","guid":{"rendered":"https:\/\/new.healthyhead.dk\/vare\/oekologisk-t-shirt-oversized-box-fit-bomuld-dame\/"},"modified":"2025-10-19T17:40:34","modified_gmt":"2025-10-19T17:40:34","slug":"oekologisk-t-shirt-oversized-box-fit-bomuld-dame","status":"publish","type":"product","link":"https:\/\/healthyhead.dk\/de\/produkt\/oekologisk-t-shirt-oversized-box-fit-bomuld-dame\/","title":{"rendered":"Bio T-Shirt, Oversized, Box Fit, Baumwolle, Damen"},"content":{"rendered":"","protected":false},"excerpt":{"rendered":"<p><img decoding=\"async\" class=\"alignnone wp-image-10432\" src=\"\/wp-content\/uploads\/2024\/09\/Boxfit-icon.png\" alt=\"\" width=\"47\" height=\"46\">Box fit<\/p>\n<p><img decoding=\"async\" class=\"alignnone wp-image-7520\" src=\"\/wp-content\/\/uploads\/2024\/08\/GOTS-.svg\" alt=\"\u00d6ko-Tex\" width=\"46\" height=\"45\">GOTS-zertifizierte \u00f6kologische Produktion<\/p>\n<p><img decoding=\"async\" class=\"alignnone wp-image-7533\" src=\"\/wp-content\/uploads\/2024\/08\/Forvasket.svg\" alt=\"Vorgewaschen\" width=\"46\" height=\"45\">Vorgewaschen zur Minimierung der Schrumpfung<\/p>\n<p><img loading=\"lazy\" decoding=\"async\" class=\"alignnone wp-image-7533\" src=\"\/wp-content\/uploads\/2024\/08\/No-tags.svg\" alt=\"No-Tags\" width=\"46\" height=\"45\">Ohne Markenanh\u00e4nger<\/p>\n<p>&nbsp;<\/p>\n[cg_accordion title=\"Beschreibung\" open=\"open\"]Unser Box Tee ist das perfekte Oversize-T-Shirt aus weicher 100% Bio-Baumwolle. Das T-Shirt hat echte \u00fcberschnittene Schultern, was bedeutet, dass es extra breit ist f\u00fcr einen stilvollen Look. Die Baumwolle ist von h\u00f6chster Qualit\u00e4t, wodurch sich das T-Shirt weich anf\u00fchlt, langlebig ist und seine Farbe nach jedem Waschen beh\u00e4lt. Unser Box Tee ist komplett markenfrei und hat nur ein Gr\u00f6\u00dfen- und Waschetikett.   <\/p>\n<ul>\n<li><b>Echter Box Fit<\/b> mit Drop Shoulders<\/li>\n<li>Material: 100% <b>GOTS-zertifizierte Bio-Baumwolle<\/b>, 165 g\/m\u00b2<\/li>\n<li>Das T-Shirt f\u00fchlt sich <b>weich<\/b> an, ist <b>strapazierf\u00e4hig<\/b> und <b>beh\u00e4lt seine Farbe<\/b> nach jeder W\u00e4sche.<\/li>\n<li>Schrumpfen: Das T-Shirt ist &#8218;vorgewaschen&#8216; und schrumpft daher nur minimal, wenn die Waschanleitung befolgt wird.<\/li>\n<\/ul>\n<p>[\/cg_accordion]\n[cg_accordion title=\"Waschanleitung\"]<\/p>\n<p>Wir empfehlen, das T-Shirt bei 30 Grad zu waschen und nicht im Trockner zu trocknen, um die Umwelt zu sch\u00fctzen und die Lebensdauer des T-Shirts zu verl\u00e4ngern.<\/p>\n<p><img loading=\"lazy\" decoding=\"async\" class=\"wp-image-7353 alignleft\" src=\"\/wp-content\/uploads\/2024\/08\/Vaskeanvisning-305-t-shirt.svg\" alt=\"Waschanleitung-305 t-shirt\" width=\"270\" height=\"54\" srcset=\"https:\/\/healthyhead.dk\/wp-content\/uploads\/Vaskeanvisning-305-t-shirt.svg 150w, https:\/\/healthyhead.dk\/wp-content\/uploads\/Vaskeanvisning-305-t-shirt.svg 300w, https:\/\/healthyhead.dk\/wp-content\/uploads\/Vaskeanvisning-305-t-shirt.svg 768w, https:\/\/healthyhead.dk\/wp-content\/uploads\/Vaskeanvisning-305-t-shirt.svg 1024w, https:\/\/healthyhead.dk\/wp-content\/uploads\/Vaskeanvisning-305-t-shirt.svg 1230w\" sizes=\"(max-width: 270px) 100vw, 270px\" \/><\/p>\n<p>&nbsp;<\/p>\n<p>&nbsp;<\/p>\n<p>[\/cg_accordion]\n","protected":false},"featured_media":255542,"template":"","meta":{"_acf_changed":false},"product_brand":[],"product_cat":[556],"product_tag":[],"class_list":{"0":"post-274822","1":"product","2":"type-product","3":"status-publish","4":"has-post-thumbnail","6":"product_cat-oversize-boxy-t-shirts","7":"pa_size-x-small-de","8":"pa_size-small-de","9":"pa_size-medium-de","10":"pa_size-large-de","11":"pa_size-x-large-de","12":"pa_size-xx-large-de","13":"pa_size-3x-large-de","15":"first","16":"instock","17":"taxable","18":"shipping-taxable","19":"purchasable","20":"product-type-variable","21":"has-default-attributes"},"acf":[],"_links":{"self":[{"href":"https:\/\/healthyhead.dk\/de\/wp-json\/wp\/v2\/product\/274822","targetHints":{"allow":["GET"]}}],"collection":[{"href":"https:\/\/healthyhead.dk\/de\/wp-json\/wp\/v2\/product"}],"about":[{"href":"https:\/\/healthyhead.dk\/de\/wp-json\/wp\/v2\/types\/product"}],"version-history":[{"count":2,"href":"https:\/\/healthyhead.dk\/de\/wp-json\/wp\/v2\/product\/274822\/revisions"}],"predecessor-version":[{"id":285503,"href":"https:\/\/healthyhead.dk\/de\/wp-json\/wp\/v2\/product\/274822\/revisions\/285503"}],"wp:featuredmedia":[{"embeddable":true,"href":"https:\/\/healthyhead.dk\/de\/wp-json\/wp\/v2\/media\/255542"}],"wp:attachment":[{"href":"https:\/\/healthyhead.dk\/de\/wp-json\/wp\/v2\/media?parent=274822"}],"wp:term":[{"taxonomy":"product_brand","embeddable":true,"href":"https:\/\/healthyhead.dk\/de\/wp-json\/wp\/v2\/product_brand?post=274822"},{"taxonomy":"product_cat","embeddable":true,"href":"https:\/\/healthyhead.dk\/de\/wp-json\/wp\/v2\/product_cat?post=274822"},{"taxonomy":"product_tag","embeddable":true,"href":"https:\/\/healthyhead.dk\/de\/wp-json\/wp\/v2\/product_tag?post=274822"}],"curies":[{"name":"wp","href":"https:\/\/api.w.org\/{rel}","templated":true}]}}