{"id":275095,"date":"2024-09-13T19:09:19","date_gmt":"2024-09-13T19:09:19","guid":{"rendered":"https:\/\/new.healthyhead.dk\/vare\/oekologisk-t-shirt-fitted-dame\/"},"modified":"2025-10-19T17:49:27","modified_gmt":"2025-10-19T17:49:27","slug":"bio-t-shirt-slim-fit-feminine-fit-damen","status":"publish","type":"product","link":"https:\/\/healthyhead.dk\/de\/produkt\/bio-t-shirt-slim-fit-feminine-fit-damen\/","title":{"rendered":"Bio T-Shirt, Slim Fit, Feminine Fit, Damen"},"content":{"rendered":"","protected":false},"excerpt":{"rendered":"<p><img decoding=\"async\" class=\"alignnone wp-image-10433\" src=\"\/wp-content\/uploads\/2024\/09\/Fitted-t-shirt-icon.png\" alt=\"\" width=\"47\" height=\"46\">Ausgestattet<\/p>\n<p><img decoding=\"async\" class=\"alignnone wp-image-7520\" src=\"https:\/\/healthyhead.dk\/wp-content\/\/uploads\/2024\/08\/GOTS-.svg\" alt=\"\u00d6ko-Tex\" width=\"46\" height=\"46\">GOTS-zertifizierte \u00f6kologische Produktion<\/p>\n<p><img decoding=\"async\" class=\"alignnone wp-image-7533\" src=\"\/wp-content\/uploads\/2024\/08\/Forvasket.svg\" alt=\"Vorgewaschen\" width=\"46\" height=\"45\">Vorgewaschen zur Minimierung der Schrumpfung<\/p>\n<p><img loading=\"lazy\" decoding=\"async\" class=\"alignnone wp-image-7533\" src=\"\/wp-content\/uploads\/2024\/08\/No-tags.svg\" alt=\"No-Tags\" width=\"46\" height=\"45\">Ohne Markenanh\u00e4nger<\/p>\n<p>&nbsp;<\/p>\n[cg_accordion title=\"Beschreibung\" open=\"open\"]<\/p>\n<p>Wenn Sie ein etwas taillierteres T-Shirt w\u00fcnschen, das Ihre Figur betont, ist unser Bio-Fitted Tee eine gute Wahl. Es besteht aus GOTS-zertifizierter Baumwolle und enth\u00e4lt 15 % Viskose, die dem T-Shirt eine gute Passform verleiht und es weich im Griff macht. Das T-Shirt hat keine Markenetiketten, sondern nur ein Gr\u00f6\u00dfen- und Waschetikett.  <\/p>\n<ul>\n<li>Tailliertes T-Shirt mit<strong> femininer und figurbetonter Taille<\/strong><\/li>\n<li><b>Material:<\/b> GOTS-zertifizierte <b>Bio-Baumwolle und 15% Viskose<\/b><\/li>\n<li>Das T-Shirt f\u00fchlt sich <b>weich<\/b> an, ist <b>strapazierf\u00e4hig<\/b> und <b>beh\u00e4lt seine Farbe<\/b> nach jeder W\u00e4sche.<\/li>\n<li><b>Schrumpfen:<\/b> Das T-Shirt ist &#8218;vorgewaschen&#8216; und schrumpft daher nur minimal, wenn die Waschanleitung befolgt wird.<\/li>\n<\/ul>\n<p>Das Model ist 169 cm gro\u00df und tr\u00e4gt die Gr\u00f6\u00dfe Small.<br \/>\n[\/cg_accordion]\n[cg_accordion title=\"Waschanleitung\"]<\/p>\n<p>Wir empfehlen, das T-Shirt bei 30 Grad zu waschen und nicht im Trockner zu trocknen, um die Umwelt zu sch\u00fctzen und die Lebensdauer des T-Shirts zu verl\u00e4ngern.<\/p>\n<p>Waschanleitung:<\/p>\n<p><img loading=\"lazy\" decoding=\"async\" class=\"wp-image-7353 alignleft\" src=\"\/wp-content\/uploads\/2024\/08\/Vaskeanvisning-305-t-shirt.svg\" alt=\"Waschanleitung-305 t-shirt\" width=\"270\" height=\"54\" srcset=\"https:\/\/healthyhead.dk\/wp-content\/uploads\/Vaskeanvisning-305-t-shirt.svg 150w, https:\/\/healthyhead.dk\/wp-content\/uploads\/Vaskeanvisning-305-t-shirt.svg 300w, https:\/\/healthyhead.dk\/wp-content\/uploads\/Vaskeanvisning-305-t-shirt.svg 768w, https:\/\/healthyhead.dk\/wp-content\/uploads\/Vaskeanvisning-305-t-shirt.svg 1024w, https:\/\/healthyhead.dk\/wp-content\/uploads\/Vaskeanvisning-305-t-shirt.svg 1230w\" sizes=\"(max-width: 270px) 100vw, 270px\" \/><\/p>\n<p>&nbsp;<\/p>\n<p>&nbsp;<\/p>\n<p>[\/cg_accordion]\n","protected":false},"featured_media":255318,"template":"","meta":{"_acf_changed":false},"product_brand":[],"product_cat":[552],"product_tag":[],"class_list":{"0":"post-275095","1":"product","2":"type-product","3":"status-publish","4":"has-post-thumbnail","6":"product_cat-slim-fit-t-shirts","7":"pa_size-x-small-de","8":"pa_size-small-de","9":"pa_size-medium-de","10":"pa_size-large-de","11":"pa_size-x-large-de","12":"pa_size-xx-large-de","14":"first","15":"instock","16":"taxable","17":"shipping-taxable","18":"purchasable","19":"product-type-variable","20":"has-default-attributes"},"acf":[],"_links":{"self":[{"href":"https:\/\/healthyhead.dk\/de\/wp-json\/wp\/v2\/product\/275095","targetHints":{"allow":["GET"]}}],"collection":[{"href":"https:\/\/healthyhead.dk\/de\/wp-json\/wp\/v2\/product"}],"about":[{"href":"https:\/\/healthyhead.dk\/de\/wp-json\/wp\/v2\/types\/product"}],"version-history":[{"count":2,"href":"https:\/\/healthyhead.dk\/de\/wp-json\/wp\/v2\/product\/275095\/revisions"}],"predecessor-version":[{"id":275331,"href":"https:\/\/healthyhead.dk\/de\/wp-json\/wp\/v2\/product\/275095\/revisions\/275331"}],"wp:featuredmedia":[{"embeddable":true,"href":"https:\/\/healthyhead.dk\/de\/wp-json\/wp\/v2\/media\/255318"}],"wp:attachment":[{"href":"https:\/\/healthyhead.dk\/de\/wp-json\/wp\/v2\/media?parent=275095"}],"wp:term":[{"taxonomy":"product_brand","embeddable":true,"href":"https:\/\/healthyhead.dk\/de\/wp-json\/wp\/v2\/product_brand?post=275095"},{"taxonomy":"product_cat","embeddable":true,"href":"https:\/\/healthyhead.dk\/de\/wp-json\/wp\/v2\/product_cat?post=275095"},{"taxonomy":"product_tag","embeddable":true,"href":"https:\/\/healthyhead.dk\/de\/wp-json\/wp\/v2\/product_tag?post=275095"}],"curies":[{"name":"wp","href":"https:\/\/api.w.org\/{rel}","templated":true}]}}