{"id":275287,"date":"2024-12-11T13:11:10","date_gmt":"2024-12-11T13:11:10","guid":{"rendered":"https:\/\/new.healthyhead.dk\/vare\/mundbind-i-3-lag-okologisk-genanvendelig-med-naeseklemme\/"},"modified":"2025-10-19T17:08:56","modified_gmt":"2025-10-19T17:08:56","slug":"3-lagige-mundmaske-oekologisch-wiederverwendbar-mit-nasenbuegel","status":"publish","type":"product","link":"https:\/\/healthyhead.dk\/de\/produkt\/3-lagige-mundmaske-oekologisch-wiederverwendbar-mit-nasenbuegel\/","title":{"rendered":"3-lagige Mundmaske, \u00f6kologisch, wiederverwendbar, mit Nasenb\u00fcgel"},"content":{"rendered":"","protected":false},"excerpt":{"rendered":"<p><img decoding=\"async\" class=\"alignnone wp-image-12794\" src=\"\/wp-content\/uploads\/2024\/12\/Denmark-USP.webp\" alt=\"\" width=\"47\" height=\"45\">\u00c4u\u00dfere und innere Schicht aus 100 % Bio-Baumwolle<\/p>\n<p><img decoding=\"async\" class=\"alignnone wp-image-8762\" src=\"\/wp-content\/uploads\/2024\/08\/Forvasket.svg\" alt=\"\" width=\"46\" height=\"46\" srcset=\"https:\/\/healthyhead.dk\/wp-content\/uploads\/Forvasket.svg 150w, https:\/\/healthyhead.dk\/wp-content\/uploads\/Forvasket.svg 300w, https:\/\/healthyhead.dk\/wp-content\/uploads\/Forvasket.svg 768w, https:\/\/healthyhead.dk\/wp-content\/uploads\/Forvasket.svg 1024w, https:\/\/healthyhead.dk\/wp-content\/uploads\/Forvasket.svg 250w\" sizes=\"(max-width: 46px) 100vw, 46px\" \/>Ein waschbares \/ wiederverwendbares Produkt<\/p>\n<p>&nbsp;<\/p>\n[cg_accordion title=\"Beschreibung\" open=\"open\"]\n<div class=\"woocommerce-product-details__short-description\">\n<p>Unsere \u00f6kologische 3-lagige Stoffmundmaske ist eine nachhaltige Alternative zu Einwegmundmasken. Die Mundmaske ist von hoher Qualit\u00e4t und hat eine \u00e4u\u00dfere und innere Schicht aus Bio-Baumwolle und eine Zwischenschicht aus Polypropylenfilter. Die Mundmaske ist weich, hat angenehme Gummib\u00e4nder und eine perfekte Passform. Sie hat einen verstellbaren Nasenb\u00fcgel, der daf\u00fcr sorgt, dass sie eng am Nasenr\u00fccken anliegt und f\u00fcr Brillentr\u00e4ger geeignet ist. Die Mundmaske ist wiederverwendbar und kann gewaschen werden, siehe Waschanleitung unten auf der Seite. Unsere Mundmaske ist eine Community-Mundmaske, die als Erg\u00e4nzung und nicht als Ersatz f\u00fcr die anderen Empfehlungen der Gesundheitsbeh\u00f6rden, wie z. B. physische Distanzierung und H\u00e4ndewaschen, verwendet werden kann. Einen Link zu den Empfehlungen der d\u00e4nischen Gesundheitsbeh\u00f6rde zur Verwendung von Stoffmundmasken finden Sie unten auf dieser Seite.      <\/p>\n<\/div>\n<ul>\n<li><b>\u00c4u\u00dfere und innere Schicht aus Bio-Baumwolle<\/b><\/li>\n<li><strong>Verstellbarer Nasenb\u00fcgel<\/strong><\/li>\n<li><strong>Wiederverwendbare Mundmaske<\/strong><\/li>\n<\/ul>\n<p>&nbsp;<\/p>\n","protected":false},"featured_media":258190,"template":"","meta":{"_acf_changed":false},"product_brand":[],"product_cat":[540],"product_tag":[],"class_list":{"0":"post-275287","1":"product","2":"type-product","3":"status-publish","4":"has-post-thumbnail","6":"product_cat-gesichtsmasken","7":"pa_size-5-10-jahre","8":"pa_size-s-m-de","9":"pa_size-l-xl-de","11":"first","12":"instock","13":"taxable","14":"shipping-taxable","15":"purchasable","16":"product-type-variable"},"acf":[],"_links":{"self":[{"href":"https:\/\/healthyhead.dk\/de\/wp-json\/wp\/v2\/product\/275287","targetHints":{"allow":["GET"]}}],"collection":[{"href":"https:\/\/healthyhead.dk\/de\/wp-json\/wp\/v2\/product"}],"about":[{"href":"https:\/\/healthyhead.dk\/de\/wp-json\/wp\/v2\/types\/product"}],"version-history":[{"count":1,"href":"https:\/\/healthyhead.dk\/de\/wp-json\/wp\/v2\/product\/275287\/revisions"}],"predecessor-version":[{"id":285500,"href":"https:\/\/healthyhead.dk\/de\/wp-json\/wp\/v2\/product\/275287\/revisions\/285500"}],"wp:featuredmedia":[{"embeddable":true,"href":"https:\/\/healthyhead.dk\/de\/wp-json\/wp\/v2\/media\/258190"}],"wp:attachment":[{"href":"https:\/\/healthyhead.dk\/de\/wp-json\/wp\/v2\/media?parent=275287"}],"wp:term":[{"taxonomy":"product_brand","embeddable":true,"href":"https:\/\/healthyhead.dk\/de\/wp-json\/wp\/v2\/product_brand?post=275287"},{"taxonomy":"product_cat","embeddable":true,"href":"https:\/\/healthyhead.dk\/de\/wp-json\/wp\/v2\/product_cat?post=275287"},{"taxonomy":"product_tag","embeddable":true,"href":"https:\/\/healthyhead.dk\/de\/wp-json\/wp\/v2\/product_tag?post=275287"}],"curies":[{"name":"wp","href":"https:\/\/api.w.org\/{rel}","templated":true}]}}