{"id":277106,"date":"2024-12-17T10:28:30","date_gmt":"2024-12-17T10:28:30","guid":{"rendered":"https:\/\/new.healthyhead.dk\/vare\/danmark-landshold-landsholdstroeje-t-shirt-danmark\/"},"modified":"2025-10-02T11:23:43","modified_gmt":"2025-10-02T11:23:43","slug":"daenemark-nationalmannschaft-t-shirt-roligan","status":"publish","type":"product","link":"https:\/\/healthyhead.dk\/de\/produkt\/daenemark-nationalmannschaft-t-shirt-roligan\/","title":{"rendered":"D\u00e4nemark Nationalmannschaft, T-Shirt, Roligan"},"content":{"rendered":"","protected":false},"excerpt":{"rendered":"<p><img decoding=\"async\" class=\"alignnone wp-image-7519\" src=\"\/wp-content\/uploads\/2024\/08\/Klassisk-pasform.svg\" alt=\"Klassische Passform\" width=\"46\" height=\"45\">Regular fit<\/p>\n<p><img decoding=\"async\" class=\"alignnone wp-image-7520\" src=\"\/wp-content\/uploads\/2024\/08\/Oeko-tex.svg\" alt=\"\u00d6ko-Tex\" width=\"46\" height=\"45\">OEKO-tex-zertifizierte Baumwolle und Druck ohne sch\u00e4dliche Chemikalien<\/p>\n<p><img decoding=\"async\" class=\"alignnone wp-image-7533\" src=\"\/wp-content\/uploads\/2024\/08\/Forvasket.svg\" alt=\"Vorgewaschen\" width=\"46\" height=\"45\">Vorgewaschen zur Minimierung der Schrumpfung<\/p>\n<p>&nbsp;<\/p>\n[cg_accordion title=\"Beschreibung\" open=\"open\"]<\/p>\n<p>Die Roligan-Bewegung hat ihren Ursprung in den Erfolgen der d\u00e4nischen Nationalmannschaft in den 1980er Jahren. Roligan spielt auf das Gegenteil von Hooligan an, denn sie wollen einen friedlichen und gewaltfreien Ansatz f\u00fcr die Fu\u00dfballkultur. Das sind Werte, die du mit diesem tollen T-Shirt in wei\u00dfer Farbe sch\u00fctzen kannst.  <\/p>\n<ul>\n<li><b>Passform:<\/b> Normale Passform mit 2 cm mehr L\u00e4nge f\u00fcr l\u00e4ngere Haltbarkeit<\/li>\n<li><b>Material:<\/b> 100% OEKO-tex zertifizierte Baumwolle, 165 g\/m\u00b2<\/li>\n<li><b>Schrumpfen:<\/b> Das T-Shirt ist &#8218;vorgewaschen&#8216; und schrumpft daher nur minimal, wenn die Waschanleitung befolgt wird.<\/li>\n<li><b>Tryk:<\/b>Dansk OEKO-tex certificeret kvalitetstryk uden risikabel kemi<\/li>\n<\/ul>\n<p>[\/cg_accordion]\n[cg_accordion title=\"Waschanleitung\"]<\/p>\n<p>Wir empfehlen, das T-Shirt bei 30 Grad zu waschen und nicht im Trockner zu trocknen, um die Umwelt zu sch\u00fctzen und die Lebensdauer des T-Shirts zu verl\u00e4ngern.<\/p>\n<p><img loading=\"lazy\" decoding=\"async\" class=\"wp-image-7353 alignleft\" src=\"\/wp-content\/uploads\/2024\/08\/Vaskeanvisning-305-t-shirt.svg\" alt=\"Waschanleitung-305 t-shirt\" width=\"270\" height=\"54\" srcset=\"https:\/\/healthyhead.dk\/wp-content\/uploads\/Vaskeanvisning-305-t-shirt.svg 150w, https:\/\/healthyhead.dk\/wp-content\/uploads\/Vaskeanvisning-305-t-shirt.svg 300w, https:\/\/healthyhead.dk\/wp-content\/uploads\/Vaskeanvisning-305-t-shirt.svg 768w, https:\/\/healthyhead.dk\/wp-content\/uploads\/Vaskeanvisning-305-t-shirt.svg 1024w, https:\/\/healthyhead.dk\/wp-content\/uploads\/Vaskeanvisning-305-t-shirt.svg 1230w\" sizes=\"(max-width: 270px) 100vw, 270px\" \/><\/p>\n<p>&nbsp;<\/p>\n<p>&nbsp;<\/p>\n<p>[\/cg_accordion]\n","protected":false},"featured_media":259002,"template":"","meta":{"_acf_changed":false},"product_brand":[],"product_cat":[744],"product_tag":[],"class_list":{"0":"post-277106","1":"product","2":"type-product","3":"status-publish","4":"has-post-thumbnail","6":"product_cat-daenemark-nationalmannschaftsbekleidung","7":"pa_size-2-aar-de","8":"pa_size-4-6-aar-de","9":"pa_size-8-10-aar-de","10":"pa_size-12-14-aar-de","11":"pa_size-x-small-de","12":"pa_size-small-de","13":"pa_size-medium-de","14":"pa_size-large-de","15":"pa_size-x-large-de","16":"pa_size-xx-large-de","17":"pa_size-3x-large-de","18":"pa_size-4x-large-de","19":"pa_size-5x-large-de","20":"pa_size-6x-large-de","22":"first","23":"instock","24":"taxable","25":"shipping-taxable","26":"purchasable","27":"product-type-variable","28":"has-default-attributes"},"acf":[],"_links":{"self":[{"href":"https:\/\/healthyhead.dk\/de\/wp-json\/wp\/v2\/product\/277106","targetHints":{"allow":["GET"]}}],"collection":[{"href":"https:\/\/healthyhead.dk\/de\/wp-json\/wp\/v2\/product"}],"about":[{"href":"https:\/\/healthyhead.dk\/de\/wp-json\/wp\/v2\/types\/product"}],"version-history":[{"count":0,"href":"https:\/\/healthyhead.dk\/de\/wp-json\/wp\/v2\/product\/277106\/revisions"}],"wp:featuredmedia":[{"embeddable":true,"href":"https:\/\/healthyhead.dk\/de\/wp-json\/wp\/v2\/media\/259002"}],"wp:attachment":[{"href":"https:\/\/healthyhead.dk\/de\/wp-json\/wp\/v2\/media?parent=277106"}],"wp:term":[{"taxonomy":"product_brand","embeddable":true,"href":"https:\/\/healthyhead.dk\/de\/wp-json\/wp\/v2\/product_brand?post=277106"},{"taxonomy":"product_cat","embeddable":true,"href":"https:\/\/healthyhead.dk\/de\/wp-json\/wp\/v2\/product_cat?post=277106"},{"taxonomy":"product_tag","embeddable":true,"href":"https:\/\/healthyhead.dk\/de\/wp-json\/wp\/v2\/product_tag?post=277106"}],"curies":[{"name":"wp","href":"https:\/\/api.w.org\/{rel}","templated":true}]}}