{"id":278093,"date":"2025-01-26T16:07:50","date_gmt":"2025-01-26T16:07:50","guid":{"rendered":"https:\/\/new.healthyhead.dk\/vare\/t-shirt-tour-de-france-rytter-med-fart\/"},"modified":"2025-10-02T11:24:01","modified_gmt":"2025-10-02T11:24:01","slug":"t-shirt-tour-de-france-fahrer-mit-geschwindigkeit","status":"publish","type":"product","link":"https:\/\/healthyhead.dk\/de\/produkt\/t-shirt-tour-de-france-fahrer-mit-geschwindigkeit\/","title":{"rendered":"T-shirt, Tour de France, Fahrer mit Geschwindigkeit"},"content":{"rendered":"","protected":false},"excerpt":{"rendered":"<p><img decoding=\"async\" class=\"alignnone wp-image-8768\" src=\"\/wp-content\/uploads\/2024\/08\/Klassisk-pasform.svg\" alt=\"\" width=\"47\" height=\"47\" srcset=\"https:\/\/healthyhead.dk\/wp-content\/uploads\/Klassisk-pasform.svg 150w, https:\/\/healthyhead.dk\/wp-content\/uploads\/Klassisk-pasform.svg 300w, https:\/\/healthyhead.dk\/wp-content\/uploads\/Klassisk-pasform.svg 768w, https:\/\/healthyhead.dk\/wp-content\/uploads\/Klassisk-pasform.svg 1024w, https:\/\/healthyhead.dk\/wp-content\/uploads\/Klassisk-pasform.svg 250w\" sizes=\"(max-width: 47px) 100vw, 47px\" \/>Regular fit<\/p>\n<p><img decoding=\"async\" class=\"alignnone wp-image-7533\" src=\"\/wp-content\/uploads\/2024\/08\/GOTS-.svg\" alt=\"GOTS\" width=\"46\" height=\"45\">GOTS-zertifiziertes Bio-T-Shirt<\/p>\n<p><img decoding=\"async\" class=\"alignnone wp-image-7520\" src=\"\/wp-content\/uploads\/2024\/08\/Forvasket.svg\" alt=\"Vorgewaschen\" width=\"46\" height=\"45\">Vorgewaschen zur Minimierung der Schrumpfung<\/p>\n<p><img loading=\"lazy\" decoding=\"async\" class=\"alignnone wp-image-8763\" src=\"\/wp-content\/uploads\/2024\/08\/Oeko-tex.svg\" alt=\"\" width=\"47\" height=\"47\" srcset=\"https:\/\/healthyhead.dk\/wp-content\/uploads\/Oeko-tex.svg 150w, https:\/\/healthyhead.dk\/wp-content\/uploads\/Oeko-tex.svg 300w, https:\/\/healthyhead.dk\/wp-content\/uploads\/Oeko-tex.svg 768w, https:\/\/healthyhead.dk\/wp-content\/uploads\/Oeko-tex.svg 1024w, https:\/\/healthyhead.dk\/wp-content\/uploads\/Oeko-tex.svg 250w\" sizes=\"(max-width: 47px) 100vw, 47px\" \/>  OEKO-tex-zertifizierter Druck ohne sch\u00e4dliche Chemikalien<\/p>\n<p>&nbsp;<\/p>\n[cg_accordion title=\"Beschreibung\" open=\"open\"]<\/p>\n<div class=\"woocommerce-product-details__short-description\">T-Shirt mit Fahrer und Fl\u00fcgeln auf der Stra\u00dfe, mit dem Text Tour De France in den franz\u00f6sischen Farben. Das Shirt wird in D\u00e4nemark mit OEKO-tex-zertifiziertem Qualit\u00e4tsdruck bedruckt, der bis zu 60 Grad waschbar ist. Klassische Passform.  &nbsp;<br \/>\n&nbsp;\n<\/div>\n<ul>\n<li><b>Passform:<\/b> Normale Passform mit 2 cm mehr L\u00e4nge f\u00fcr l\u00e4ngere Haltbarkeit<\/li>\n<li><b>Material:<\/b> 100% GOTS-zertifizierte Bio-Baumwolle, 165 g\/m\u00b2<\/li>\n<li><b>Schrumpfen:<\/b> Das T-Shirt ist &#8218;vorgewaschen&#8216; und schrumpft daher nur minimal, wenn die Waschanleitung befolgt wird.<\/li>\n<li><b>Druck:<\/b> D\u00e4nischer OEKO-tex zertifizierter Qualit\u00e4tsdruck ohne riskante Chemikalien<\/li>\n<\/ul>\n<p>[\/cg_accordion]\n[cg_accordion title=\"Waschanleitung\"]<\/p>\n<p>Wir empfehlen, das T-Shirt bei 40 Grad zu waschen und nicht im Trockner zu trocknen, um die Umwelt zu sch\u00fctzen und die Lebensdauer des T-Shirts zu verl\u00e4ngern.<\/p>\n<p><img loading=\"lazy\" decoding=\"async\" class=\"wp-image-7353 alignleft\" src=\"\/wp-content\/uploads\/2024\/08\/Vaskeanvisning-305-t-shirt.svg\" alt=\"Waschanleitung-305 t-shirt\" width=\"270\" height=\"54\" srcset=\"https:\/\/healthyhead.dk\/wp-content\/uploads\/Vaskeanvisning-305-t-shirt.svg 150w, https:\/\/healthyhead.dk\/wp-content\/uploads\/Vaskeanvisning-305-t-shirt.svg 300w, https:\/\/healthyhead.dk\/wp-content\/uploads\/Vaskeanvisning-305-t-shirt.svg 768w, https:\/\/healthyhead.dk\/wp-content\/uploads\/Vaskeanvisning-305-t-shirt.svg 1024w, https:\/\/healthyhead.dk\/wp-content\/uploads\/Vaskeanvisning-305-t-shirt.svg 1230w\" sizes=\"(max-width: 270px) 100vw, 270px\" \/><\/p>\n<p>&nbsp;<\/p>\n<p>&nbsp;<\/p>\n<p>[\/cg_accordion]\n","protected":false},"featured_media":259598,"template":"","meta":{"_acf_changed":false},"product_brand":[],"product_cat":[764],"product_tag":[],"class_list":{"0":"post-278093","1":"product","2":"type-product","3":"status-publish","4":"has-post-thumbnail","6":"product_cat-tour-de-france","7":"pa_size-4-6-aar-de","8":"pa_size-8-10-aar-de","9":"pa_size-12-14-aar-de","10":"pa_size-x-small-de","11":"pa_size-small-de","12":"pa_size-medium-de","13":"pa_size-large-de","14":"pa_size-x-large-de","15":"pa_size-xx-large-de","16":"pa_size-3x-large-de","18":"first","19":"instock","20":"taxable","21":"shipping-taxable","22":"purchasable","23":"product-type-variable"},"acf":[],"_links":{"self":[{"href":"https:\/\/healthyhead.dk\/de\/wp-json\/wp\/v2\/product\/278093","targetHints":{"allow":["GET"]}}],"collection":[{"href":"https:\/\/healthyhead.dk\/de\/wp-json\/wp\/v2\/product"}],"about":[{"href":"https:\/\/healthyhead.dk\/de\/wp-json\/wp\/v2\/types\/product"}],"version-history":[{"count":2,"href":"https:\/\/healthyhead.dk\/de\/wp-json\/wp\/v2\/product\/278093\/revisions"}],"predecessor-version":[{"id":280233,"href":"https:\/\/healthyhead.dk\/de\/wp-json\/wp\/v2\/product\/278093\/revisions\/280233"}],"wp:featuredmedia":[{"embeddable":true,"href":"https:\/\/healthyhead.dk\/de\/wp-json\/wp\/v2\/media\/259598"}],"wp:attachment":[{"href":"https:\/\/healthyhead.dk\/de\/wp-json\/wp\/v2\/media?parent=278093"}],"wp:term":[{"taxonomy":"product_brand","embeddable":true,"href":"https:\/\/healthyhead.dk\/de\/wp-json\/wp\/v2\/product_brand?post=278093"},{"taxonomy":"product_cat","embeddable":true,"href":"https:\/\/healthyhead.dk\/de\/wp-json\/wp\/v2\/product_cat?post=278093"},{"taxonomy":"product_tag","embeddable":true,"href":"https:\/\/healthyhead.dk\/de\/wp-json\/wp\/v2\/product_tag?post=278093"}],"curies":[{"name":"wp","href":"https:\/\/api.w.org\/{rel}","templated":true}]}}