{"id":280349,"date":"2025-04-15T10:59:40","date_gmt":"2025-04-15T10:59:40","guid":{"rendered":"https:\/\/new.healthyhead.dk\/vare\/cap-kasket-groenland-greenland-is-not-for-sale-roed-onesize\/"},"modified":"2025-10-03T09:27:44","modified_gmt":"2025-10-03T09:27:44","slug":"kappe-greenland-is-not-for-sale","status":"publish","type":"product","link":"https:\/\/healthyhead.dk\/de\/produkt\/kappe-greenland-is-not-for-sale\/","title":{"rendered":"Cap, Kappe, Gr\u00f6nland, Greenland Is Not For Sale, Rot, Einheitsgr\u00f6\u00dfe"},"content":{"rendered":"","protected":false},"excerpt":{"rendered":"<p><img decoding=\"async\" class=\"alignnone wp-image-7519\" src=\"\/wp-content\/uploads\/2024\/08\/Oeko-tex.svg\" alt=\"OEKO-tex\" width=\"46\" height=\"45\">OEKO-tex-zertifizierter Druck ohne sch\u00e4dliche Chemikalien<\/p>\n<p>&nbsp;<\/p>\n[cg_accordion title=\"Beschreibung\" open=\"open\"]<\/p>\n<div class=\"woocommerce-product-details__short-description\">\n<p>Eine stilvolle Kappe mit der Botschaft \u201eGreenland Is Not For Sale\u201c und der gr\u00f6nl\u00e4ndischen Flagge, die diskret an der Seite platziert ist. Ein Statement, das Widerstand gegen Trumps und die MAGA-Bewegung unternimmt, die versuchen, Spaltung und Polarisierung in Gr\u00f6nland zu erzeugen, und gleichzeitig Gr\u00f6nlands Recht auf Selbstbestimmung unterst\u00fctzt. Die Kappe hat einen verstellbaren Verschluss auf der R\u00fcckseite, der jedes Mal eine perfekte Passform gew\u00e4hrleistet.  <\/p>\n<ul>\n<li><b>Gr\u00f6\u00dfe:<\/b> Einheitsgr\u00f6\u00dfe<\/li>\n<li><strong>Passform:<\/strong> Verstellbarer Verschluss auf der R\u00fcckseite<\/li>\n<li><b>Druck:<\/b> D\u00e4nischer OEKO-tex zertifizierter Qualit\u00e4tsdruck ohne riskante Chemikalien<\/li>\n<\/ul>\n<\/div>\n<p>[\/cg_accordion]\n","protected":false},"featured_media":298538,"template":"","meta":{"_acf_changed":false},"product_brand":[],"product_cat":[662],"product_tag":[],"class_list":{"0":"post-280349","1":"product","2":"type-product","3":"status-publish","4":"has-post-thumbnail","6":"product_cat-groenland-boykott-usa","7":"pa_size-onesize-de","9":"first","10":"instock","11":"taxable","12":"shipping-taxable","13":"purchasable","14":"product-type-simple"},"acf":[],"_links":{"self":[{"href":"https:\/\/healthyhead.dk\/de\/wp-json\/wp\/v2\/product\/280349","targetHints":{"allow":["GET"]}}],"collection":[{"href":"https:\/\/healthyhead.dk\/de\/wp-json\/wp\/v2\/product"}],"about":[{"href":"https:\/\/healthyhead.dk\/de\/wp-json\/wp\/v2\/types\/product"}],"version-history":[{"count":0,"href":"https:\/\/healthyhead.dk\/de\/wp-json\/wp\/v2\/product\/280349\/revisions"}],"wp:featuredmedia":[{"embeddable":true,"href":"https:\/\/healthyhead.dk\/de\/wp-json\/wp\/v2\/media\/298538"}],"wp:attachment":[{"href":"https:\/\/healthyhead.dk\/de\/wp-json\/wp\/v2\/media?parent=280349"}],"wp:term":[{"taxonomy":"product_brand","embeddable":true,"href":"https:\/\/healthyhead.dk\/de\/wp-json\/wp\/v2\/product_brand?post=280349"},{"taxonomy":"product_cat","embeddable":true,"href":"https:\/\/healthyhead.dk\/de\/wp-json\/wp\/v2\/product_cat?post=280349"},{"taxonomy":"product_tag","embeddable":true,"href":"https:\/\/healthyhead.dk\/de\/wp-json\/wp\/v2\/product_tag?post=280349"}],"curies":[{"name":"wp","href":"https:\/\/api.w.org\/{rel}","templated":true}]}}