{"id":281604,"date":"2024-08-24T05:10:41","date_gmt":"2024-08-24T05:10:41","guid":{"rendered":"https:\/\/new.healthyhead.dk\/vare\/axel-marie-storebror-t-shirt-jeg-skal-vaere-storebror\/"},"modified":"2025-10-04T08:38:11","modified_gmt":"2025-10-04T08:38:11","slug":"t-shirt-axel-marie-ich-werde-grosser-bruder","status":"publish","type":"product","link":"https:\/\/healthyhead.dk\/de\/produkt\/t-shirt-axel-marie-ich-werde-grosser-bruder\/","title":{"rendered":"Axel &amp; Marie, T-Shirt, Gro\u00dfer Bruder, Ich werde gro\u00dfer Bruder"},"content":{"rendered":"","protected":false},"excerpt":{"rendered":"<p><img decoding=\"async\" class=\"alignnone wp-image-7519\" src=\"\/wp-content\/uploads\/2024\/08\/Oeko-tex.svg\" alt=\"OEKO-tex\" width=\"46\" height=\"45\">OEKO-tex-zertifizierter Druck ohne sch\u00e4dliche Chemikalien<\/p>\n<p><img decoding=\"async\" class=\"alignnone wp-image-7520\" src=\"\/wp-content\/uploads\/2024\/08\/Forvasket.svg\" alt=\"Vorgewaschen\" width=\"46\" height=\"45\">Vorgewaschen zur Minimierung der Schrumpfung<\/p>\n<p><img decoding=\"async\" class=\"alignnone wp-image-7533\" src=\"\/wp-content\/uploads\/2024\/08\/GOTS-.svg\" alt=\"GOTS\" width=\"46\" height=\"45\">GOTS-zertifiziertes Bio-T-Shirt<\/p>\n<p><img loading=\"lazy\" decoding=\"async\" class=\"alignnone wp-image-7533\" src=\"\/wp-content\/uploads\/2024\/08\/Lavet-i-dk-.svg\" alt=\"D\u00e4nisches Design von Axel Eriksen\" width=\"46\" height=\"45\">D\u00e4nisches Design von Axel Eriksen<\/p>\n<p>&nbsp;<\/p>\n[cg_accordion title=\"Beschreibung\" open=\"open\"]<\/p>\n<p>Axel &amp; Marie T-Shirt mit dem Text \u201eIch werde gro\u00dfer Bruder\u201c. Das T-Shirt zeigt ein s\u00fc\u00dfes Motiv des gro\u00dfen Bruders mit kleinem Bruder\/kleiner Schwester \u2013 Fantasietier aus dem Universum, gezeichnet von der d\u00e4nischen Designerin Marie Dyekj\u00e6r Eriksens, Gro\u00dfvater Axel Eriksen. Geschenkidee f\u00fcr Ihren Sohn oder Ihr Enkelkind, das bereits der Gro\u00dfe ist oder kurz davor steht, es zu werden.  <\/p>\n<p>Das T-Shirt wird aus 100% GOTS-zertifizierter Bio-Baumwolle mit OEKO-tex-zertifiziertem d\u00e4nischem Qualit\u00e4tsdruck hergestellt.<\/p>\n<ul>\n<li><b>Passform:<\/b> Normale Passform mit 2 cm mehr L\u00e4nge f\u00fcr l\u00e4ngere Haltbarkeit<\/li>\n<li><b>Material:<\/b> 100% GOTS-zertifizierte Bio-Baumwolle, 165 g\/m\u00b2<\/li>\n<li><b>Schrumpfen:<\/b> Das T-Shirt ist &#8218;vorgewaschen&#8216; und schrumpft daher nur minimal, wenn die Waschanleitung befolgt wird.<\/li>\n<li><b>Druck:<\/b> D\u00e4nischer OEKO-tex zertifizierter Qualit\u00e4tsdruck ohne riskante Chemikalien<\/li>\n<\/ul>\n<p>[\/cg_accordion]\n[cg_accordion title=\"Waschanleitung\"]<\/p>\n<p>Wir empfehlen, das T-Shirt bei 30 Grad zu waschen und nicht im Trockner zu trocknen, um die Umwelt zu sch\u00fctzen und die Lebensdauer des T-Shirts zu verl\u00e4ngern.<\/p>\n<p>Waschanleitung:<\/p>\n<p><img loading=\"lazy\" decoding=\"async\" class=\"wp-image-7353 alignleft\" src=\"\/wp-content\/uploads\/2024\/08\/Vaskeanvisning-305-t-shirt.svg\" alt=\"Waschanleitung-305 t-shirt\" width=\"270\" height=\"54\" srcset=\"https:\/\/healthyhead.dk\/wp-content\/uploads\/Vaskeanvisning-305-t-shirt.svg 150w, https:\/\/healthyhead.dk\/wp-content\/uploads\/Vaskeanvisning-305-t-shirt.svg 300w, https:\/\/healthyhead.dk\/wp-content\/uploads\/Vaskeanvisning-305-t-shirt.svg 768w, https:\/\/healthyhead.dk\/wp-content\/uploads\/Vaskeanvisning-305-t-shirt.svg 1024w, https:\/\/healthyhead.dk\/wp-content\/uploads\/Vaskeanvisning-305-t-shirt.svg 1230w\" sizes=\"(max-width: 270px) 100vw, 270px\" \/><\/p>\n<p>&nbsp;<\/p>\n<p>&nbsp;<\/p>\n<p>[\/cg_accordion]\n","protected":false},"featured_media":256062,"template":"","meta":{"_acf_changed":false},"product_brand":[576],"product_cat":[728],"product_tag":[],"class_list":{"0":"post-281604","1":"product","2":"type-product","3":"status-publish","4":"has-post-thumbnail","6":"product_brand-axel-marie","7":"product_cat-axel-marie","8":"pa_size-2-aar-de","9":"pa_size-4-6-aar-de","10":"pa_size-8-10-aar-de","11":"pa_size-12-14-aar-de","12":"pa_size-x-small-de","14":"first","15":"instock","16":"taxable","17":"shipping-taxable","18":"purchasable","19":"product-type-variable"},"acf":[],"_links":{"self":[{"href":"https:\/\/healthyhead.dk\/de\/wp-json\/wp\/v2\/product\/281604","targetHints":{"allow":["GET"]}}],"collection":[{"href":"https:\/\/healthyhead.dk\/de\/wp-json\/wp\/v2\/product"}],"about":[{"href":"https:\/\/healthyhead.dk\/de\/wp-json\/wp\/v2\/types\/product"}],"version-history":[{"count":0,"href":"https:\/\/healthyhead.dk\/de\/wp-json\/wp\/v2\/product\/281604\/revisions"}],"wp:featuredmedia":[{"embeddable":true,"href":"https:\/\/healthyhead.dk\/de\/wp-json\/wp\/v2\/media\/256062"}],"wp:attachment":[{"href":"https:\/\/healthyhead.dk\/de\/wp-json\/wp\/v2\/media?parent=281604"}],"wp:term":[{"taxonomy":"product_brand","embeddable":true,"href":"https:\/\/healthyhead.dk\/de\/wp-json\/wp\/v2\/product_brand?post=281604"},{"taxonomy":"product_cat","embeddable":true,"href":"https:\/\/healthyhead.dk\/de\/wp-json\/wp\/v2\/product_cat?post=281604"},{"taxonomy":"product_tag","embeddable":true,"href":"https:\/\/healthyhead.dk\/de\/wp-json\/wp\/v2\/product_tag?post=281604"}],"curies":[{"name":"wp","href":"https:\/\/api.w.org\/{rel}","templated":true}]}}