{"id":283056,"date":"2024-12-10T10:34:49","date_gmt":"2024-12-10T10:34:49","guid":{"rendered":"https:\/\/new.healthyhead.dk\/vare\/zao-okologisk-neglelakfjerner-100-ml\/"},"modified":"2025-10-04T06:22:57","modified_gmt":"2025-10-04T06:22:57","slug":"zao-okologischer-nagellackentferner-100-ml","status":"publish","type":"product","link":"https:\/\/healthyhead.dk\/de\/produkt\/zao-okologischer-nagellackentferner-100-ml\/","title":{"rendered":"ZAO, Bio-Nagellackentferner, 100 ml"},"content":{"rendered":"","protected":false},"excerpt":{"rendered":"<p><img decoding=\"async\" class=\"\" src=\"\/wp-content\/uploads\/2024\/08\/Ingen-kemi.svg\" alt=\"\" width=\"45\" height=\"45\">Keine endokrinen Disruptoren<\/p>\n<p><img decoding=\"async\" class=\"\" src=\"\/wp-content\/uploads\/2024\/08\/Ingen-allergifremkaldende.svg\" alt=\"\" width=\"46\" height=\"46\">Keine allergenen Stoffe<\/p>\n<p><img decoding=\"async\" class=\"\" src=\"\/wp-content\/uploads\/2024\/08\/Ingen-miljoebelastende.svg\" width=\"46\" height=\"46\">Keine umweltsch\u00e4dlichen Stoffe<\/p>\n<p><img loading=\"lazy\" decoding=\"async\" class=\"\" src=\"\/wp-content\/uploads\/2024\/08\/Ingen-parfume.svg\" width=\"46\" height=\"46\">Kein Parf\u00fcm<\/p>\n<p>&nbsp;<\/p>\n[cg_accordion title=\"Beschreibung des Produkts\" open=\"open\"]<\/p>\n<p>Der Bio-Nagellackentferner von ZAO ist v\u00f6llig frei von Aceton und Ethylacetat. Seine 100% nat\u00fcrliche Formel, die sowohl bio- als auch vegan-zertifiziert ist, entfernt sanft den Nagellack, ohne die Haut auszutrocknen oder die N\u00e4gel zu besch\u00e4digen. Aceton und Ethylacetat werden aufgrund ihrer Wirksamkeit und ihres attraktiven Preises am h\u00e4ufigsten verwendet. Sie wirken jedoch austrocknend auf Haut und N\u00e4gel und reizen die Augen und Atemwege. Deshalb hat ZAO einen Nagellackentferner entwickelt, der zu 100 % aus nat\u00fcrlichen Inhaltsstoffen besteht, frei von Aceton und Ethylacetat ist und eine Bio- und Vegan-Zertifizierung besitzt.    <\/p>\n<ul>\n<li><strong>Biologischer und veganer<\/strong> Nagellackentferner<\/li>\n<li><strong>Frei von Aceton und Ethylacetat<\/strong><\/li>\n<li><b>100% nat\u00fcrliche Formel<\/b><\/li>\n<li>Entfernt sanft Nagellack <strong>, ohne die Haut auszutrocknen oder die N\u00e4gel zu besch\u00e4digen<\/strong><b><\/b><\/li>\n<\/ul>\n<p><img loading=\"lazy\" decoding=\"async\" class=\"alignnone size-full wp-image-8916\" src=\"\/wp-content\/uploads\/2024\/08\/zao-certificeringer.jpg\" alt=\"\" width=\"479\" height=\"93\" srcset=\"https:\/\/i0.wp.com\/healthyhead.dk\/wp-content\/uploads\/2024\/08\/zao-certificeringer.jpg?w=479&amp;ssl=1 479w, https:\/\/i0.wp.com\/healthyhead.dk\/wp-content\/uploads\/2024\/08\/zao-certificeringer.jpg?resize=300%2C58&amp;ssl=1 300w, https:\/\/i0.wp.com\/healthyhead.dk\/wp-content\/uploads\/2024\/08\/zao-certificeringer.jpg?resize=441%2C86&amp;ssl=1 441w, https:\/\/i0.wp.com\/healthyhead.dk\/wp-content\/uploads\/2024\/08\/zao-certificeringer.jpg?resize=150%2C29&amp;ssl=1 150w\" sizes=\"(max-width: 479px) 100vw, 479px\" \/><br \/>\n[\/cg_accordion]\n[cg_accordion title=\"Tipps f\u00fcr die Verwendung\"]<\/p>\n<ul>\n<li>Befeuchten Sie ein Wattepad mit Nagellackentferner und legen Sie es f\u00fcr einige Sekunden auf den Nagel.<\/li>\n<li>Reiben Sie dann vorsichtig mit dem Wattebausch \u00fcber den Nagel. Zum Schluss sp\u00fclen Sie Ihre H\u00e4nde mit Wasser ab. <\/li>\n<li>Kontakt mit den Augen vermeiden. Nicht verschlucken. Au\u00dferhalb der Reichweite von Kindern aufbewahren. Nicht der Hitze aussetzen.   <\/li>\n<\/ul>\n<p>[\/cg_accordion]\n[cg_accordion title=\"Inhaltsstoffe\"]<\/p>\n<p><b>INCI-Liste:<\/b> Alkohol*, Ethyl Lactate. *Inhaltsstoffe aus \u00f6kologischem Landbau <\/p>\n<p>[\/cg_accordion]\n","protected":false},"featured_media":258690,"template":"","meta":{"_acf_changed":false},"product_brand":[564],"product_cat":[869],"product_tag":[],"class_list":{"0":"post-283056","1":"product","2":"type-product","3":"status-publish","4":"has-post-thumbnail","6":"product_brand-zao","7":"product_cat-naegel","9":"first","10":"instock","11":"taxable","12":"shipping-taxable","13":"purchasable","14":"product-type-simple"},"acf":[],"_links":{"self":[{"href":"https:\/\/healthyhead.dk\/de\/wp-json\/wp\/v2\/product\/283056","targetHints":{"allow":["GET"]}}],"collection":[{"href":"https:\/\/healthyhead.dk\/de\/wp-json\/wp\/v2\/product"}],"about":[{"href":"https:\/\/healthyhead.dk\/de\/wp-json\/wp\/v2\/types\/product"}],"version-history":[{"count":0,"href":"https:\/\/healthyhead.dk\/de\/wp-json\/wp\/v2\/product\/283056\/revisions"}],"wp:featuredmedia":[{"embeddable":true,"href":"https:\/\/healthyhead.dk\/de\/wp-json\/wp\/v2\/media\/258690"}],"wp:attachment":[{"href":"https:\/\/healthyhead.dk\/de\/wp-json\/wp\/v2\/media?parent=283056"}],"wp:term":[{"taxonomy":"product_brand","embeddable":true,"href":"https:\/\/healthyhead.dk\/de\/wp-json\/wp\/v2\/product_brand?post=283056"},{"taxonomy":"product_cat","embeddable":true,"href":"https:\/\/healthyhead.dk\/de\/wp-json\/wp\/v2\/product_cat?post=283056"},{"taxonomy":"product_tag","embeddable":true,"href":"https:\/\/healthyhead.dk\/de\/wp-json\/wp\/v2\/product_tag?post=283056"}],"curies":[{"name":"wp","href":"https:\/\/api.w.org\/{rel}","templated":true}]}}