{"id":287202,"date":"2024-08-15T19:46:23","date_gmt":"2024-08-15T19:46:23","guid":{"rendered":"https:\/\/healthyhead.dk\/vare\/t-shirt-vis-din-stoette-til-ukraine-zelensky-emblem\/"},"modified":"2026-01-05T10:53:02","modified_gmt":"2026-01-05T10:53:02","slug":"zeig-deinen-stiefel-zur-ukraine-zelensky-emblem-t-shirt","status":"publish","type":"product","link":"https:\/\/healthyhead.dk\/de\/produkt\/zeig-deinen-stiefel-zur-ukraine-zelensky-emblem-t-shirt\/","title":{"rendered":"T-shirt, Ukraine, Zeigen Sie Ihre Unterst\u00fctzung f\u00fcr die Ukraine, Zelenskyj, Emblem"},"content":{"rendered":"","protected":false},"excerpt":{"rendered":"<p><img decoding=\"async\" class=\"alignnone wp-image-7519\" src=\"\/wp-content\/uploads\/2024\/08\/Oeko-tex.svg\" alt=\"OEKO-tex\" width=\"46\" height=\"45\">OEKO-tex-zertifizierter Druck ohne sch\u00e4dliche Chemikalien<\/p>\n<p><img decoding=\"async\" class=\"alignnone wp-image-7520\" src=\"\/wp-content\/uploads\/2024\/08\/Forvasket.svg\" alt=\"Vorgewaschen\" width=\"46\" height=\"45\">Vorgewaschen zur Minimierung der Schrumpfung<\/p>\n<p><img decoding=\"async\" class=\"alignnone wp-image-7533\" src=\"\/wp-content\/uploads\/2024\/08\/GOTS-.svg\" alt=\"GOTS\" width=\"46\" height=\"45\">GOTS-zertifiziertes Bio-T-Shirt<\/p>\n<p>&nbsp;<\/p>\n[cg_accordion title=\"Beschreibung\" open=\"open\"]<\/p>\n<p>Zeigen Sie Ihre Sympathie f\u00fcr das ukrainische Volk mit diesem Bio-T-Shirt, das ein dezentes Tryzub-Symbol auf der Brust tr\u00e4gt. Der Tryzub ist das alte Staatssymbol der Ukraine, das auf F\u00fcrst Wolodimir den Gro\u00dfen zur\u00fcckgeht und den ukrainischen Staat, die Freiheit und die nationale Identit\u00e4t repr\u00e4sentiert.<\/p>\n<p>Heute ist das Symbol zu einem starken Zeichen der Einheit und des Widerstands geworden und wird h\u00e4ufig vom ukrainischen Pr\u00e4sidenten Wolodymyr Zelenskyj selbst getragen. Deshalb ist dieses T-Shirt eine diskrete, aber klare Art, seine Unterst\u00fctzung f\u00fcr die Ukraine zu zeigen &#8211; sowohl im Alltag als auch bei besonderen Anl\u00e4ssen.<\/p>\n<p>Das T-Shirt ist aus robuster 100%iger Bio-Baumwolle gefertigt und mit einem d\u00e4nischen OEKO-TEX-zertifizierten Qualit\u00e4tsdruck ohne sch\u00e4dliche Chemikalien bedruckt, so dass Sie Ihre Unterst\u00fctzung mit gutem Gewissen zeigen k\u00f6nnen.<\/p>\n<ul>\n<li><b>Passform:<\/b> Normale Passform mit 2 cm mehr L\u00e4nge f\u00fcr l\u00e4ngere Haltbarkeit<\/li>\n<li><b>Material:<\/b> 100% GOTS-zertifizierte Bio-Baumwolle, 165 g\/m\u00b2<\/li>\n<li><b>Schrumpfen:<\/b> Das T-Shirt ist &#8218;vorgewaschen&#8216; und schrumpft daher nur minimal, wenn die Waschanleitung befolgt wird.<\/li>\n<li><b>Druck:<\/b> D\u00e4nischer OEKO-tex zertifizierter Qualit\u00e4tsdruck ohne riskante Chemikalien<\/li>\n<\/ul>\n<p>[\/cg_accordion]\n[cg_accordion title=\"Waschanleitung\"]<\/p>\n<p>Wir empfehlen, das T-Shirt bei 30 Grad zu waschen und nicht im Trockner zu trocknen, um die Umwelt zu sch\u00fctzen und die Lebensdauer des T-Shirts zu verl\u00e4ngern.<\/p>\n<p><img loading=\"lazy\" decoding=\"async\" class=\"wp-image-7353 alignleft\" src=\"\/wp-content\/uploads\/2024\/08\/Vaskeanvisning-305-t-shirt.svg\" alt=\"Waschanleitung-305 t-shirt\" width=\"270\" height=\"54\" srcset=\"https:\/\/healthyhead.dk\/wp-content\/uploads\/Vaskeanvisning-305-t-shirt.svg 150w, https:\/\/healthyhead.dk\/wp-content\/uploads\/Vaskeanvisning-305-t-shirt.svg 300w, https:\/\/healthyhead.dk\/wp-content\/uploads\/Vaskeanvisning-305-t-shirt.svg 768w, https:\/\/healthyhead.dk\/wp-content\/uploads\/Vaskeanvisning-305-t-shirt.svg 1024w, https:\/\/healthyhead.dk\/wp-content\/uploads\/Vaskeanvisning-305-t-shirt.svg 1230w\" sizes=\"(max-width: 270px) 100vw, 270px\" \/><\/p>\n<p>&nbsp;<\/p>\n<p>&nbsp;<\/p>\n<p>[\/cg_accordion]\n","protected":false},"featured_media":295230,"template":"","meta":{"_acf_changed":false},"product_brand":[],"product_cat":[720],"product_tag":[],"class_list":{"0":"post-287202","1":"product","2":"type-product","3":"status-publish","4":"has-post-thumbnail","6":"product_cat-ukraine-t-shirts","7":"pa_size-2-aar-de","8":"pa_size-4-6-aar-de","9":"pa_size-8-10-aar-de","10":"pa_size-12-14-aar-de","11":"pa_size-x-small-de","12":"pa_size-small-de","13":"pa_size-medium-de","14":"pa_size-large-de","15":"pa_size-x-large-de","16":"pa_size-xx-large-de","17":"pa_size-3x-large-de","19":"first","20":"instock","21":"taxable","22":"shipping-taxable","23":"purchasable","24":"product-type-variable","25":"has-default-attributes"},"acf":[],"_links":{"self":[{"href":"https:\/\/healthyhead.dk\/de\/wp-json\/wp\/v2\/product\/287202","targetHints":{"allow":["GET"]}}],"collection":[{"href":"https:\/\/healthyhead.dk\/de\/wp-json\/wp\/v2\/product"}],"about":[{"href":"https:\/\/healthyhead.dk\/de\/wp-json\/wp\/v2\/types\/product"}],"version-history":[{"count":2,"href":"https:\/\/healthyhead.dk\/de\/wp-json\/wp\/v2\/product\/287202\/revisions"}],"predecessor-version":[{"id":295202,"href":"https:\/\/healthyhead.dk\/de\/wp-json\/wp\/v2\/product\/287202\/revisions\/295202"}],"wp:featuredmedia":[{"embeddable":true,"href":"https:\/\/healthyhead.dk\/de\/wp-json\/wp\/v2\/media\/295230"}],"wp:attachment":[{"href":"https:\/\/healthyhead.dk\/de\/wp-json\/wp\/v2\/media?parent=287202"}],"wp:term":[{"taxonomy":"product_brand","embeddable":true,"href":"https:\/\/healthyhead.dk\/de\/wp-json\/wp\/v2\/product_brand?post=287202"},{"taxonomy":"product_cat","embeddable":true,"href":"https:\/\/healthyhead.dk\/de\/wp-json\/wp\/v2\/product_cat?post=287202"},{"taxonomy":"product_tag","embeddable":true,"href":"https:\/\/healthyhead.dk\/de\/wp-json\/wp\/v2\/product_tag?post=287202"}],"curies":[{"name":"wp","href":"https:\/\/api.w.org\/{rel}","templated":true}]}}