{"id":288621,"date":"2025-11-06T10:23:04","date_gmt":"2025-11-06T10:23:04","guid":{"rendered":"https:\/\/healthyhead.dk\/vare\/winter-folk-manicure-naturlig-neglelak-gaveaeske-jul-limited-ed\/"},"modified":"2025-11-11T17:54:24","modified_gmt":"2025-11-11T17:54:24","slug":"winter-folk-manikuere-natuerlicher-nagellack-geschenkbox","status":"publish","type":"product","link":"https:\/\/healthyhead.dk\/de\/produkt\/winter-folk-manikuere-natuerlicher-nagellack-geschenkbox\/","title":{"rendered":"Winter Folk Manik\u00fcre Nat\u00fcrlicher Nagellack, Geschenkbox, Weihnachten, Limited ed."},"content":{"rendered":"","protected":false},"excerpt":{"rendered":"<p><img decoding=\"async\" class=\"\" src=\"\/wp-content\/uploads\/2024\/08\/Ingen-kemi.svg\" alt=\"\" width=\"45\" height=\"45\">Keine hormonst\u00f6renden Substanzen<\/p>\n<p><img decoding=\"async\" class=\"\" src=\"\/wp-content\/uploads\/2024\/08\/Ingen-allergifremkaldende.svg\" alt=\"\" width=\"46\" height=\"46\">Keine allergieausl\u00f6senden Stoffe<\/p>\n<p><img decoding=\"async\" class=\"\" src=\"\/wp-content\/uploads\/2024\/08\/Ingen-miljoebelastende.svg\" width=\"46\" height=\"46\">Keine umweltbelastenden Stoffe<\/p>\n<p><img loading=\"lazy\" decoding=\"async\" class=\"\" src=\"\/wp-content\/uploads\/2024\/08\/Ingen-parfume.svg\" width=\"46\" height=\"46\">Kein Parf\u00fcm<\/p>\n<p>&nbsp;<\/p>\n[cg_accordion title=\"Beschreibung\" open=\"open\"]<\/p>\n<p>&nbsp;<\/p>\n<p>Winter Folk Manik\u00fcre ist unsere neue Geschenkbox f\u00fcr Weihnachten mit biobasierten und nat\u00fcrlichen Nagellacken. Sie enth\u00e4lt drei Nagellacke in neuen Farben und einen Base &amp; Top Coat, sodass Sie den Weihnachtsfeiern mit sch\u00f6nen N\u00e4geln entgegengehen k\u00f6nnen.  Die Nagellacke von ZAO sind frei von zehn der sch\u00e4dlichsten Inhaltsstoffe, die h\u00e4ufig in herk\u00f6mmlichen Nagellacken enthalten sind. Verleihen Sie Ihren N\u00e4geln eine sch\u00f6ne Farbe, ohne Kompromisse bei Qualit\u00e4t, Umwelt oder Gesundheit einzugehen. <\/p>\n<p>In der Box finden Sie: Khaki 683 \u2013 ein sch\u00f6ner khakigr\u00fcner Nagellack, Terracotta 685 \u2013 Nagellack in einer sch\u00f6nen braunroten Farbe, Dor\u00e9 686 \u2013 ein sch\u00f6ner goldperlenfarbener Nagellack, Base &amp; Top Coat 636 \u2013 der Ihre N\u00e4gel u. a. mit Kiesels\u00e4ure aus Bambus st\u00e4rkt und Ihren Nagellack l\u00e4nger haltbar macht.<\/p>\n<ul>\n<li>Geschenkbox mit Nagellack und Base &amp; Top Coat <strong>ohne Chemie<\/strong><\/li>\n<li>Sie enth\u00e4lt: Khaki 683, Terracotta 685, Dor\u00e9 686, Base &amp; Top Coat 636<\/li>\n<li>Trocknet schnell und hat eine <b>lange Haltbarkeit<\/b><\/li>\n<li>Angereichert mit Bio-Silica aus Bambus, das <b>Ihre N\u00e4gel st\u00e4rkt<\/b><\/li>\n<li>74-84 % der Inhaltsstoffe sind nat\u00fcrlich (variiert je nach Farbe). Die <b>nat\u00fcrlichen Inhaltsstoffe<\/b> basieren auf Mais, Kartoffeln, Maniok und Weizen <\/li>\n<li>Frei von sch\u00e4dlichen Inhaltsstoffen (einschlie\u00dflich Phthalaten)<\/li>\n<\/ul>\n<p>[\/cg_accordion]\n[cg_accordion title=\"Anwendungstipps\"]<\/p>\n<ul>\n<li>\n<div class=\"flex-shrink-0 flex flex-col relative items-end\">\n<div>\n<div class=\"pt-0\">\n<div class=\"gizmo-bot-avatar flex h-8 w-8 items-center justify-center overflow-hidden rounded-full\">\n<div class=\"relative p-1 rounded-sm flex items-center justify-center bg-token-main-surface-primary text-token-text-primary h-8 w-8\">Tragen Sie das \u00d6l auf den Nagel und seine Kontur auf und massieren Sie es sanft ein, bis es vollst\u00e4ndig eingezogen ist.<\/div>\n<div class=\"relative p-1 rounded-sm flex items-center justify-center bg-token-main-surface-primary text-token-text-primary h-8 w-8\">TIPP: Wenn Sie unmittelbar danach Ihre Manik\u00fcre machen m\u00f6chten, denken Sie daran, den Nagel zu entfetten\/reinigen.<\/div>\n<\/div>\n<\/div>\n<\/div>\n<\/div>\n<\/li>\n<\/ul>\n<p>[\/cg_accordion]\n[cg_accordion title=\"Inhaltsstoffe\"]<\/p>\n<p><span style=\"font-weight: 400;\">Angereichert mit<\/span><b> Bio-S\u00fc\u00dfmandel\u00f6l und Kukuinuss\u00f6l, <\/b><span style=\"font-weight: 400;\">die f\u00fcr ihre n\u00e4hrenden und reparierenden Eigenschaften bekannt sind<\/span><\/p>\n<p><b>INCI-Liste:<\/b>Prunus Amygdalus Dulcis (Sweet Almond) Oil, Helianthus Annuus (Sunflower) Seed Oil, Adansonia Digitata Seed Oil, Passiflora Edulis Seed Oil, Aleurites Moluccanus Seed Oil, Cocos Nucifera (Coconut) Oil, Juglans Regia (Walnut) Seed Oil, Tocopheryl Acetate, Tocopherol, Bambusa Vulgaris Sap Extract, Parfum (Fragrance).<\/p>\n<p>[\/cg_accordion]\n<p>&nbsp;<\/p>\n","protected":false},"featured_media":288234,"template":"","meta":{"_acf_changed":false},"product_brand":[564,1159],"product_cat":[869,873],"product_tag":[],"class_list":{"0":"post-288621","1":"product","2":"type-product","3":"status-publish","4":"has-post-thumbnail","6":"product_brand-zao","7":"product_brand-zao-nagellack","8":"product_cat-naegel","9":"product_cat-nagellack","11":"first","12":"instock","13":"taxable","14":"shipping-taxable","15":"purchasable","16":"product-type-simple"},"acf":[],"_links":{"self":[{"href":"https:\/\/healthyhead.dk\/de\/wp-json\/wp\/v2\/product\/288621","targetHints":{"allow":["GET"]}}],"collection":[{"href":"https:\/\/healthyhead.dk\/de\/wp-json\/wp\/v2\/product"}],"about":[{"href":"https:\/\/healthyhead.dk\/de\/wp-json\/wp\/v2\/types\/product"}],"version-history":[{"count":1,"href":"https:\/\/healthyhead.dk\/de\/wp-json\/wp\/v2\/product\/288621\/revisions"}],"predecessor-version":[{"id":288623,"href":"https:\/\/healthyhead.dk\/de\/wp-json\/wp\/v2\/product\/288621\/revisions\/288623"}],"wp:featuredmedia":[{"embeddable":true,"href":"https:\/\/healthyhead.dk\/de\/wp-json\/wp\/v2\/media\/288234"}],"wp:attachment":[{"href":"https:\/\/healthyhead.dk\/de\/wp-json\/wp\/v2\/media?parent=288621"}],"wp:term":[{"taxonomy":"product_brand","embeddable":true,"href":"https:\/\/healthyhead.dk\/de\/wp-json\/wp\/v2\/product_brand?post=288621"},{"taxonomy":"product_cat","embeddable":true,"href":"https:\/\/healthyhead.dk\/de\/wp-json\/wp\/v2\/product_cat?post=288621"},{"taxonomy":"product_tag","embeddable":true,"href":"https:\/\/healthyhead.dk\/de\/wp-json\/wp\/v2\/product_tag?post=288621"}],"curies":[{"name":"wp","href":"https:\/\/api.w.org\/{rel}","templated":true}]}}