{"id":288740,"date":"2025-11-08T12:12:40","date_gmt":"2025-11-08T12:12:40","guid":{"rendered":"https:\/\/healthyhead.dk\/vare\/danmark-landsholdssaet-sports-t-shirt-og-shorts-med-tryk-eget-navn-og-nummer-boern\/"},"modified":"2025-11-11T20:03:12","modified_gmt":"2025-11-11T20:03:12","slug":"daenemark-nationalmannschafts-set-kinder-t-shirt-und-shorts","status":"publish","type":"product","link":"https:\/\/healthyhead.dk\/de\/produkt\/daenemark-nationalmannschafts-set-kinder-t-shirt-und-shorts\/","title":{"rendered":"D\u00e4nemark, Nationalmannschafts-Set, Kinder, T-Shirt und Shorts, mit Druck, eigener Name und Nummer"},"content":{"rendered":"","protected":false},"excerpt":{"rendered":"<p><img decoding=\"async\" class=\"alignnone wp-image-10433\" src=\"https:\/\/healthyhead.dk\/wp-content\/uploads\/2024\/09\/Fitted-t-shirt-icon.png\" alt=\"\" width=\"47\" height=\"46\">Leichte und atmungsaktive Passform, perfekt f\u00fcr alle Arten von sportlichen Aktivit\u00e4ten<\/p>\n<p><img decoding=\"async\" class=\"alignnone wp-image-288013\" src=\"https:\/\/healthyhead.dk\/wp-content\/uploads\/2025\/11\/Drytech-ikon.jpg\" alt=\"\" width=\"47\" height=\"46\" srcset=\"https:\/\/i0.wp.com\/healthyhead.dk\/wp-content\/uploads\/2025\/11\/Drytech-ikon.jpg?w=2110&amp;ssl=1 2110w, https:\/\/i0.wp.com\/healthyhead.dk\/wp-content\/uploads\/2025\/11\/Drytech-ikon.jpg?resize=300%2C293&amp;ssl=1 300w, https:\/\/i0.wp.com\/healthyhead.dk\/wp-content\/uploads\/2025\/11\/Drytech-ikon.jpg?resize=1024%2C1000&amp;ssl=1 1024w, https:\/\/i0.wp.com\/healthyhead.dk\/wp-content\/uploads\/2025\/11\/Drytech-ikon.jpg?resize=150%2C146&amp;ssl=1 150w, https:\/\/i0.wp.com\/healthyhead.dk\/wp-content\/uploads\/2025\/11\/Drytech-ikon.jpg?resize=768%2C750&amp;ssl=1 768w, https:\/\/i0.wp.com\/healthyhead.dk\/wp-content\/uploads\/2025\/11\/Drytech-ikon.jpg?resize=1536%2C1500&amp;ssl=1 1536w, https:\/\/i0.wp.com\/healthyhead.dk\/wp-content\/uploads\/2025\/11\/Drytech-ikon.jpg?resize=2048%2C1999&amp;ssl=1 2048w, https:\/\/i0.wp.com\/healthyhead.dk\/wp-content\/uploads\/2025\/11\/Drytech-ikon.jpg?resize=990%2C967&amp;ssl=1 990w, https:\/\/i0.wp.com\/healthyhead.dk\/wp-content\/uploads\/2025\/11\/Drytech-ikon.jpg?resize=441%2C431&amp;ssl=1 441w, https:\/\/i0.wp.com\/healthyhead.dk\/wp-content\/uploads\/2025\/11\/Drytech-ikon.jpg?resize=100%2C100&amp;ssl=1 100w, https:\/\/i0.wp.com\/healthyhead.dk\/wp-content\/uploads\/2025\/11\/Drytech-ikon.jpg?resize=800%2C781&amp;ssl=1 800w\" sizes=\"(max-width: 47px) 100vw, 47px\" \/>Schwei\u00dftransportierendes DRY-TECH Polyestermaterial<\/p>\n<p><img decoding=\"async\" class=\"alignnone wp-image-7533\" src=\"\/wp-content\/uploads\/2024\/08\/Forvasket.svg\" alt=\"Vorgewaschen\" width=\"46\" height=\"45\">Beh\u00e4lt Form und Farbe auch nach dem Waschen<\/p>\n<p>&nbsp;<\/p>\n[cg_accordion title=\"Beschreibung\" open=\"open\"]<\/p>\n<p>W\u00e4hlen Sie selbst Name und Nummer, die auf diesem Fu\u00dfballset in Rot und Wei\u00df f\u00fcr Kinder stehen sollen. Der gew\u00e4hlte Name wird auf den R\u00fccken des Trikots gedruckt, und die gew\u00e4hlte Zahl wird sowohl auf den R\u00fccken des Nationalmannschaftstrikots als auch auf die Vorderseite der Shorts gedruckt. Das Set ist aus kr\u00e4ftigem 100 % Polyester (DRY-TECH), 150 g\/m\u00b2 hergestellt und in D\u00e4nemark mit OEKO-TEX\u00ae-zertifiziertem Qualit\u00e4tsdruck ohne sch\u00e4dliche Chemie bedruckt.  <\/p>\n<p>Das Set ist f\u00fcr Aktivit\u00e4t und Bewegung konzipiert. Das atmungsaktive DRY-TECH-Material h\u00e4lt den K\u00f6rper trocken, und der elastische Bund mit Kordelzug sorgt daf\u00fcr, dass die Shorts unabh\u00e4ngig von der Aktivit\u00e4t perfekt sitzen. <\/p>\n<ul>\n<li>D\u00e4nemark Nationalmannschafts-Set mit eigenem Druck: <b>Name und Nummer w\u00e4hlen<\/b><\/li>\n<li><b>Druck:<\/b> D\u00e4nischer OEKO-tex zertifizierter Qualit\u00e4tsdruck ohne riskante Chemikalien<\/li>\n<li><b>Passform:<\/b> Leichte und flexible Passform, T-Shirt mit Raglan\u00e4rmeln und doppelten Seitenn\u00e4hten. Shorts mit elastischem Bund und Kordelzug f\u00fcr optimalen Komfort <\/li>\n<li><b>Material:<\/b> 100 % technisches DRY-TECH Polyester, 150 g\/m\u00b2<\/li>\n<li><strong>Details<\/strong>: Raglan\u00e4rmel, doppelte Seitenn\u00e4hte, elastischer Bund, Kordelzug und Seitenschlitze<\/li>\n<li><strong data-start=\"284\" data-end=\"294\" data-is-only-node=\"\">Pflege:<\/strong> Beh\u00e4lt Form und Farbe auch nach dem Waschen \u2013 trocknet schnell und erfordert kein B\u00fcgeln<\/li>\n<\/ul>\n<p>[\/cg_accordion]\n[cg_accordion title=\"Waschanleitung\"]<\/p>\n<p>Wir empfehlen, bei 30\u201340 Grad zu waschen und den Trockner zu vermeiden, um die DRY-TECH-Eigenschaften zu erhalten und die Lebensdauer zu verl\u00e4ngern.<\/p>\n<p><img loading=\"lazy\" decoding=\"async\" class=\"wp-image-7353 alignleft\" src=\"\/wp-content\/uploads\/2024\/08\/Vaskeanvisning-305-t-shirt.svg\" alt=\"Waschanleitung-305 t-shirt\" width=\"270\" height=\"54\" srcset=\"https:\/\/healthyhead.dk\/wp-content\/uploads\/Vaskeanvisning-305-t-shirt.svg 150w, https:\/\/healthyhead.dk\/wp-content\/uploads\/Vaskeanvisning-305-t-shirt.svg 300w, https:\/\/healthyhead.dk\/wp-content\/uploads\/Vaskeanvisning-305-t-shirt.svg 768w, https:\/\/healthyhead.dk\/wp-content\/uploads\/Vaskeanvisning-305-t-shirt.svg 1024w, https:\/\/healthyhead.dk\/wp-content\/uploads\/Vaskeanvisning-305-t-shirt.svg 1230w\" sizes=\"(max-width: 270px) 100vw, 270px\" \/><\/p>\n<p>&nbsp;<\/p>\n<p>&nbsp;<\/p>\n<p>[\/cg_accordion]\n","protected":false},"featured_media":288085,"template":"","meta":{"_acf_changed":false},"product_brand":[],"product_cat":[744],"product_tag":[1100],"class_list":{"0":"post-288740","1":"product","2":"type-product","3":"status-publish","4":"has-post-thumbnail","6":"product_cat-daenemark-nationalmannschaftsbekleidung","7":"product_tag-gestalte-dein-eigenes-produkt","8":"pa_size-5-6-aar-de","9":"pa_size-7-8-aar-de","10":"pa_size-9-10-aar-de","11":"pa_size-11-12-aar-de","13":"first","14":"instock","15":"taxable","16":"shipping-taxable","17":"purchasable","18":"product-type-variable","19":"has-default-attributes"},"acf":[],"_links":{"self":[{"href":"https:\/\/healthyhead.dk\/de\/wp-json\/wp\/v2\/product\/288740","targetHints":{"allow":["GET"]}}],"collection":[{"href":"https:\/\/healthyhead.dk\/de\/wp-json\/wp\/v2\/product"}],"about":[{"href":"https:\/\/healthyhead.dk\/de\/wp-json\/wp\/v2\/types\/product"}],"version-history":[{"count":1,"href":"https:\/\/healthyhead.dk\/de\/wp-json\/wp\/v2\/product\/288740\/revisions"}],"predecessor-version":[{"id":288768,"href":"https:\/\/healthyhead.dk\/de\/wp-json\/wp\/v2\/product\/288740\/revisions\/288768"}],"wp:featuredmedia":[{"embeddable":true,"href":"https:\/\/healthyhead.dk\/de\/wp-json\/wp\/v2\/media\/288085"}],"wp:attachment":[{"href":"https:\/\/healthyhead.dk\/de\/wp-json\/wp\/v2\/media?parent=288740"}],"wp:term":[{"taxonomy":"product_brand","embeddable":true,"href":"https:\/\/healthyhead.dk\/de\/wp-json\/wp\/v2\/product_brand?post=288740"},{"taxonomy":"product_cat","embeddable":true,"href":"https:\/\/healthyhead.dk\/de\/wp-json\/wp\/v2\/product_cat?post=288740"},{"taxonomy":"product_tag","embeddable":true,"href":"https:\/\/healthyhead.dk\/de\/wp-json\/wp\/v2\/product_tag?post=288740"}],"curies":[{"name":"wp","href":"https:\/\/api.w.org\/{rel}","templated":true}]}}