{"id":289456,"date":"2025-11-16T14:11:23","date_gmt":"2025-11-16T14:11:23","guid":{"rendered":"https:\/\/healthyhead.dk\/vare\/zao-oekologisk-foundation-pro-fusion\/"},"modified":"2025-11-18T20:42:00","modified_gmt":"2025-11-18T20:42:00","slug":"zao-oekologische-foundation-pro-fusion","status":"publish","type":"product","link":"https:\/\/healthyhead.dk\/de\/produkt\/zao-oekologische-foundation-pro-fusion\/","title":{"rendered":"ZAO, \u00d6kologische Fl\u00fcssig-Foundation, Pro Fusion"},"content":{"rendered":"","protected":false},"excerpt":{"rendered":"<p><img decoding=\"async\" class=\"\" src=\"\/wp-content\/uploads\/2024\/08\/Ingen-kemi.svg\" alt=\"\" width=\"45\" height=\"45\">Keine hormonst\u00f6renden Substanzen<\/p>\n<p><img decoding=\"async\" class=\"\" src=\"\/wp-content\/uploads\/2024\/08\/Ingen-allergifremkaldende.svg\" alt=\"\" width=\"46\" height=\"46\">Keine allergieausl\u00f6senden Stoffe<\/p>\n<p><img decoding=\"async\" class=\"\" src=\"\/wp-content\/uploads\/2024\/08\/Ingen-miljoebelastende.svg\" width=\"46\" height=\"46\">Keine umweltbelastenden Stoffe<\/p>\n<p><img loading=\"lazy\" decoding=\"async\" class=\"\" src=\"\/wp-content\/uploads\/2024\/08\/indeholder-parfume.svg\" width=\"46\" height=\"46\">Enth\u00e4lt eine sehr geringe Menge an hypoallergenen und 100% nat\u00fcrlichen Duftstoffen<\/p>\n<p>&nbsp;<\/p>\n[cg_accordion title=\"Beschreibung des Produkts\" open=\"open\"]<\/p>\n<p>Pro&#8217;fusion ist ZAO\u2019s neue \u00f6kologische und vegane Fl\u00fcssig-Foundation, hergestellt aus 98,9 % nat\u00fcrlichen Inhaltsstoffen und entwickelt mit Fokus auf Leistung und Hautpflege.<\/p>\n<p>Pro&#8217;fusion ist eine leichte und strahlende Foundation, die ein ebenm\u00e4\u00dfiges und nat\u00fcrliches Finish verleiht. Die cremige, deckende Textur verschmilzt mit der Haut und hinterl\u00e4sst ein einheitliches Ergebnis, das die nat\u00fcrliche Ausstrahlung der Haut hervorhebt.  Die Formel ist mit Bambusextrakt angereichert \u2013 einer nat\u00fcrlichen Quelle f\u00fcr organische Kieselerde, bekannt daf\u00fcr, die Elastizit\u00e4t, den Feuchtigkeitshaushalt und die Zellerneuerung der Haut zu verbessern und f\u00fcr ihre beruhigenden, entz\u00fcndungshemmenden Eigenschaften.<\/p>\n<p>Diese Foundation ist besonders geeignet f\u00fcr normale, Mischhaut und fettige Haut.<\/p>\n<ul>\n<li>98,9 % nat\u00fcrliche Inhaltsstoffe<\/li>\n<li>Zertifiziert \u00f6kologisch und vegan<\/li>\n<li>Leichtes, leuchtendes und nat\u00fcrliches Finish<\/li>\n<li>Angereichert mit Bambusextrakt zur Pflege und Feuchtigkeit<\/li>\n<li>Unterst\u00fctzt Elastizit\u00e4t, Zellerneuerung und die Balance der Haut<\/li>\n<li>Ideal f\u00fcr normale, Mischhaut und fettige Haut<\/li>\n<\/ul>\n<p><img loading=\"lazy\" decoding=\"async\" class=\"alignnone size-full wp-image-8916\" src=\"\/wp-content\/uploads\/2024\/08\/zao-certificeringer.jpg\" alt=\"\" width=\"479\" height=\"93\" srcset=\"https:\/\/i0.wp.com\/healthyhead.dk\/wp-content\/uploads\/2024\/08\/zao-certificeringer.jpg?w=479&amp;ssl=1 479w, https:\/\/i0.wp.com\/healthyhead.dk\/wp-content\/uploads\/2024\/08\/zao-certificeringer.jpg?resize=300%2C58&amp;ssl=1 300w, https:\/\/i0.wp.com\/healthyhead.dk\/wp-content\/uploads\/2024\/08\/zao-certificeringer.jpg?resize=441%2C86&amp;ssl=1 441w, https:\/\/i0.wp.com\/healthyhead.dk\/wp-content\/uploads\/2024\/08\/zao-certificeringer.jpg?resize=150%2C29&amp;ssl=1 150w\" sizes=\"(max-width: 479px) 100vw, 479px\" \/><br \/>\n[\/cg_accordion]\n[cg_accordion title=\"Anwendungstipps\"]<\/p>\n<ul>\n<li>Tragen Sie zuerst eine der ZAO\u2019s Complexion Base (700, 750 oder 751) auf, um die Haut vorzubereiten.<\/li>\n<li>Geben Sie eine kleine Menge Pro&#8217;fusion Foundation auf den Handr\u00fccken und w\u00e4rmen Sie das Produkt mit dem 714 Duo Fibre Foundation Brush auf.<\/li>\n<li>Tragen Sie die Foundation mit kreisenden Bewegungen auf, um eine gleichm\u00e4\u00dfige und einheitliche Verteilung zu erzielen.<\/li>\n<li>F\u00fcr einen nat\u00fcrlichen Look: Arbeiten Sie leicht mit den wei\u00dfen Spitzen des 714 Duo Fibre Foundation Brush.<\/li>\n<li>F\u00fcr einen deckenderen und anspruchsvolleren Look: Dr\u00fccken Sie fester, um die dichteren schwarzen Borsten zu verwenden, oder verwenden Sie den 711 Foundation Brush.<\/li>\n<\/ul>\n<p>[\/cg_accordion]\n[cg_accordion title=\"Inhaltsstoffe\"]<\/p>\n<p><b>\u00d6kologisches Bambus-Hydrolat<\/b><br \/>\nHergestellt durch Destillation von Bambusbl\u00e4ttern; es reinigt Mischhaut und zu Akne neigende Haut, indem es sie mattiert. Feuchtigkeitsspendend und beruhigend, ist es auch f\u00fcr trockene und empfindliche Haut von Vorteil. Dank seines Reichtums an Silizium hinterl\u00e4sst es die Haut mit einem weichen Finish.<\/p>\n<p><b>Bambus-Pulver<\/b><br \/>\nWei\u00dfer Stoff, der aus den Kniegelenken des Bambus gewonnen wird. Dank seines hohen Gehalts an Silizium remineralisiert und befeuchtet es die Haut und tr\u00e4gt zur Regeneration der Haut bei, w\u00e4hrend es gleichzeitig den Glanz bei Mischhaut und fettiger Haut reduziert.<\/p>\n<p><b>\u00d6kologisches Gerstenst\u00e4ngelwasser<\/b><br \/>\nGerstenst\u00e4ngelwasser wird durch Destillation der Pflanzenzellen aus jungen Gerstensprossen gewonnen. Es st\u00e4rkt und regeneriert die Haut und hat entz\u00fcndungshemmende Eigenschaften.<\/p>\n<p><b>INCI-Liste:<\/b> Aqua (Water), Hordeum Vulgare (Barley) Stem Water*, Glycerin**, Phyllostachys Nigra Extract*, Octyldodecyl Stearoyl Stearate, Squalane, Sucrose Palmitate, Cetearyl Alcohol, Glyceryl Stearate, Potassium Palmitoyl Hydrolyzed Wheat Protein, Glyceryl Caprylate, Magnesium Aluminum Silicate, Parfum (Fragrance), Xanthan Gum, Tocopherol, Bambusa Arundinacea (Bamboo) Stem Powder, Helianthus Annuus (Sunflower) Seed Oil*, Bambusa Arundinacea (Bamboo) Stem Extract*, Dehydroacetic Acid, Citric Acid, Benzyl Alcohol, Potassium Sorbate, Sodium Benzoate.<br \/>\nMay Contain (+\/-): CI 77891 (Titanium Dioxide), CI 77491 (Iron Oxides), CI 77492 (Iron Oxides), CI 77499 (Iron Oxides). *Inhaltsstoffe aus biologischem Anbau. **Hergestellt mit biologischen Zutaten.<\/p>\n<p>[\/cg_accordion]\n","protected":false},"featured_media":289241,"template":"","meta":{"_acf_changed":false},"product_brand":[564],"product_cat":[823],"product_tag":[],"class_list":{"0":"post-289456","1":"product","2":"type-product","3":"status-publish","4":"has-post-thumbnail","6":"product_brand-zao","7":"product_cat-foundation-bb-cream","9":"first","10":"instock","11":"taxable","12":"shipping-taxable","13":"purchasable","14":"product-type-variable"},"acf":[],"_links":{"self":[{"href":"https:\/\/healthyhead.dk\/de\/wp-json\/wp\/v2\/product\/289456","targetHints":{"allow":["GET"]}}],"collection":[{"href":"https:\/\/healthyhead.dk\/de\/wp-json\/wp\/v2\/product"}],"about":[{"href":"https:\/\/healthyhead.dk\/de\/wp-json\/wp\/v2\/types\/product"}],"version-history":[{"count":2,"href":"https:\/\/healthyhead.dk\/de\/wp-json\/wp\/v2\/product\/289456\/revisions"}],"predecessor-version":[{"id":289605,"href":"https:\/\/healthyhead.dk\/de\/wp-json\/wp\/v2\/product\/289456\/revisions\/289605"}],"wp:featuredmedia":[{"embeddable":true,"href":"https:\/\/healthyhead.dk\/de\/wp-json\/wp\/v2\/media\/289241"}],"wp:attachment":[{"href":"https:\/\/healthyhead.dk\/de\/wp-json\/wp\/v2\/media?parent=289456"}],"wp:term":[{"taxonomy":"product_brand","embeddable":true,"href":"https:\/\/healthyhead.dk\/de\/wp-json\/wp\/v2\/product_brand?post=289456"},{"taxonomy":"product_cat","embeddable":true,"href":"https:\/\/healthyhead.dk\/de\/wp-json\/wp\/v2\/product_cat?post=289456"},{"taxonomy":"product_tag","embeddable":true,"href":"https:\/\/healthyhead.dk\/de\/wp-json\/wp\/v2\/product_tag?post=289456"}],"curies":[{"name":"wp","href":"https:\/\/api.w.org\/{rel}","templated":true}]}}