{"id":289769,"date":"2025-11-18T12:26:38","date_gmt":"2025-11-18T12:26:38","guid":{"rendered":"https:\/\/healthyhead.dk\/vare\/zao-oekologisk-second-skin-tinted-serum-foundation\/"},"modified":"2025-11-19T13:49:51","modified_gmt":"2025-11-19T13:49:51","slug":"zao-oekologische-second-skin-tinted-serum-foundation","status":"publish","type":"product","link":"https:\/\/healthyhead.dk\/de\/produkt\/zao-oekologische-second-skin-tinted-serum-foundation\/","title":{"rendered":"ZAO, \u00d6kologische Second Skin Tinted Serum Foundation"},"content":{"rendered":"","protected":false},"excerpt":{"rendered":"<p><img decoding=\"async\" class=\"\" src=\"\/wp-content\/uploads\/2024\/08\/Ingen-kemi.svg\" alt=\"\" width=\"45\" height=\"45\">Keine hormonst\u00f6renden Substanzen<\/p>\n<p><img decoding=\"async\" class=\"\" src=\"\/wp-content\/uploads\/2024\/08\/Ingen-allergifremkaldende.svg\" alt=\"\" width=\"46\" height=\"46\">Keine allergieausl\u00f6senden Stoffe<\/p>\n<p><img decoding=\"async\" class=\"\" src=\"\/wp-content\/uploads\/2024\/08\/Ingen-miljoebelastende.svg\" width=\"46\" height=\"46\">Keine umweltbelastenden Stoffe<\/p>\n<p><img loading=\"lazy\" decoding=\"async\" class=\"\" src=\"\/wp-content\/uploads\/2024\/08\/indeholder-parfume.svg\" width=\"46\" height=\"46\">Enth\u00e4lt eine sehr geringe Menge an hypoallergenen und 100% nat\u00fcrlichen Duftstoffen<\/p>\n<p>&nbsp;<\/p>\n[cg_accordion title=\"Beschreibung des Produkts\" open=\"open\"]<\/p>\n<p>Pro&#8217;fusion Tinted Serum ist in f\u00fcnf Nuancen erh\u00e4ltlich, die auf eine breite Palette von Hautt\u00f6nen abgestimmt sind. Es verleiht ein leichtes und nahezu unsichtbares Finish \u2013 perfekt f\u00fcr alle, die ein verbessertes, aber dennoch nat\u00fcrliches \u201eBare Skin\u201c-Aussehen w\u00fcnschen. Die leichte, fl\u00fcssige Konsistenz verschmilzt m\u00fchelos mit der Haut ohne sichtbare \u00dcberg\u00e4nge und hinterl\u00e4sst ein nat\u00fcrliches, strahlendes Ergebnis, das je nach Bedarf aufgebaut werden kann.<\/p>\n<p>Die Formel besteht zu 98,5 % aus nat\u00fcrlichen, biologisch zertifizierten Inhaltsstoffen und wirkt sowohl feuchtigkeitsspendend als auch beruhigend. Dies ist auf die Kombination aus biologischem Aloe Vera-Gel, das f\u00fcr seine feuchtigkeitsspendenden und lindernden Eigenschaften bekannt ist, und biologischem Gerstenst\u00e4ngelwasser mit nat\u00fcrlichen Antioxidantien zur\u00fcckzuf\u00fchren.<\/p>\n<p>Das Ergebnis ist ein ebenm\u00e4\u00dfigerer Hautton und eine Haut, die sich Tag f\u00fcr Tag angenehmer anf\u00fchlt.<\/p>\n<p>Besonders geeignet f\u00fcr Mischhaut, trockene und\/oder empfindliche Haut.<\/p>\n<ul>\n<li>Erh\u00e4ltlich in f\u00fcnf Nuancen, die zu einer breiten Palette von Hautt\u00f6nen passen<\/li>\n<li>Verleiht ein leichtes, nat\u00fcrliches und nahezu unsichtbares \u201eBare Skin\u201c-Finish<\/li>\n<li>Verschmilzt m\u00fchelos mit der Haut ohne sichtbare \u00dcberg\u00e4nge<\/li>\n<li>98,5 % nat\u00fcrliche und biologisch zertifizierte Inhaltsstoffe<\/li>\n<li>Feuchtigkeitsspendend und beruhigend dank biologischem Aloe Vera-Gel<\/li>\n<li>Antioxidativer Schutz durch biologisches Gerstenwasser<\/li>\n<li>Sorgt Tag f\u00fcr Tag f\u00fcr ein ebenm\u00e4\u00dfigeres und angenehmeres Hautbild<\/li>\n<li>Geeignet f\u00fcr Mischhaut, trockene und empfindliche Haut<\/li>\n<\/ul>\n<p><img loading=\"lazy\" decoding=\"async\" class=\"alignnone size-full wp-image-8916\" src=\"\/wp-content\/uploads\/2024\/08\/zao-certificeringer.jpg\" alt=\"\" width=\"479\" height=\"93\" srcset=\"https:\/\/i0.wp.com\/healthyhead.dk\/wp-content\/uploads\/2024\/08\/zao-certificeringer.jpg?w=479&amp;ssl=1 479w, https:\/\/i0.wp.com\/healthyhead.dk\/wp-content\/uploads\/2024\/08\/zao-certificeringer.jpg?resize=300%2C58&amp;ssl=1 300w, https:\/\/i0.wp.com\/healthyhead.dk\/wp-content\/uploads\/2024\/08\/zao-certificeringer.jpg?resize=441%2C86&amp;ssl=1 441w, https:\/\/i0.wp.com\/healthyhead.dk\/wp-content\/uploads\/2024\/08\/zao-certificeringer.jpg?resize=150%2C29&amp;ssl=1 150w\" sizes=\"(max-width: 479px) 100vw, 479px\" \/><br \/>\n[\/cg_accordion]\n[cg_accordion title=\"Anwendungstipps\"]<\/p>\n<ul>\n<li>Vor Gebrauch sch\u00fctteln<\/li>\n<li>Tragen Sie zuerst Ihre Feuchtigkeitspflege auf<\/li>\n<li>Geben Sie ein paar Tropfen des get\u00f6nten Serums auf Gesicht und Hals<\/li>\n<li>Verteilen Sie das Produkt mit einem Foundationpinsel<\/li>\n<li>F\u00fcr ein gleichm\u00e4\u00dfiges Ergebnis in kreisenden Bewegungen einarbeiten<\/li>\n<\/ul>\n<p>[\/cg_accordion]\n[cg_accordion title=\"Inhaltsstoffe\"]<\/p>\n<p><b>\u00d6kologischer Aloe Vera-Blattsaft:<\/b><\/p>\n<p>Wird aus dem Aloe Vera-Blatt gewonnen; dieser Inhaltsstoff hat viele gute Eigenschaften. Er ist ein ausgezeichneter Talgregulator und ein nat\u00fcrliches Antioxidans, das hilft, Poren zu minimieren und die Haut vor \u00e4u\u00dferen Einfl\u00fcssen zu sch\u00fctzen.<\/p>\n<p><b>\u00d6kologisches Gerstenwasser:<\/b><\/p>\n<p>Dieses Wasser wirkt als ein nat\u00fcrliches, entz\u00fcndungshemmendes Mittel f\u00fcr die Haut. Seine weichmachenden Eigenschaften helfen auch, die Haut zu entspannen und die Elastizit\u00e4t der Haut zu erh\u00f6hen.<\/p>\n<p><b>INCI-Liste:<\/b> INHALTSSTOFFE NAT\u00dcRLICHEN URSPRUNGS: 98,5% ZUTATEN AUS \u00d6KOLOGISCHEM LANDBAU: 21% INGREDIENTS LIST (F1): Aqua (Water), Hordeum Vulgare (Barley) Stem Water*, Caprylic\/Capric Triglyceride, Isoamyl Laurate, Propanediol, Aloe Barbadensis Leaf Juice*, Phyllostachys Nigra Extract*, Glyceryl Oleate Citrate, Benzyl Alcohol, Glyceryl Oleate, Magnesium Sulfate, Aluminum Hydroxide, Olea Europaea (Olive) Oil Unsaponifiables, Polyglyceryl-3 Polyricinoleate, Magnesium Stearate, Bambusa Arundinacea Stem Powder, Squalane, Helianthus Annuus (Sunflower) Seed Oil*, Dehydroacetic Acid, Citric Acid, Potassium Sorbate, Sodium Benzoate, Bambusa Arundinacea (Bamboo) Stem Extract*. May Contain (+\/-): CI 77891 (Titanium Dioxide), CI 77491 (Iron Oxides), CI 77492 (Iron Oxides), CI 77499 (Iron Oxides). *Inhaltsstoffe aus biologischem Anbau.<\/p>\n<p>[\/cg_accordion]\n","protected":false},"featured_media":289700,"template":"","meta":{"_acf_changed":false},"product_brand":[564],"product_cat":[823],"product_tag":[],"class_list":{"0":"post-289769","1":"product","2":"type-product","3":"status-publish","4":"has-post-thumbnail","6":"product_brand-zao","7":"product_cat-foundation-bb-cream","9":"first","10":"instock","11":"taxable","12":"shipping-taxable","13":"purchasable","14":"product-type-variable"},"acf":[],"_links":{"self":[{"href":"https:\/\/healthyhead.dk\/de\/wp-json\/wp\/v2\/product\/289769","targetHints":{"allow":["GET"]}}],"collection":[{"href":"https:\/\/healthyhead.dk\/de\/wp-json\/wp\/v2\/product"}],"about":[{"href":"https:\/\/healthyhead.dk\/de\/wp-json\/wp\/v2\/types\/product"}],"version-history":[{"count":1,"href":"https:\/\/healthyhead.dk\/de\/wp-json\/wp\/v2\/product\/289769\/revisions"}],"predecessor-version":[{"id":289781,"href":"https:\/\/healthyhead.dk\/de\/wp-json\/wp\/v2\/product\/289769\/revisions\/289781"}],"wp:featuredmedia":[{"embeddable":true,"href":"https:\/\/healthyhead.dk\/de\/wp-json\/wp\/v2\/media\/289700"}],"wp:attachment":[{"href":"https:\/\/healthyhead.dk\/de\/wp-json\/wp\/v2\/media?parent=289769"}],"wp:term":[{"taxonomy":"product_brand","embeddable":true,"href":"https:\/\/healthyhead.dk\/de\/wp-json\/wp\/v2\/product_brand?post=289769"},{"taxonomy":"product_cat","embeddable":true,"href":"https:\/\/healthyhead.dk\/de\/wp-json\/wp\/v2\/product_cat?post=289769"},{"taxonomy":"product_tag","embeddable":true,"href":"https:\/\/healthyhead.dk\/de\/wp-json\/wp\/v2\/product_tag?post=289769"}],"curies":[{"name":"wp","href":"https:\/\/api.w.org\/{rel}","templated":true}]}}