{"id":290023,"date":"2025-11-19T17:28:22","date_gmt":"2025-11-19T17:28:22","guid":{"rendered":"https:\/\/healthyhead.dk\/?post_type=product&#038;p=290023"},"modified":"2025-11-19T19:34:07","modified_gmt":"2025-11-19T19:34:07","slug":"zao-daring-multi-purpose-the-rouge","status":"publish","type":"product","link":"https:\/\/healthyhead.dk\/de\/produkt\/zao-daring-multi-purpose-the-rouge\/","title":{"rendered":"ZAO, Daring Multi Purpose, roter Lipliner, THE Rouge"},"content":{"rendered":"","protected":false},"excerpt":{"rendered":"<p><img decoding=\"async\" class=\"\" src=\"\/wp-content\/uploads\/2024\/08\/Ingen-kemi.svg\" alt=\"\" width=\"45\" height=\"45\">Keine hormonst\u00f6renden Substanzen<\/p>\n<p><img decoding=\"async\" class=\"\" src=\"\/wp-content\/uploads\/2024\/08\/Ingen-allergifremkaldende.svg\" alt=\"\" width=\"46\" height=\"46\">Keine allergieausl\u00f6senden Stoffe<\/p>\n<p><img decoding=\"async\" class=\"\" src=\"\/wp-content\/uploads\/2024\/08\/Ingen-miljoebelastende.svg\" width=\"46\" height=\"46\">Keine umweltbelastenden Stoffe<\/p>\n<p><img loading=\"lazy\" decoding=\"async\" class=\"\" src=\"\/wp-content\/uploads\/2024\/08\/indeholder-parfume.svg\" width=\"46\" height=\"46\">Enth\u00e4lt eine sehr geringe Menge an hypoallergenen und 100% nat\u00fcrlichen Duftstoffen<\/p>\n<p>&nbsp;<\/p>\n[cg_accordion title=\"Beschreibung des Produkts\" open=\"open\"]<\/p>\n<p>Unser roter Lipliner erweitert das Sortiment an kr\u00e4ftigen Rott\u00f6nen in der Daring-Serie und sorgt f\u00fcr intensive rote Lippen. Er kann allein oder zusammen mit Lippenstift, Lip Polish oder Gloss verwendet werden. Er verl\u00e4ngert die Haltbarkeit des Lippen-Make-ups und verhindert, dass es ausl\u00e4uft. Perfekt, um die Lippenkontur zu definieren und den Lippen zus\u00e4tzliches Volumen zu verleihen.<\/p>\n<ul>\n<li>Intensive, pr\u00e4zise und fehlerfreie Definition der Lippen<\/li>\n<li>Verl\u00e4ngert die Haltbarkeit von jedem Lippen-Make-up (Lippenstift, Lip Polish, Gloss)<\/li>\n<li>Verhindert, dass die Lippenfarbe ausl\u00e4uft oder verschmiert<\/li>\n<li>Kann allein oder als Erg\u00e4nzung zu anderen Produkten verwendet werden<\/li>\n<li>Perfekt, um die Lippenkontur zu formen und hervorzuheben<\/li>\n<li>Hebt die F\u00fclle der Lippen hervor und unterstreicht sie<\/li>\n<\/ul>\n<p>[\/cg_accordion]\n<p>[cg_accordion title=\"Anwendungstipps\"]Zeichnen Sie die Kontur der Lippen, indem Sie am Amorbogen beginnen und sich zu den Mundwinkeln vorarbeiten.<br \/>\nF\u00fcr zus\u00e4tzliche Pr\u00e4zision k\u00f6nnen Sie den Stift mit dem Lip Brush 708 verblenden.[\/cg_accordion][cg_accordion title=\"Inhaltsstoffe\"] <b>Carnaubawachs<\/b><br \/>\nDieses Wachs wird von den Bl\u00e4ttern einer in Brasilien heimischen Palmenart abgesondert und wirkt als Filmbildner, der Ihre Wimpern sch\u00fctzt, indem er einen kontinuierlichen Film bildet, der die Haltbarkeit des Make-ups verbessert.<br \/>\n&nbsp;<br \/>\n<b>INCI-Liste: <\/b>Inhaltsstoffe nat\u00fcrlichen Ursprungs: 78,9 %.<br \/>\nPencil 568 (F1): Octyldodecyl Stearoyl Stearate, Cocos Nucifera (Coconut) Oil, C10-18 Triglycerides, Hydrogenated Vegetable Oil, Copernicia Cerifera (Carnauba) Wax, Euphorbia Cerifera (Candelilla) Wax, Polyglyceryl-3 Diisostearate, Mica, Oryzanol, Tocopherol, Glyceryl Caprylate, CI 15850 (Red 7 Lake), CI 19140 (Yellow 5 Lake), CI 77891 (Titanium Dioxide).<\/p>\n<p>[\/cg_accordion]<\/p>\n","protected":false},"featured_media":290107,"template":"","meta":{"_acf_changed":false},"product_brand":[564],"product_cat":[851],"product_tag":[],"class_list":{"0":"post-290023","1":"product","2":"type-product","3":"status-publish","4":"has-post-thumbnail","6":"product_brand-zao","7":"product_cat-lippen","9":"first","10":"instock","11":"taxable","12":"shipping-taxable","13":"purchasable","14":"product-type-simple"},"acf":[],"_links":{"self":[{"href":"https:\/\/healthyhead.dk\/de\/wp-json\/wp\/v2\/product\/290023","targetHints":{"allow":["GET"]}}],"collection":[{"href":"https:\/\/healthyhead.dk\/de\/wp-json\/wp\/v2\/product"}],"about":[{"href":"https:\/\/healthyhead.dk\/de\/wp-json\/wp\/v2\/types\/product"}],"version-history":[{"count":2,"href":"https:\/\/healthyhead.dk\/de\/wp-json\/wp\/v2\/product\/290023\/revisions"}],"predecessor-version":[{"id":290135,"href":"https:\/\/healthyhead.dk\/de\/wp-json\/wp\/v2\/product\/290023\/revisions\/290135"}],"wp:featuredmedia":[{"embeddable":true,"href":"https:\/\/healthyhead.dk\/de\/wp-json\/wp\/v2\/media\/290107"}],"wp:attachment":[{"href":"https:\/\/healthyhead.dk\/de\/wp-json\/wp\/v2\/media?parent=290023"}],"wp:term":[{"taxonomy":"product_brand","embeddable":true,"href":"https:\/\/healthyhead.dk\/de\/wp-json\/wp\/v2\/product_brand?post=290023"},{"taxonomy":"product_cat","embeddable":true,"href":"https:\/\/healthyhead.dk\/de\/wp-json\/wp\/v2\/product_cat?post=290023"},{"taxonomy":"product_tag","embeddable":true,"href":"https:\/\/healthyhead.dk\/de\/wp-json\/wp\/v2\/product_tag?post=290023"}],"curies":[{"name":"wp","href":"https:\/\/api.w.org\/{rel}","templated":true}]}}