{"id":291004,"date":"2025-11-24T08:46:44","date_gmt":"2025-11-24T08:46:44","guid":{"rendered":"https:\/\/healthyhead.dk\/?post_type=product&#038;p=291004"},"modified":"2025-11-25T12:26:16","modified_gmt":"2025-11-25T12:26:16","slug":"zenz-conditioner-pure-no-02-250-ml","status":"publish","type":"product","link":"https:\/\/healthyhead.dk\/de\/produkt\/zenz-conditioner-pure-no-02-250-ml\/","title":{"rendered":"Zenz, Pflegesp\u00fclung Pure Nr. 02, 250 ml"},"content":{"rendered":"","protected":false},"excerpt":{"rendered":"<p><img decoding=\"async\" class=\"\" src=\"\/wp-content\/uploads\/2024\/08\/Ingen-kemi.svg\" alt=\"Keine hormonst\u00f6renden Substanzen\" width=\"45\" height=\"45\">Keine hormonst\u00f6renden Substanzen<\/p>\n<p><img decoding=\"async\" class=\"\" src=\"\/wp-content\/uploads\/2024\/08\/Ingen-allergifremkaldende.svg\" alt=\"Nicht allergen\" width=\"46\" height=\"46\">Keine allergieausl\u00f6senden Stoffe<\/p>\n<p><img decoding=\"async\" class=\"\" src=\"\/wp-content\/uploads\/2024\/08\/Ingen-miljoebelastende.svg\" alt=\"Keine Auswirkungen auf die Umwelt\" width=\"46\" height=\"46\">Keine umweltbelastenden Stoffe<\/p>\n<p><img loading=\"lazy\" decoding=\"async\" class=\"alignnone wp-image-8756\" src=\"\/wp-content\/uploads\/2024\/08\/Ingen-parfume.svg\" alt=\"\" width=\"45\" height=\"45\" srcset=\"https:\/\/healthyhead.dk\/wp-content\/uploads\/Ingen-parfume.svg 150w, https:\/\/healthyhead.dk\/wp-content\/uploads\/Ingen-parfume.svg 300w, https:\/\/healthyhead.dk\/wp-content\/uploads\/Ingen-parfume.svg 768w, https:\/\/healthyhead.dk\/wp-content\/uploads\/Ingen-parfume.svg 1024w, https:\/\/healthyhead.dk\/wp-content\/uploads\/Ingen-parfume.svg 250w\" sizes=\"(max-width: 45px) 100vw, 45px\" \/>Keine Duftstoffe<\/p>\n<p>&nbsp;<\/p>\n[cg_accordion title=\"Beschreibung\" open=\"open\"]Zenz Pure No.2 ist eine d\u00e4nische Nordic Swan Ecolabel- und Asthma-Allergie-gekennzeichnete parf\u00fcmfreie Haarsp\u00fclung. Sie enth\u00e4lt kaltgepresstes Bio-Avocado\u00f6l und gereinigte Aloe Vera, um Haar und Kopfhaut zu st\u00e4rken und sie gesund, gepflegt und gl\u00e4nzend zu machen. Geeignet f\u00fcr zartes und empfindliches Haar und Kopfhaut. Die Pflegesp\u00fclung bildet einen sch\u00fctzenden, unsichtbaren Film um jede einzelne Haarstr\u00e4hne und bewahrt so die Intensit\u00e4t der Haarfarbe. Das Haar bleibt seidig weich, aber dennoch leicht und luftig. Geeignet f\u00fcr alle Haartypen, sowohl nat\u00fcrliches als auch chemisch behandeltes Haar.     <\/p>\n<p>&nbsp;<\/p>\n<ul>\n<li><b>Nordic Swan Ecolabel und Asthma-Allergie-gekennzeichneter<\/b> Conditioner von Danish Zenz Organic.<\/li>\n<li><b>Parf\u00fcmfrei<\/b> &#8211; ideal f\u00fcr empfindliche Haut und Kopfhaut.<\/li>\n<li><b>Biologisches, kaltgepresstes Avocado\u00f6l und gereinigte Aloe Vera<\/b> &#8211; nat\u00fcrliche Inhaltsstoffe, die Haar und Kopfhaut st\u00e4rken und pflegen.<\/li>\n<li><b>Sch\u00fctzende, unsichtbare Schicht um jede Haarstr\u00e4hne<\/b> &#8211; bewahrt die Intensit\u00e4t des gef\u00e4rbten Haares.<\/li>\n<li><b>Seidig weich, ohne zu beschweren<\/b> &#8211; f\u00fcr ein leichtes und luftiges Ergebnis.<\/li>\n<li><b>Geeignet f\u00fcr zartes und empfindliches Haar und Kopfhaut<\/b> &#8211; sanfte und milde Formulierung.<\/li>\n<li><b>F\u00fcr alle Haartypen, auch chemisch behandeltes Haar<\/b> &#8211; hohe Flexibilit\u00e4t in der Anwendung.<\/li>\n<\/ul>\n<p><img loading=\"lazy\" decoding=\"async\" class=\"alignnone size-full wp-image-8764\" src=\"\/wp-content\/uploads\/2024\/08\/certificeringer_zenz.jpg\" alt=\"\" width=\"480\" height=\"91\" srcset=\"https:\/\/i0.wp.com\/healthyhead.dk\/wp-content\/uploads\/2024\/08\/certificeringer_zenz.jpg?w=480&amp;ssl=1 480w, https:\/\/i0.wp.com\/healthyhead.dk\/wp-content\/uploads\/2024\/08\/certificeringer_zenz.jpg?resize=300%2C57&amp;ssl=1 300w, https:\/\/i0.wp.com\/healthyhead.dk\/wp-content\/uploads\/2024\/08\/certificeringer_zenz.jpg?resize=441%2C84&amp;ssl=1 441w, https:\/\/i0.wp.com\/healthyhead.dk\/wp-content\/uploads\/2024\/08\/certificeringer_zenz.jpg?resize=150%2C28&amp;ssl=1 150w\" sizes=\"(max-width: 480px) 100vw, 480px\" \/><br \/>\n[\/cg_accordion]\n[cg_accordion title=\"Anwendungstipps\"]<\/p>\n<ul>\n<li>Nach dem Waschen eine kleine Menge auf das Haar auftragen.<\/li>\n<li>Kann auf die Kopfhaut aufgetragen werden.<\/li>\n<li>2-3 Minuten warten und gr\u00fcndlich aussp\u00fclen. Zum Aussp\u00fclen oder als Leave-in-Conditioner verwenden. <\/li>\n<\/ul>\n<p>[\/cg_accordion]\n[cg_accordion title=\"Inhaltsstoffe\"]<\/p>\n<p>Conditioner Pure No. 02 enth\u00e4lt Gereinigte Bio-Aloe Vera, Bio-Glycerin und kaltgepresstes Bio-Avocado\u00f6l.<\/p>\n<p><b>Gereinigte Bio-Aloe-Vera.<\/b>  Aloe-vera-Gelee enth\u00e4lt 75 lebenswichtige Vitamine und Mineralien und hat hervorragende haut- und haarpflegende Eigenschaften. Es f\u00f6rdert die Blutzirkulation und bewahrt die Feuchtigkeit der Haut. Aloe vera lindert R\u00f6tungen und Juckreiz und hat daher auch eine gute Wirkung auf die Kopfhaut.  <\/p>\n<p><b>Bio-Kokoswasser<\/b> ist reich an Vitaminen und wichtigen Mineralien und versorgt das Haar mit viel Feuchtigkeit und N\u00e4hrstoffen.<\/p>\n<p><b>Bio-Glycerin<\/b> spendet Feuchtigkeit und macht geschmeidig. Ist ein nat\u00fcrlicher Bestandteil von Fetten und \u00d6len. Bewahrt den nat\u00fcrlichen Feuchtigkeitshaushalt von Haut und Haar und verbessert ihre Elastizit\u00e4t.  <\/p>\n<p><b>Kaltgepresstes Bio-Avocado\u00f6l<\/b> enth\u00e4lt eine Reihe von Mineralien sowie die Vitamine A, B1, B2, D und E. Es hat ausgezeichnete feuchtigkeitsspendende und n\u00e4hrende Eigenschaften und ist wirksam bei trockener und dehydrierter Haut und gut f\u00fcr die Kopfhaut. Es macht Haare und Haut glatter und weicher. <\/p>\n<p><b>INCI-Liste<\/b> Aqua, Cetearyl Alcohol, Glycerin* (2 ,9%), Aloe Barbadensis Leaf Extract* (2 ,4%), Behenamidopropyl Dimethylamine, Persea Gratissima Oil* (0 ,4%), Lactic Acid , Phenoxyethanol, Benzoic Acid, Dehydroacetic Acid.<\/p>\n<p>*\u00d6kologischer Ursprung. Zertifizierter biologischer Anbau gem\u00e4\u00df EG 834\/2007. <\/p>\n<p>[\/cg_accordion]\n","protected":false},"featured_media":255022,"template":"","meta":{"_acf_changed":false},"product_brand":[572],"product_cat":[633],"product_tag":[],"class_list":{"0":"post-291004","1":"product","2":"type-product","3":"status-publish","4":"has-post-thumbnail","6":"product_brand-zenz","7":"product_cat-shampoo","8":"pa_size-1000-ml-de","9":"pa_size-250ml","11":"first","12":"instock","13":"taxable","14":"shipping-taxable","15":"product-type-simple"},"acf":[],"_links":{"self":[{"href":"https:\/\/healthyhead.dk\/de\/wp-json\/wp\/v2\/product\/291004","targetHints":{"allow":["GET"]}}],"collection":[{"href":"https:\/\/healthyhead.dk\/de\/wp-json\/wp\/v2\/product"}],"about":[{"href":"https:\/\/healthyhead.dk\/de\/wp-json\/wp\/v2\/types\/product"}],"version-history":[{"count":0,"href":"https:\/\/healthyhead.dk\/de\/wp-json\/wp\/v2\/product\/291004\/revisions"}],"wp:featuredmedia":[{"embeddable":true,"href":"https:\/\/healthyhead.dk\/de\/wp-json\/wp\/v2\/media\/255022"}],"wp:attachment":[{"href":"https:\/\/healthyhead.dk\/de\/wp-json\/wp\/v2\/media?parent=291004"}],"wp:term":[{"taxonomy":"product_brand","embeddable":true,"href":"https:\/\/healthyhead.dk\/de\/wp-json\/wp\/v2\/product_brand?post=291004"},{"taxonomy":"product_cat","embeddable":true,"href":"https:\/\/healthyhead.dk\/de\/wp-json\/wp\/v2\/product_cat?post=291004"},{"taxonomy":"product_tag","embeddable":true,"href":"https:\/\/healthyhead.dk\/de\/wp-json\/wp\/v2\/product_tag?post=291004"}],"curies":[{"name":"wp","href":"https:\/\/api.w.org\/{rel}","templated":true}]}}