{"id":292060,"date":"2024-10-21T07:19:06","date_gmt":"2024-10-21T07:19:06","guid":{"rendered":"https:\/\/healthyhead.dk\/vare\/sweatshirt-vis-din-stoette-til-ukraine-zelensky-emblem\/"},"modified":"2026-01-05T11:00:51","modified_gmt":"2026-01-05T11:00:51","slug":"sweatshirt-zeigen-sie-ihren-stiefel-zu-ukraine-zelensky-emblem","status":"publish","type":"product","link":"https:\/\/healthyhead.dk\/de\/produkt\/sweatshirt-zeigen-sie-ihren-stiefel-zu-ukraine-zelensky-emblem\/","title":{"rendered":"Sweatshirt, Ukraine, Zelenskyj, Wappen"},"content":{"rendered":"","protected":false},"excerpt":{"rendered":"<p><img decoding=\"async\" class=\"alignnone wp-image-7519\" src=\"\/wp-content\/uploads\/2024\/08\/Oeko-tex.svg\" alt=\"OEKO-tex\" width=\"46\" height=\"45\">OEKO-tex zertifiziertes Sweatshirt<\/p>\n<p><img decoding=\"async\" class=\"alignnone wp-image-7520\" src=\"\/wp-content\/uploads\/2024\/08\/Forvasket.svg\" alt=\"Vorgewaschen\" width=\"46\" height=\"45\">Vorgewaschen zur Minimierung der Schrumpfung<\/p>\n<p><img decoding=\"async\" class=\"alignnone wp-image-8993\" src=\"\/wp-content\/uploads\/2024\/08\/Lavet-i-dk-.svg\" alt=\"\" width=\"47\" height=\"47\" srcset=\"https:\/\/healthyhead.dk\/wp-content\/uploads\/Lavet-i-dk-.svg 150w, https:\/\/healthyhead.dk\/wp-content\/uploads\/Lavet-i-dk-.svg 300w, https:\/\/healthyhead.dk\/wp-content\/uploads\/Lavet-i-dk-.svg 768w, https:\/\/healthyhead.dk\/wp-content\/uploads\/Lavet-i-dk-.svg 1024w, https:\/\/healthyhead.dk\/wp-content\/uploads\/Lavet-i-dk-.svg 250w\" sizes=\"(max-width: 47px) 100vw, 47px\" \/>D\u00e4nischer OEKO-tex-zertifizierter Qualit\u00e4tsdruck ohne sch\u00e4dliche Chemikalien<\/p>\n<p>&nbsp;<\/p>\n[cg_accordion title=\"Beschreibung\" open=\"open\"]<\/p>\n<p>Zeigen Sie Ihre Sympathie f\u00fcr die Menschen in der Ukraine mit diesem Bio-Sweatshirt mit einem dezenten Tryzub-Symbol auf der Brust. Der Trybuz ist das alte Staatssymbol der Ukraine, das auf F\u00fcrst Wolodimir den Gro\u00dfen zur\u00fcckgeht und den ukrainischen Staat, die Freiheit und die nationale Identit\u00e4t repr\u00e4sentiert.<\/p>\n<p>Heute ist der Tryzub zu einem kraftvollen Symbol der Einheit und des Widerstands geworden und wird oft vom ukrainischen Pr\u00e4sidenten Wolodymyr Zelenskyj selbst getragen. Das Sweatshirt ist somit eine diskrete, aber klare M\u00f6glichkeit, Unterst\u00fctzung f\u00fcr die Ukraine zu zeigen &#8211; auch im Alltag.<\/p>\n<p>Das Sweatshirt ist aus robuster Bio-Baumwolle und Polyester gefertigt und mit einem d\u00e4nischen OEKO-TEX-zertifizierten Qualit\u00e4tsdruck ohne sch\u00e4dliche Chemikalien bedruckt, so dass Sie Ihre Unterst\u00fctzung mit gutem Gewissen zeigen k\u00f6nnen.<\/p>\n<ul>\n<li><b>Passform:<\/b> Normale Passform mit 2 cm mehr L\u00e4nge f\u00fcr l\u00e4ngere Haltbarkeit<\/li>\n<li><b>Material:<\/b> OEKO-Tex zertifizierte Bio-Baumwolle, Polyester, 320 g\/m\u00b2<\/li>\n<li><b>Schrumpfen:<\/b> Das Sweatshirt ist &#8218;vorgewaschen&#8216; &#8211; daher schrumpft es nur minimal, wenn die Waschanleitung befolgt wird.<\/li>\n<li><b>Druck:<\/b> D\u00e4nischer OEKO-tex zertifizierter Qualit\u00e4tsdruck ohne riskante Chemikalien<\/li>\n<\/ul>\n<p>[\/cg_accordion]\n[cg_accordion title=\"Waschanleitung\"]<\/p>\n<p>Wir empfehlen, das T-Shirt bei 30 Grad zu waschen und nicht im Trockner zu trocknen, um die Umwelt zu sch\u00fctzen und die Lebensdauer des T-Shirts zu verl\u00e4ngern.<\/p>\n<p><img loading=\"lazy\" decoding=\"async\" class=\"wp-image-7353 alignleft\" src=\"\/wp-content\/uploads\/2024\/08\/Vaskeanvisning-305-t-shirt.svg\" alt=\"Waschanleitung-305 t-shirt\" width=\"270\" height=\"54\" srcset=\"https:\/\/healthyhead.dk\/wp-content\/uploads\/Vaskeanvisning-305-t-shirt.svg 150w, https:\/\/healthyhead.dk\/wp-content\/uploads\/Vaskeanvisning-305-t-shirt.svg 300w, https:\/\/healthyhead.dk\/wp-content\/uploads\/Vaskeanvisning-305-t-shirt.svg 768w, https:\/\/healthyhead.dk\/wp-content\/uploads\/Vaskeanvisning-305-t-shirt.svg 1024w, https:\/\/healthyhead.dk\/wp-content\/uploads\/Vaskeanvisning-305-t-shirt.svg 1230w\" sizes=\"(max-width: 270px) 100vw, 270px\" \/><\/p>\n<p>&nbsp;<\/p>\n<p>&nbsp;<\/p>\n<p>[\/cg_accordion]\n","protected":false},"featured_media":287425,"template":"","meta":{"_acf_changed":false},"product_brand":[],"product_cat":[716,704],"product_tag":[],"class_list":{"0":"post-292060","1":"product","2":"type-product","3":"status-publish","4":"has-post-thumbnail","6":"product_cat-ukraine-sweatshirts-hoodie","7":"product_cat-zeige-deine-unterstuetzung-fuer-die-ukraine","8":"pa_size-4-6-aar-de","9":"pa_size-8-10-aar-de","10":"pa_size-12-14-aar-de","11":"pa_size-x-small-de","12":"pa_size-small-de","13":"pa_size-medium-de","14":"pa_size-large-de","15":"pa_size-x-large-de","16":"pa_size-xx-large-de","17":"pa_size-3x-large-de","19":"first","20":"instock","21":"taxable","22":"shipping-taxable","23":"purchasable","24":"product-type-variable","25":"has-default-attributes"},"acf":[],"_links":{"self":[{"href":"https:\/\/healthyhead.dk\/de\/wp-json\/wp\/v2\/product\/292060","targetHints":{"allow":["GET"]}}],"collection":[{"href":"https:\/\/healthyhead.dk\/de\/wp-json\/wp\/v2\/product"}],"about":[{"href":"https:\/\/healthyhead.dk\/de\/wp-json\/wp\/v2\/types\/product"}],"version-history":[{"count":2,"href":"https:\/\/healthyhead.dk\/de\/wp-json\/wp\/v2\/product\/292060\/revisions"}],"predecessor-version":[{"id":295206,"href":"https:\/\/healthyhead.dk\/de\/wp-json\/wp\/v2\/product\/292060\/revisions\/295206"}],"wp:featuredmedia":[{"embeddable":true,"href":"https:\/\/healthyhead.dk\/de\/wp-json\/wp\/v2\/media\/287425"}],"wp:attachment":[{"href":"https:\/\/healthyhead.dk\/de\/wp-json\/wp\/v2\/media?parent=292060"}],"wp:term":[{"taxonomy":"product_brand","embeddable":true,"href":"https:\/\/healthyhead.dk\/de\/wp-json\/wp\/v2\/product_brand?post=292060"},{"taxonomy":"product_cat","embeddable":true,"href":"https:\/\/healthyhead.dk\/de\/wp-json\/wp\/v2\/product_cat?post=292060"},{"taxonomy":"product_tag","embeddable":true,"href":"https:\/\/healthyhead.dk\/de\/wp-json\/wp\/v2\/product_tag?post=292060"}],"curies":[{"name":"wp","href":"https:\/\/api.w.org\/{rel}","templated":true}]}}