{"id":293800,"date":"2025-12-16T13:03:04","date_gmt":"2025-12-16T13:03:04","guid":{"rendered":"https:\/\/healthyhead.dk\/?post_type=product&#038;p=293800"},"modified":"2025-12-29T11:06:37","modified_gmt":"2025-12-29T11:06:37","slug":"zao-makeup-blender","status":"publish","type":"product","link":"https:\/\/healthyhead.dk\/de\/produkt\/zao-makeup-blender\/","title":{"rendered":"ZAO, Makeup Blender"},"content":{"rendered":"","protected":false},"excerpt":{"rendered":"[cg_accordion title=\"Beschreibung\" open=\"open\"]<\/p>\n<p>Weicher und flexibler Beauty Blender von ZAO, entwickelt f\u00fcr das sanfte und nat\u00fcrliche Auftragen von fl\u00fcssigen und cremigen Make-up-Produkten. Der Schwamm passt sich der Gesichtsform an und macht es einfach, die Deckkraft ohne Streifen oder R\u00e4nder aufzubauen. Perfekt f\u00fcr Foundation, Concealer und BB-Creme.<\/p>\n<ul>\n<li>Verleiht ein gleichm\u00e4\u00dfiges und nat\u00fcrliches Finish<\/li>\n<li>Geeignet f\u00fcr <strong>fl\u00fcssige und cremige Make-up-Produkte<\/strong><\/li>\n<li>Kann sowohl trocken als auch feucht verwendet werden<\/li>\n<li>Vegan und tierversuchsfrei<\/li>\n<\/ul>\n<p>&nbsp;<\/p>\n<p>[\/cg_accordion]\n<p>&nbsp;<\/p>\n","protected":false},"featured_media":294326,"template":"","meta":{"_acf_changed":false},"product_brand":[],"product_cat":[865],"product_tag":[],"class_list":{"0":"post-293800","1":"product","2":"type-product","3":"status-publish","4":"has-post-thumbnail","6":"product_cat-make-up-pinsel","8":"first","9":"instock","10":"taxable","11":"shipping-taxable","12":"purchasable","13":"product-type-simple"},"acf":[],"_links":{"self":[{"href":"https:\/\/healthyhead.dk\/de\/wp-json\/wp\/v2\/product\/293800","targetHints":{"allow":["GET"]}}],"collection":[{"href":"https:\/\/healthyhead.dk\/de\/wp-json\/wp\/v2\/product"}],"about":[{"href":"https:\/\/healthyhead.dk\/de\/wp-json\/wp\/v2\/types\/product"}],"version-history":[{"count":2,"href":"https:\/\/healthyhead.dk\/de\/wp-json\/wp\/v2\/product\/293800\/revisions"}],"predecessor-version":[{"id":294349,"href":"https:\/\/healthyhead.dk\/de\/wp-json\/wp\/v2\/product\/293800\/revisions\/294349"}],"wp:featuredmedia":[{"embeddable":true,"href":"https:\/\/healthyhead.dk\/de\/wp-json\/wp\/v2\/media\/294326"}],"wp:attachment":[{"href":"https:\/\/healthyhead.dk\/de\/wp-json\/wp\/v2\/media?parent=293800"}],"wp:term":[{"taxonomy":"product_brand","embeddable":true,"href":"https:\/\/healthyhead.dk\/de\/wp-json\/wp\/v2\/product_brand?post=293800"},{"taxonomy":"product_cat","embeddable":true,"href":"https:\/\/healthyhead.dk\/de\/wp-json\/wp\/v2\/product_cat?post=293800"},{"taxonomy":"product_tag","embeddable":true,"href":"https:\/\/healthyhead.dk\/de\/wp-json\/wp\/v2\/product_tag?post=293800"}],"curies":[{"name":"wp","href":"https:\/\/api.w.org\/{rel}","templated":true}]}}