{"id":294270,"date":"2025-12-29T08:43:37","date_gmt":"2025-12-29T08:43:37","guid":{"rendered":"https:\/\/healthyhead.dk\/?post_type=product&#038;p=294270"},"modified":"2025-12-29T11:01:39","modified_gmt":"2025-12-29T11:01:39","slug":"zao-okologischer-aufheller-pulver-refill-9-g","status":"publish","type":"product","link":"https:\/\/healthyhead.dk\/de\/produkt\/zao-okologischer-aufheller-pulver-refill-9-g\/","title":{"rendered":"ZAO, Organic Shine Up Highlighter Puder, Nachf\u00fcllpackung, 9 g"},"content":{"rendered":"","protected":false},"excerpt":{"rendered":"<p><img decoding=\"async\" class=\"\" src=\"\/wp-content\/uploads\/2024\/08\/Ingen-kemi.svg\" alt=\"\" width=\"45\" height=\"45\">Keine hormonst\u00f6renden Substanzen<\/p>\n<p><img decoding=\"async\" class=\"\" src=\"\/wp-content\/uploads\/2024\/08\/Ingen-allergifremkaldende.svg\" alt=\"\" width=\"46\" height=\"46\">Keine allergieausl\u00f6senden Stoffe<\/p>\n<p><img decoding=\"async\" class=\"\" src=\"\/wp-content\/uploads\/2024\/08\/Ingen-miljoebelastende.svg\" width=\"46\" height=\"46\">Keine umweltbelastenden Stoffe<\/p>\n<p><img loading=\"lazy\" decoding=\"async\" class=\"\" src=\"\/wp-content\/uploads\/2024\/08\/indeholder-parfume.svg\" width=\"46\" height=\"46\">Enth\u00e4lt eine sehr geringe Menge an hypoallergenen und 100% nat\u00fcrlichen Duftstoffen<\/p>\n<p>&nbsp;<\/p>\n[cg_accordion title=\"Beschreibung des Produkts\" open=\"open\"]<\/p>\n<p>Biologischer und veganer Glanzpuder von French ZAO. Es ist ein 2-in-1-Puder, da es sowohl als Highlighter als auch als Lidschatten verwendet werden kann. Es verleiht Ihrer Haut Leuchtkraft und Ihren Augen und Ihrem Gesicht Strahlkraft. Er ist gepudert und daher f\u00fcr alle Hauttypen geeignet. Der Highlighter enth\u00e4lt pflegende Inhaltsstoffe wie Bio-Leinsamen\u00f6l, Bio-Olivenblattextrakt und Bambuspulver, die die Haut n\u00e4hren und mit Feuchtigkeit versorgen.    <\/p>\n<ul>\n<li>Bio-Highlighter mit <b>100% nat\u00fcrlichen Inhaltsstoffen<\/b><\/li>\n<li><b>2-in-1-Puder<\/b> &#8211; kann sowohl als Highlighter als auch als Lidschatten verwendet werden<\/li>\n<li>F\u00fcr<b> alle Hauttypen<\/b> geeignet<\/li>\n<li>Angereichert mit pflegenden und n\u00e4hrenden Inhaltsstoffen wie <b>Bio-Leinsamen\u00f6l, Bio-Olivenblattextrakt und Bambuspulver<\/b><\/li>\n<li>Mit <b>Nachf\u00fcllpackung<\/b> nachf\u00fcllbar<\/li>\n<\/ul>\n<p><img loading=\"lazy\" decoding=\"async\" class=\"alignnone size-full wp-image-8916\" src=\"\/wp-content\/uploads\/2024\/08\/zao-certificeringer.jpg\" alt=\"\" width=\"479\" height=\"93\" srcset=\"https:\/\/i0.wp.com\/healthyhead.dk\/wp-content\/uploads\/2024\/08\/zao-certificeringer.jpg?w=479&amp;ssl=1 479w, https:\/\/i0.wp.com\/healthyhead.dk\/wp-content\/uploads\/2024\/08\/zao-certificeringer.jpg?resize=300%2C58&amp;ssl=1 300w, https:\/\/i0.wp.com\/healthyhead.dk\/wp-content\/uploads\/2024\/08\/zao-certificeringer.jpg?resize=441%2C86&amp;ssl=1 441w, https:\/\/i0.wp.com\/healthyhead.dk\/wp-content\/uploads\/2024\/08\/zao-certificeringer.jpg?resize=150%2C29&amp;ssl=1 150w\" sizes=\"(max-width: 479px) 100vw, 479px\" \/><br \/>\n[\/cg_accordion]\n[cg_accordion title=\"Anwendungstipps\"]<\/p>\n<ul>\n<li>Verwenden Sie den Glanzpuder als Highlighter: Tragen Sie ihn mit den Fingern oder dem Blending Brush 707 in kleinen Mengen (vermeiden Sie die T-Zone, wenn sie zu stark gl\u00e4nzt) auf den oberen Teil der Wangenknochen, die Schl\u00e4fen, den Nasenr\u00fccken und um die Lippenkontur (auch Amors Bogen&#8220; genannt) auf, um ein sch\u00f6nes L\u00e4cheln zu erzielen.<\/li>\n<li>Verwenden Sie den Glanzpuder als Lidschatten: unter den Augenbrauen, um den &#8222;Schlupflid&#8220;-Effekt zu reduzieren, im inneren Augenwinkel, um die Augen zu \u00f6ffnen, in der N\u00e4he der unteren Wimpern und auf dem gesamten Augenlid mit dem Schattierungspinsel 704 f\u00fcr einen sonnigen Look.<\/li>\n<\/ul>\n<p>[\/cg_accordion]\n[cg_accordion title=\"Inhaltsstoffe\"]<\/p>\n<p><b>Bio-Reispulver<\/b><\/p>\n<p>Reispuder ist einer der \u00e4ltesten kosmetischen Inhaltsstoffe. Es hat die F\u00e4higkeit, die Haut zu mattieren, ohne die Poren zu verstopfen, indem es die Talgabsonderung reguliert. <\/p>\n<p><b>Bambus-Pulver<\/b><\/p>\n<p>Wei\u00dfe Substanz, die aus den Gelenken des Bambus gewonnen wird. Dank ihres hohen Kiesels\u00e4uregehalts remineralisiert sie, spendet Feuchtigkeit und tr\u00e4gt zur Regeneration der Haut bei, w\u00e4hrend sie bei Mischhaut und fettiger Haut den Glanz reduziert. <\/p>\n<p><b>Bio-Leinsamen\u00f6l<\/b><\/p>\n<p>Dieses \u00d6l ist reich an unges\u00e4ttigten Fetts\u00e4uren (Omega 6, Omega 3) und Vitaminen (A, E, B, K) und hat eine stark n\u00e4hrende und regenerierende Wirkung. Dank der enthaltenen Makromolek\u00fcle tr\u00e4gt es dazu bei, das Wasser in der Epidermis zu halten, und verbessert deutlich die Hydratation und Elastizit\u00e4t der Haut. <\/p>\n<p><b>Olivenblattextrakt<\/b><\/p>\n<p>Olivenbl\u00e4tter enthalten viele Phenole, Antioxidantien, die die Auswirkungen der freien Radikale neutralisieren. Freie Radikale sind aktive Substanzen, die die Alterung unserer Zellen beschleunigen. <\/p>\n<p><b>INCI-Liste:<\/b> Mica, Squalane, Zea Mays (Corn) Starch*, Oryza Sativa (Rice) Powder*, Zinc Stearate, Olive Oil Decyl Esters**, Parfum (Fragrance), Tocopherol, Squalene, Bambusa Arundinacea Stem Powder, Linum Usitatissimum (Linseed) Seed Oil*, Glycine Soja (Sojabohnen) \u00d6l*, Alpha-Glucan Oligosaccharid, Bisabolol, Aqua (Wasser), Olea Europaea (Olive) Leaf Extract, Alkohol, Olea Europaea (Olive) Fruit Extract, Zingiber Officinale (Ginger) Root Extract, Ci 77820 (Silber). Kann enthalten +\/-: Ci 77891 (Titanium Dioxide), Ci 77491 (Eisenoxide), Ci 77492 (Eisenoxide), Ci 77499 (Eisenoxide), Ci 77742 (Mangan Violet). * Zutaten aus biologischem Anbau. ** Hergestellt aus biologischen Zutaten.<br \/>\n[\/cg_accordion]\n<p>&nbsp;<\/p>\n","protected":false},"featured_media":294300,"template":"","meta":{"_acf_changed":false},"product_brand":[564],"product_cat":[827],"product_tag":[],"class_list":{"0":"post-294270","1":"product","2":"type-product","3":"status-publish","4":"has-post-thumbnail","6":"product_brand-zao","7":"product_cat-highlighter","9":"first","10":"instock","11":"taxable","12":"shipping-taxable","13":"purchasable","14":"product-type-variable","15":"has-default-attributes"},"acf":[],"_links":{"self":[{"href":"https:\/\/healthyhead.dk\/de\/wp-json\/wp\/v2\/product\/294270","targetHints":{"allow":["GET"]}}],"collection":[{"href":"https:\/\/healthyhead.dk\/de\/wp-json\/wp\/v2\/product"}],"about":[{"href":"https:\/\/healthyhead.dk\/de\/wp-json\/wp\/v2\/types\/product"}],"version-history":[{"count":3,"href":"https:\/\/healthyhead.dk\/de\/wp-json\/wp\/v2\/product\/294270\/revisions"}],"predecessor-version":[{"id":294342,"href":"https:\/\/healthyhead.dk\/de\/wp-json\/wp\/v2\/product\/294270\/revisions\/294342"}],"wp:featuredmedia":[{"embeddable":true,"href":"https:\/\/healthyhead.dk\/de\/wp-json\/wp\/v2\/media\/294300"}],"wp:attachment":[{"href":"https:\/\/healthyhead.dk\/de\/wp-json\/wp\/v2\/media?parent=294270"}],"wp:term":[{"taxonomy":"product_brand","embeddable":true,"href":"https:\/\/healthyhead.dk\/de\/wp-json\/wp\/v2\/product_brand?post=294270"},{"taxonomy":"product_cat","embeddable":true,"href":"https:\/\/healthyhead.dk\/de\/wp-json\/wp\/v2\/product_cat?post=294270"},{"taxonomy":"product_tag","embeddable":true,"href":"https:\/\/healthyhead.dk\/de\/wp-json\/wp\/v2\/product_tag?post=294270"}],"curies":[{"name":"wp","href":"https:\/\/api.w.org\/{rel}","templated":true}]}}