{"id":298480,"date":"2026-01-13T20:00:54","date_gmt":"2026-01-13T20:00:54","guid":{"rendered":"https:\/\/healthyhead.dk\/vare\/cap-kasket-groenland-greenland-already-great-onesize\/"},"modified":"2026-01-14T20:31:09","modified_gmt":"2026-01-14T20:31:09","slug":"cap-kappe-groenland-greenland-already-great","status":"publish","type":"product","link":"https:\/\/healthyhead.dk\/de\/produkt\/cap-kappe-groenland-greenland-already-great\/","title":{"rendered":"Cap, Kappe, Gr\u00f6nland, Greenland Already Great, Onesize"},"content":{"rendered":"","protected":false},"excerpt":{"rendered":"<p><img decoding=\"async\" class=\"alignnone wp-image-7519\" src=\"\/wp-content\/uploads\/2024\/08\/Oeko-tex.svg\" alt=\"OEKO-tex\" width=\"46\" height=\"45\">OEKO-tex-zertifizierter Druck ohne sch\u00e4dliche Chemikalien<\/p>\n<p>&nbsp;<\/p>\n[cg_accordion title=\"Beschreibung\" open=\"open\"]<\/p>\n<div class=\"woocommerce-product-details__short-description\">\n<p>Eine stilvolle und klassische M\u00fctze mit der Aufschrift &#8222;Greenland Already Great&#8220; und der gr\u00f6nl\u00e4ndischen Flagge an der Seite. Ein Statement gegen die Versuche von Trump und der MAGA-Bewegung, Spaltung und Polarisierung in Gr\u00f6nland zu f\u00f6rdern, und zugleich eine Unterst\u00fctzung des gr\u00f6nl\u00e4ndischen Rechts auf Selbstbestimmung. Die Cap verf\u00fcgt \u00fcber eine verstellbare Schnalle auf der R\u00fcckseite, die jederzeit eine perfekte Passform gew\u00e4hrleistet.<\/p>\n<ul>\n<li><b>Gr\u00f6\u00dfe:<\/b> Einheitsgr\u00f6\u00dfe<\/li>\n<li><strong>Passform:<\/strong> Verstellbarer Verschluss auf der R\u00fcckseite<\/li>\n<li><b>Druck:<\/b> D\u00e4nischer OEKO-tex zertifizierter Qualit\u00e4tsdruck ohne riskante Chemikalien<\/li>\n<\/ul>\n<\/div>\n<p>[\/cg_accordion]\n","protected":false},"featured_media":298430,"template":"","meta":{"_acf_changed":false},"product_brand":[],"product_cat":[662],"product_tag":[],"class_list":{"0":"post-298480","1":"product","2":"type-product","3":"status-publish","4":"has-post-thumbnail","6":"product_cat-groenland-boykott-usa","7":"pa_size-onesize-de","9":"first","10":"instock","11":"taxable","12":"shipping-taxable","13":"purchasable","14":"product-type-variable","15":"has-default-attributes"},"acf":[],"_links":{"self":[{"href":"https:\/\/healthyhead.dk\/de\/wp-json\/wp\/v2\/product\/298480","targetHints":{"allow":["GET"]}}],"collection":[{"href":"https:\/\/healthyhead.dk\/de\/wp-json\/wp\/v2\/product"}],"about":[{"href":"https:\/\/healthyhead.dk\/de\/wp-json\/wp\/v2\/types\/product"}],"version-history":[{"count":3,"href":"https:\/\/healthyhead.dk\/de\/wp-json\/wp\/v2\/product\/298480\/revisions"}],"predecessor-version":[{"id":300136,"href":"https:\/\/healthyhead.dk\/de\/wp-json\/wp\/v2\/product\/298480\/revisions\/300136"}],"wp:featuredmedia":[{"embeddable":true,"href":"https:\/\/healthyhead.dk\/de\/wp-json\/wp\/v2\/media\/298430"}],"wp:attachment":[{"href":"https:\/\/healthyhead.dk\/de\/wp-json\/wp\/v2\/media?parent=298480"}],"wp:term":[{"taxonomy":"product_brand","embeddable":true,"href":"https:\/\/healthyhead.dk\/de\/wp-json\/wp\/v2\/product_brand?post=298480"},{"taxonomy":"product_cat","embeddable":true,"href":"https:\/\/healthyhead.dk\/de\/wp-json\/wp\/v2\/product_cat?post=298480"},{"taxonomy":"product_tag","embeddable":true,"href":"https:\/\/healthyhead.dk\/de\/wp-json\/wp\/v2\/product_tag?post=298480"}],"curies":[{"name":"wp","href":"https:\/\/api.w.org\/{rel}","templated":true}]}}