{"id":299160,"date":"2026-01-15T17:55:38","date_gmt":"2026-01-15T17:55:38","guid":{"rendered":"https:\/\/healthyhead.dk\/?post_type=product&#038;p=299160"},"modified":"2026-01-16T08:42:15","modified_gmt":"2026-01-16T08:42:15","slug":"kappe-kalaallit-nunaat-groenland-daenemark-onesize","status":"publish","type":"product","link":"https:\/\/healthyhead.dk\/de\/produkt\/kappe-kalaallit-nunaat-groenland-daenemark-onesize\/","title":{"rendered":"Kappe, Kalaallit Nunaat, Gr\u00f6nland, D\u00e4nemark, Onesize"},"content":{"rendered":"","protected":false},"excerpt":{"rendered":"<p><img decoding=\"async\" class=\"alignnone wp-image-7519\" src=\"\/wp-content\/uploads\/2024\/08\/Oeko-tex.svg\" alt=\"OEKO-tex\" width=\"46\" height=\"45\">OEKO-tex-zertifizierter Druck ohne sch\u00e4dliche Chemikalien<\/p>\n<p>&nbsp;<\/p>\n[cg_accordion title=\"Beschreibung\" open=\"open\"]<\/p>\n<div class=\"woocommerce-product-details__short-description\">\n<p>Eine stilvolle und klassische M\u00fctze mit dem sch\u00f6n aufgedruckten Emblem &#8222;Kalaallit Nunaat&#8220;, flankiert von der gr\u00f6nl\u00e4ndischen und der d\u00e4nischen Flagge als Hinweis auf die historischen und aktuellen Beziehungen zwischen Gr\u00f6nland und D\u00e4nemark. Ein klares Bekenntnis gegen die Versuche von Trump und der MAGA-Bewegung, Gr\u00f6nland zu spalten und zu polarisieren, bei gleichzeitiger Unterst\u00fctzung des gr\u00f6nl\u00e4ndischen Selbstbestimmungsrechts. Die M\u00fctze hat eine verstellbare Schnalle auf der R\u00fcckseite, um jederzeit einen perfekten Sitz zu gew\u00e4hrleisten.<\/p>\n<ul>\n<li><b>Gr\u00f6\u00dfe:<\/b> Einheitsgr\u00f6\u00dfe<\/li>\n<li><strong>Passform:<\/strong> Verstellbarer Verschluss auf der R\u00fcckseite<\/li>\n<li><b>Druck:<\/b> D\u00e4nischer OEKO-tex zertifizierter Qualit\u00e4tsdruck ohne riskante Chemikalien<\/li>\n<\/ul>\n<\/div>\n<p>[\/cg_accordion]\n","protected":false},"featured_media":299113,"template":"","meta":{"_acf_changed":false},"product_brand":[],"product_cat":[662],"product_tag":[],"class_list":{"0":"post-299160","1":"product","2":"type-product","3":"status-publish","4":"has-post-thumbnail","6":"product_cat-groenland-boykott-usa","7":"pa_size-onesize-de","9":"first","10":"instock","11":"taxable","12":"shipping-taxable","13":"purchasable","14":"product-type-variable","15":"has-default-attributes"},"acf":[],"_links":{"self":[{"href":"https:\/\/healthyhead.dk\/de\/wp-json\/wp\/v2\/product\/299160","targetHints":{"allow":["GET"]}}],"collection":[{"href":"https:\/\/healthyhead.dk\/de\/wp-json\/wp\/v2\/product"}],"about":[{"href":"https:\/\/healthyhead.dk\/de\/wp-json\/wp\/v2\/types\/product"}],"version-history":[{"count":3,"href":"https:\/\/healthyhead.dk\/de\/wp-json\/wp\/v2\/product\/299160\/revisions"}],"predecessor-version":[{"id":299277,"href":"https:\/\/healthyhead.dk\/de\/wp-json\/wp\/v2\/product\/299160\/revisions\/299277"}],"wp:featuredmedia":[{"embeddable":true,"href":"https:\/\/healthyhead.dk\/de\/wp-json\/wp\/v2\/media\/299113"}],"wp:attachment":[{"href":"https:\/\/healthyhead.dk\/de\/wp-json\/wp\/v2\/media?parent=299160"}],"wp:term":[{"taxonomy":"product_brand","embeddable":true,"href":"https:\/\/healthyhead.dk\/de\/wp-json\/wp\/v2\/product_brand?post=299160"},{"taxonomy":"product_cat","embeddable":true,"href":"https:\/\/healthyhead.dk\/de\/wp-json\/wp\/v2\/product_cat?post=299160"},{"taxonomy":"product_tag","embeddable":true,"href":"https:\/\/healthyhead.dk\/de\/wp-json\/wp\/v2\/product_tag?post=299160"}],"curies":[{"name":"wp","href":"https:\/\/api.w.org\/{rel}","templated":true}]}}