{"id":300011,"date":"2026-01-17T20:26:37","date_gmt":"2026-01-17T20:26:37","guid":{"rendered":"https:\/\/healthyhead.dk\/vare\/hue-kalaallit-nunaat-groenland-danmark-onesize\/"},"modified":"2026-01-19T16:58:03","modified_gmt":"2026-01-19T16:58:03","slug":"hue-kalaallit-nunaat-reenland-danmark-onesize","status":"publish","type":"product","link":"https:\/\/healthyhead.dk\/de\/produkt\/hue-kalaallit-nunaat-reenland-danmark-onesize\/","title":{"rendered":"M\u00fctze, Kalaallit Nunaat, Gr\u00f6nland, Einheitsgr\u00f6\u00dfe"},"content":{"rendered":"","protected":false},"excerpt":{"rendered":"<p><img decoding=\"async\" class=\"alignnone wp-image-7519\" src=\"\/wp-content\/uploads\/2024\/08\/Oeko-tex.svg\" alt=\"OEKO-tex\" width=\"46\" height=\"45\">OEKO-tex-zertifizierter Druck ohne sch\u00e4dliche Chemikalien<\/p>\n<p>&nbsp;<\/p>\n[cg_accordion title=\"Beschreibung\" open=\"open\"]<\/p>\n<div class=\"woocommerce-product-details__short-description\">\n<p>Eine warme und modische M\u00fctze mit dem Text &#8222;Kalaallit Nunaat&#8220; und der gr\u00f6nl\u00e4ndischen Landkarte auf dem Aufn\u00e4her auf der Vorderseite. Kalaallit Nunaat&#8220; bedeutet &#8222;Land der Gr\u00f6nl\u00e4nder&#8220;. Eine Botschaft, die den Stolz, aus Gr\u00f6nland zu sein und zu kommen, unterstreicht. Gleichzeitig signalisiert der Satz Widerstand gegen die Versuche von Trump und der MAGA-Bewegung, Gr\u00f6nland zu spalten und zu polarisieren, und unterst\u00fctzt das Recht Gr\u00f6nlands auf Selbstbestimmung. Der Hut ist eine Einheitsgr\u00f6\u00dfe f\u00fcr alle Kopfformen.<\/p>\n<ul>\n<li><b>Gr\u00f6\u00dfe:<\/b> Einheitsgr\u00f6\u00dfe<\/li>\n<li><b>Druck:<\/b> D\u00e4nischer OEKO-tex zertifizierter Qualit\u00e4tsdruck ohne riskante Chemikalien<\/li>\n<\/ul>\n<\/div>\n<p>[\/cg_accordion]\n","protected":false},"featured_media":299750,"template":"","meta":{"_acf_changed":false},"product_brand":[],"product_cat":[662],"product_tag":[],"class_list":{"0":"post-300011","1":"product","2":"type-product","3":"status-publish","4":"has-post-thumbnail","6":"product_cat-groenland-boykott-usa","7":"pa_size-onesize-de","9":"first","10":"instock","11":"taxable","12":"shipping-taxable","13":"purchasable","14":"product-type-variable","15":"has-default-attributes"},"acf":[],"_links":{"self":[{"href":"https:\/\/healthyhead.dk\/de\/wp-json\/wp\/v2\/product\/300011","targetHints":{"allow":["GET"]}}],"collection":[{"href":"https:\/\/healthyhead.dk\/de\/wp-json\/wp\/v2\/product"}],"about":[{"href":"https:\/\/healthyhead.dk\/de\/wp-json\/wp\/v2\/types\/product"}],"version-history":[{"count":3,"href":"https:\/\/healthyhead.dk\/de\/wp-json\/wp\/v2\/product\/300011\/revisions"}],"predecessor-version":[{"id":300161,"href":"https:\/\/healthyhead.dk\/de\/wp-json\/wp\/v2\/product\/300011\/revisions\/300161"}],"wp:featuredmedia":[{"embeddable":true,"href":"https:\/\/healthyhead.dk\/de\/wp-json\/wp\/v2\/media\/299750"}],"wp:attachment":[{"href":"https:\/\/healthyhead.dk\/de\/wp-json\/wp\/v2\/media?parent=300011"}],"wp:term":[{"taxonomy":"product_brand","embeddable":true,"href":"https:\/\/healthyhead.dk\/de\/wp-json\/wp\/v2\/product_brand?post=300011"},{"taxonomy":"product_cat","embeddable":true,"href":"https:\/\/healthyhead.dk\/de\/wp-json\/wp\/v2\/product_cat?post=300011"},{"taxonomy":"product_tag","embeddable":true,"href":"https:\/\/healthyhead.dk\/de\/wp-json\/wp\/v2\/product_tag?post=300011"}],"curies":[{"name":"wp","href":"https:\/\/api.w.org\/{rel}","templated":true}]}}