{"id":300027,"date":"2026-01-17T23:23:45","date_gmt":"2026-01-17T23:23:45","guid":{"rendered":"https:\/\/healthyhead.dk\/vare\/hue-make-america-go-away-groenland-danmark-onesize\/"},"modified":"2026-01-22T11:01:49","modified_gmt":"2026-01-22T11:01:49","slug":"hue-make-america-go-away-groenland-danmark-onesize","status":"publish","type":"product","link":"https:\/\/healthyhead.dk\/de\/produkt\/hue-make-america-go-away-groenland-danmark-onesize\/","title":{"rendered":"Hue, Make America Go Away, Gr\u00f8nland, Onesize"},"content":{"rendered":"","protected":false},"excerpt":{"rendered":"<p><img decoding=\"async\" class=\"alignnone wp-image-7519\" src=\"\/wp-content\/uploads\/2024\/08\/Oeko-tex.svg\" alt=\"OEKO-tex\" width=\"46\" height=\"45\" \/>OEKO-tex certificeret tryk uden skadelig kemi<\/p>\n<p>&nbsp;<\/p>\n[cg_accordion title=\"Beskrivelse\" open=\"open\"]<\/p>\n<div class=\"woocommerce-product-details__short-description\">\n<p>En lun og stilfuld hue med teksten \u201cMake America Go Away!\u201d og det gr\u00f8nlandske landkort printet p\u00e5 patchet p\u00e5 fronten. Make America Go Away! Et budskab der markerer modstand mod Trumps og MAGA-bev\u00e6gelsens fors\u00f8g p\u00e5 at skabe splittelse og polarisering i Gr\u00f8nland, og underst\u00f8tter Gr\u00f8nlands ret til selvbestemmelse. Huen er onesize og passer alle hovedformer.<\/p>\n<ul>\n<li><b>St\u00f8rrelse:<\/b> Onesize<\/li>\n<li><b>Tryk:<\/b> Dansk OEKO-tex certificeret kvalitetstryk uden risikabel kemi<\/li>\n<\/ul>\n<\/div>\n<p>[\/cg_accordion]\n","protected":false},"featured_media":299878,"template":"","meta":{"_acf_changed":false},"product_brand":[],"product_cat":[662],"product_tag":[],"class_list":{"0":"post-300027","1":"product","2":"type-product","3":"status-publish","4":"has-post-thumbnail","6":"product_cat-groenland-boykott-usa","7":"pa_size-onesize-de","9":"first","10":"instock","11":"taxable","12":"shipping-taxable","13":"purchasable","14":"product-type-variable","15":"has-default-attributes"},"acf":[],"_links":{"self":[{"href":"https:\/\/healthyhead.dk\/de\/wp-json\/wp\/v2\/product\/300027","targetHints":{"allow":["GET"]}}],"collection":[{"href":"https:\/\/healthyhead.dk\/de\/wp-json\/wp\/v2\/product"}],"about":[{"href":"https:\/\/healthyhead.dk\/de\/wp-json\/wp\/v2\/types\/product"}],"version-history":[{"count":2,"href":"https:\/\/healthyhead.dk\/de\/wp-json\/wp\/v2\/product\/300027\/revisions"}],"predecessor-version":[{"id":300165,"href":"https:\/\/healthyhead.dk\/de\/wp-json\/wp\/v2\/product\/300027\/revisions\/300165"}],"wp:featuredmedia":[{"embeddable":true,"href":"https:\/\/healthyhead.dk\/de\/wp-json\/wp\/v2\/media\/299878"}],"wp:attachment":[{"href":"https:\/\/healthyhead.dk\/de\/wp-json\/wp\/v2\/media?parent=300027"}],"wp:term":[{"taxonomy":"product_brand","embeddable":true,"href":"https:\/\/healthyhead.dk\/de\/wp-json\/wp\/v2\/product_brand?post=300027"},{"taxonomy":"product_cat","embeddable":true,"href":"https:\/\/healthyhead.dk\/de\/wp-json\/wp\/v2\/product_cat?post=300027"},{"taxonomy":"product_tag","embeddable":true,"href":"https:\/\/healthyhead.dk\/de\/wp-json\/wp\/v2\/product_tag?post=300027"}],"curies":[{"name":"wp","href":"https:\/\/api.w.org\/{rel}","templated":true}]}}