{"id":300053,"date":"2026-01-06T09:37:33","date_gmt":"2026-01-06T09:37:33","guid":{"rendered":"https:\/\/healthyhead.dk\/vare\/greenland-not-for-sale-klistermaerke-til-bil-bumper-sticker\/"},"modified":"2026-01-19T12:20:30","modified_gmt":"2026-01-19T12:20:30","slug":"greenland-is-not-for-sale-autoaufkleber-bumper-sticker","status":"publish","type":"product","link":"https:\/\/healthyhead.dk\/de\/produkt\/greenland-is-not-for-sale-autoaufkleber-bumper-sticker\/","title":{"rendered":"Greenland, Is Not For Sale, Autoaufkleber, Bumper Sticker"},"content":{"rendered":"","protected":false},"excerpt":{"rendered":"<p><img decoding=\"async\" class=\"alignnone wp-image-12794\" src=\"\/wp-content\/uploads\/2024\/12\/Denmark-USP.webp\" alt=\"\" width=\"48\" height=\"46\">D\u00e4nischer Qualit\u00e4tsdruck<\/p>\n<p><img decoding=\"async\" class=\"alignnone wp-image-12793\" src=\"\/wp-content\/uploads\/2024\/12\/Bil-groen-Usp-cirkel-300x293.png\" alt=\"\" width=\"47\" height=\"46\" srcset=\"https:\/\/i0.wp.com\/healthyhead.dk\/wp-content\/uploads\/2024\/12\/Bil-groen-Usp-cirkel.png?resize=300%2C293&amp;ssl=1 300w, https:\/\/i0.wp.com\/healthyhead.dk\/wp-content\/uploads\/2024\/12\/Bil-groen-Usp-cirkel.png?resize=1024%2C1000&amp;ssl=1 1024w, https:\/\/i0.wp.com\/healthyhead.dk\/wp-content\/uploads\/2024\/12\/Bil-groen-Usp-cirkel.png?resize=150%2C146&amp;ssl=1 150w, https:\/\/i0.wp.com\/healthyhead.dk\/wp-content\/uploads\/2024\/12\/Bil-groen-Usp-cirkel.png?resize=768%2C750&amp;ssl=1 768w, https:\/\/i0.wp.com\/healthyhead.dk\/wp-content\/uploads\/2024\/12\/Bil-groen-Usp-cirkel.png?resize=1536%2C1500&amp;ssl=1 1536w, https:\/\/i0.wp.com\/healthyhead.dk\/wp-content\/uploads\/2024\/12\/Bil-groen-Usp-cirkel.png?resize=2048%2C1999&amp;ssl=1 2048w, https:\/\/i0.wp.com\/healthyhead.dk\/wp-content\/uploads\/2024\/12\/Bil-groen-Usp-cirkel.png?resize=990%2C967&amp;ssl=1 990w, https:\/\/i0.wp.com\/healthyhead.dk\/wp-content\/uploads\/2024\/12\/Bil-groen-Usp-cirkel.png?resize=441%2C431&amp;ssl=1 441w, https:\/\/i0.wp.com\/healthyhead.dk\/wp-content\/uploads\/2024\/12\/Bil-groen-Usp-cirkel.png?resize=100%2C100&amp;ssl=1 100w, https:\/\/i0.wp.com\/healthyhead.dk\/wp-content\/uploads\/2024\/12\/Bil-groen-Usp-cirkel.png?resize=800%2C781&amp;ssl=1 800w\" sizes=\"(max-width: 47px) 100vw, 47px\" \/>F\u00fcr Autos bestimmte Folie<\/p>\n<p><img decoding=\"async\" class=\"alignnone wp-image-12795\" src=\"\/wp-content\/uploads\/2024\/12\/Sticker-groen-Usp-cirkel-300x293.png\" alt=\"\" width=\"47\" height=\"46\" srcset=\"https:\/\/i0.wp.com\/healthyhead.dk\/wp-content\/uploads\/2024\/12\/Sticker-groen-Usp-cirkel.png?resize=300%2C293&amp;ssl=1 300w, https:\/\/i0.wp.com\/healthyhead.dk\/wp-content\/uploads\/2024\/12\/Sticker-groen-Usp-cirkel.png?resize=1024%2C1000&amp;ssl=1 1024w, https:\/\/i0.wp.com\/healthyhead.dk\/wp-content\/uploads\/2024\/12\/Sticker-groen-Usp-cirkel.png?resize=150%2C146&amp;ssl=1 150w, https:\/\/i0.wp.com\/healthyhead.dk\/wp-content\/uploads\/2024\/12\/Sticker-groen-Usp-cirkel.png?resize=768%2C750&amp;ssl=1 768w, https:\/\/i0.wp.com\/healthyhead.dk\/wp-content\/uploads\/2024\/12\/Sticker-groen-Usp-cirkel.png?resize=1536%2C1500&amp;ssl=1 1536w, https:\/\/i0.wp.com\/healthyhead.dk\/wp-content\/uploads\/2024\/12\/Sticker-groen-Usp-cirkel.png?resize=2048%2C1999&amp;ssl=1 2048w, https:\/\/i0.wp.com\/healthyhead.dk\/wp-content\/uploads\/2024\/12\/Sticker-groen-Usp-cirkel.png?resize=990%2C967&amp;ssl=1 990w, https:\/\/i0.wp.com\/healthyhead.dk\/wp-content\/uploads\/2024\/12\/Sticker-groen-Usp-cirkel.png?resize=441%2C431&amp;ssl=1 441w, https:\/\/i0.wp.com\/healthyhead.dk\/wp-content\/uploads\/2024\/12\/Sticker-groen-Usp-cirkel.png?resize=100%2C100&amp;ssl=1 100w, https:\/\/i0.wp.com\/healthyhead.dk\/wp-content\/uploads\/2024\/12\/Sticker-groen-Usp-cirkel.png?resize=800%2C781&amp;ssl=1 800w\" sizes=\"(max-width: 47px) 100vw, 47px\" \/>H\u00e4lt bei Schnee und Schneeregen, ohne zu verblassen<\/p>\n<p>&nbsp;<\/p>\n[cg_accordion title=\"Beschreibung\" open=\"open\"]<\/p>\n<div class=\"woocommerce-product-details__short-description\">\n<p>Zeigen Sie Ihre Unterst\u00fctzung f\u00fcr das Recht des gr\u00f6nl\u00e4ndischen Volkes auf Selbstbestimmung mit diesem Autoaufkleber &#8222;Greenland Is Not For Sale&#8220;.<\/p>\n<ul>\n<li><b>Gedruckt in D\u00e4nemark auf<\/b><b>Spezialfolie f\u00fcr Autos<\/b><\/li>\n<li><strong>Allwettertauglichkeit ohne Ausbleichen<\/strong><\/li>\n<\/ul>\n<\/div>\n<p>[\/cg_accordion]\n","protected":false},"featured_media":295737,"template":"","meta":{"_acf_changed":false},"product_brand":[],"product_cat":[662],"product_tag":[],"class_list":{"0":"post-300053","1":"product","2":"type-product","3":"status-publish","4":"has-post-thumbnail","6":"product_cat-groenland-boykott-usa","7":"pa_size-oe15-cm-de","8":"pa_size-oe8-cm-de","10":"first","11":"instock","12":"taxable","13":"shipping-taxable","14":"purchasable","15":"product-type-variable"},"acf":[],"_links":{"self":[{"href":"https:\/\/healthyhead.dk\/de\/wp-json\/wp\/v2\/product\/300053","targetHints":{"allow":["GET"]}}],"collection":[{"href":"https:\/\/healthyhead.dk\/de\/wp-json\/wp\/v2\/product"}],"about":[{"href":"https:\/\/healthyhead.dk\/de\/wp-json\/wp\/v2\/types\/product"}],"version-history":[{"count":1,"href":"https:\/\/healthyhead.dk\/de\/wp-json\/wp\/v2\/product\/300053\/revisions"}],"predecessor-version":[{"id":300117,"href":"https:\/\/healthyhead.dk\/de\/wp-json\/wp\/v2\/product\/300053\/revisions\/300117"}],"wp:featuredmedia":[{"embeddable":true,"href":"https:\/\/healthyhead.dk\/de\/wp-json\/wp\/v2\/media\/295737"}],"wp:attachment":[{"href":"https:\/\/healthyhead.dk\/de\/wp-json\/wp\/v2\/media?parent=300053"}],"wp:term":[{"taxonomy":"product_brand","embeddable":true,"href":"https:\/\/healthyhead.dk\/de\/wp-json\/wp\/v2\/product_brand?post=300053"},{"taxonomy":"product_cat","embeddable":true,"href":"https:\/\/healthyhead.dk\/de\/wp-json\/wp\/v2\/product_cat?post=300053"},{"taxonomy":"product_tag","embeddable":true,"href":"https:\/\/healthyhead.dk\/de\/wp-json\/wp\/v2\/product_tag?post=300053"}],"curies":[{"name":"wp","href":"https:\/\/api.w.org\/{rel}","templated":true}]}}