{"id":300097,"date":"2026-01-04T16:27:12","date_gmt":"2026-01-04T16:27:12","guid":{"rendered":"https:\/\/healthyhead.dk\/vare\/cap-kasket-danmark\/"},"modified":"2026-03-20T11:59:39","modified_gmt":"2026-03-20T11:59:39","slug":"cap-kasket-danmark","status":"publish","type":"product","link":"https:\/\/healthyhead.dk\/de\/produkt\/cap-kasket-danmark\/","title":{"rendered":"Cap, Kasket, Danmark, Voksen, Onesize"},"content":{"rendered":"","protected":false},"excerpt":{"rendered":"<p><img decoding=\"async\" class=\"alignnone wp-image-7519\" src=\"\/wp-content\/uploads\/2024\/08\/Oeko-tex.svg\" alt=\"OEKO-tex\" width=\"46\" height=\"45\" \/>OEKO-tex certificeret tryk uden skadelig kemi<\/p>\n<p>&nbsp;<\/p>\n[cg_accordion title=\"Beskrivelse\" open=\"open\"]<\/p>\n<div class=\"woocommerce-product-details__short-description\">\n<p>En klassisk kasket med det markante DANMARK-tryk placeret centralt p\u00e5 fronten. Designet er enkelt og tidl\u00f8st og udstr\u00e5ler dansk stolthed i et rent, moderne udtryk. P\u00e5 siden fuldendes looket af et diskret dannebrogsflag, som giver kasketten et gennemf\u00f8rt og autentisk pr\u00e6g. Kasketten er et oplagt valg til landskampe, events og hverdagsbrug, hvor du vil vise din opbakning med stil. Den justerbare lukning bagp\u00e5 sikrer en behagelig og fleksibel pasform, der passer de fleste.<\/p>\n<ul>\n<li><b>St\u00f8rrelse:<\/b> Onesize<\/li>\n<li><strong>Pasform:<\/strong> Justerbar lukning bagp\u00e5<\/li>\n<li><b>Varianter:<\/b> F\u00e5s i r\u00f8d eller hvid<\/li>\n<li><b>Detalje:<\/b> Diskret dannebrogsflag p\u00e5 siden<\/li>\n<li><b>Tryk:<\/b> Dansk OEKO-tex certificeret kvalitetstryk uden risikabel kemi<\/li>\n<\/ul>\n<\/div>\n<p>[\/cg_accordion]\n","protected":false},"featured_media":294681,"template":"","meta":{"_acf_changed":false},"product_brand":[],"product_cat":[744],"product_tag":[],"class_list":{"0":"post-300097","1":"product","2":"type-product","3":"status-publish","4":"has-post-thumbnail","6":"product_cat-daenemark-nationalmannschaftsbekleidung","8":"first","9":"instock","10":"taxable","11":"shipping-taxable","12":"purchasable","13":"product-type-variable"},"acf":[],"_links":{"self":[{"href":"https:\/\/healthyhead.dk\/de\/wp-json\/wp\/v2\/product\/300097","targetHints":{"allow":["GET"]}}],"collection":[{"href":"https:\/\/healthyhead.dk\/de\/wp-json\/wp\/v2\/product"}],"about":[{"href":"https:\/\/healthyhead.dk\/de\/wp-json\/wp\/v2\/types\/product"}],"version-history":[{"count":1,"href":"https:\/\/healthyhead.dk\/de\/wp-json\/wp\/v2\/product\/300097\/revisions"}],"predecessor-version":[{"id":311816,"href":"https:\/\/healthyhead.dk\/de\/wp-json\/wp\/v2\/product\/300097\/revisions\/311816"}],"wp:featuredmedia":[{"embeddable":true,"href":"https:\/\/healthyhead.dk\/de\/wp-json\/wp\/v2\/media\/294681"}],"wp:attachment":[{"href":"https:\/\/healthyhead.dk\/de\/wp-json\/wp\/v2\/media?parent=300097"}],"wp:term":[{"taxonomy":"product_brand","embeddable":true,"href":"https:\/\/healthyhead.dk\/de\/wp-json\/wp\/v2\/product_brand?post=300097"},{"taxonomy":"product_cat","embeddable":true,"href":"https:\/\/healthyhead.dk\/de\/wp-json\/wp\/v2\/product_cat?post=300097"},{"taxonomy":"product_tag","embeddable":true,"href":"https:\/\/healthyhead.dk\/de\/wp-json\/wp\/v2\/product_tag?post=300097"}],"curies":[{"name":"wp","href":"https:\/\/api.w.org\/{rel}","templated":true}]}}