{"id":302269,"date":"2026-01-25T10:51:47","date_gmt":"2026-01-25T10:51:47","guid":{"rendered":"https:\/\/healthyhead.dk\/vare\/hoodie-eu-europa-navy-blue\/"},"modified":"2026-01-25T16:12:21","modified_gmt":"2026-01-25T16:12:21","slug":"kapuzenpulli-eu-europa","status":"publish","type":"product","link":"https:\/\/healthyhead.dk\/de\/produkt\/kapuzenpulli-eu-europa\/","title":{"rendered":"Hoodie, EU, Europa, Democracy &amp; Unity"},"content":{"rendered":"","protected":false},"excerpt":{"rendered":"<p><img decoding=\"async\" class=\"alignnone wp-image-7519\" src=\"\/wp-content\/uploads\/2024\/08\/Oeko-tex.svg\" alt=\"OEKO-tex\" width=\"46\" height=\"45\">OEKO-tex certificeret hoodie<\/p>\n<p><img decoding=\"async\" class=\"alignnone wp-image-7520\" src=\"\/wp-content\/uploads\/2024\/08\/Forvasket.svg\" alt=\"Vorgewaschen\" width=\"46\" height=\"45\">Vorgewaschen zur Minimierung der Schrumpfung<\/p>\n<p><img decoding=\"async\" class=\"alignnone wp-image-8993\" src=\"\/wp-content\/uploads\/2024\/08\/Lavet-i-dk-.svg\" alt=\"\" width=\"47\" height=\"47\" srcset=\"https:\/\/healthyhead.dk\/wp-content\/uploads\/Lavet-i-dk-.svg 150w, https:\/\/healthyhead.dk\/wp-content\/uploads\/Lavet-i-dk-.svg 300w, https:\/\/healthyhead.dk\/wp-content\/uploads\/Lavet-i-dk-.svg 768w, https:\/\/healthyhead.dk\/wp-content\/uploads\/Lavet-i-dk-.svg 1024w, https:\/\/healthyhead.dk\/wp-content\/uploads\/Lavet-i-dk-.svg 250w\" sizes=\"(max-width: 47px) 100vw, 47px\" \/>D\u00e4nischer OEKO-tex-zertifizierter Qualit\u00e4tsdruck ohne sch\u00e4dliche Chemikalien<\/p>\n<p>&nbsp;<\/p>\n<p>&nbsp;<\/p>\n[cg_accordion title=\"Beschreibung\" open=\"open\"]<\/p>\n<div class=\"woocommerce-product-details__short-description\">\n<div class=\"woocommerce-product-details__short-description\">\n<p>Die EU steht f\u00fcr Zusammenarbeit, Demokratie und Frieden &#8211; Werte, die uns \u00fcber Grenzen hinweg vereinen, anstatt uns zu trennen. Dieser Kapuzenpullover zeigt ein dezentes EU-Symbol als ruhiges Statement f\u00fcr Gemeinschaft und Verantwortung. Hergestellt aus 100 % Bio-Baumwolle und bedruckt mit d\u00e4nischem OEKO-TEX-zertifiziertem Qualit\u00e4tsdruck ohne sch\u00e4dliche Chemikalien, damit Sie mit gutem Gewissen zu Ihren Werten stehen k\u00f6nnen.<\/p>\n<ul>\n<li><b>Passform:<\/b> Normale Passform mit 2 cm mehr L\u00e4nge f\u00fcr l\u00e4ngere Haltbarkeit<\/li>\n<li><b>Material:<\/b> 100% Bio-Baumwolle (GOTS zertifiziert), 290 g\/m\u00b2<\/li>\n<li><b>Schrumpfung:<\/b> Der Hoodie ist vorgewaschen und schrumpft daher nur minimal, wenn die Waschanleitung befolgt wird.<\/li>\n<li><b>Druck:<\/b> D\u00e4nischer OEKO-TEX-zertifizierter Qualit\u00e4tsdruck ohne riskante Chemikalien<\/li>\n<\/ul>\n<\/div>\n<p>[\/cg_accordion]\n[cg_accordion title=\"Waschanleitung\"]<\/p>\n<p>Wir empfehlen eine W\u00e4sche bei 40 Grad und den Verzicht auf den Trockner, um die Umwelt zu schonen und die Lebensdauer des Hoodies zu verl\u00e4ngern.<\/p>\n<p><img loading=\"lazy\" decoding=\"async\" class=\"wp-image-7353 alignleft\" src=\"\/wp-content\/uploads\/2024\/08\/Vaskeanvisning-305-t-shirt.svg\" alt=\"Waschanleitung-305 t-shirt\" width=\"270\" height=\"54\" srcset=\"https:\/\/healthyhead.dk\/wp-content\/uploads\/Vaskeanvisning-305-t-shirt.svg 150w, https:\/\/healthyhead.dk\/wp-content\/uploads\/Vaskeanvisning-305-t-shirt.svg 300w, https:\/\/healthyhead.dk\/wp-content\/uploads\/Vaskeanvisning-305-t-shirt.svg 768w, https:\/\/healthyhead.dk\/wp-content\/uploads\/Vaskeanvisning-305-t-shirt.svg 1024w, https:\/\/healthyhead.dk\/wp-content\/uploads\/Vaskeanvisning-305-t-shirt.svg 1230w\" sizes=\"(max-width: 270px) 100vw, 270px\" \/><\/p>\n<p>&nbsp;<\/p>\n<p>&nbsp;<\/p>\n<p>[\/cg_accordion]\n","protected":false},"featured_media":294928,"template":"","meta":{"_acf_changed":false},"product_brand":[],"product_cat":[658],"product_tag":[],"class_list":{"0":"post-302269","1":"product","2":"type-product","3":"status-publish","4":"has-post-thumbnail","6":"product_cat-eu","7":"pa_size-x-small-de","8":"pa_size-small-de","9":"pa_size-medium-de","10":"pa_size-large-de","11":"pa_size-x-large-de","12":"pa_size-xx-large-de","13":"pa_size-3x-large-de","14":"pa_size-4x-large-de","15":"pa_size-5x-large-de","17":"first","18":"instock","19":"taxable","20":"shipping-taxable","21":"purchasable","22":"product-type-variable"},"acf":[],"_links":{"self":[{"href":"https:\/\/healthyhead.dk\/de\/wp-json\/wp\/v2\/product\/302269","targetHints":{"allow":["GET"]}}],"collection":[{"href":"https:\/\/healthyhead.dk\/de\/wp-json\/wp\/v2\/product"}],"about":[{"href":"https:\/\/healthyhead.dk\/de\/wp-json\/wp\/v2\/types\/product"}],"version-history":[{"count":1,"href":"https:\/\/healthyhead.dk\/de\/wp-json\/wp\/v2\/product\/302269\/revisions"}],"predecessor-version":[{"id":302741,"href":"https:\/\/healthyhead.dk\/de\/wp-json\/wp\/v2\/product\/302269\/revisions\/302741"}],"wp:featuredmedia":[{"embeddable":true,"href":"https:\/\/healthyhead.dk\/de\/wp-json\/wp\/v2\/media\/294928"}],"wp:attachment":[{"href":"https:\/\/healthyhead.dk\/de\/wp-json\/wp\/v2\/media?parent=302269"}],"wp:term":[{"taxonomy":"product_brand","embeddable":true,"href":"https:\/\/healthyhead.dk\/de\/wp-json\/wp\/v2\/product_brand?post=302269"},{"taxonomy":"product_cat","embeddable":true,"href":"https:\/\/healthyhead.dk\/de\/wp-json\/wp\/v2\/product_cat?post=302269"},{"taxonomy":"product_tag","embeddable":true,"href":"https:\/\/healthyhead.dk\/de\/wp-json\/wp\/v2\/product_tag?post=302269"}],"curies":[{"name":"wp","href":"https:\/\/api.w.org\/{rel}","templated":true}]}}