{"id":302990,"date":"2026-01-30T09:14:16","date_gmt":"2026-01-30T09:14:16","guid":{"rendered":"https:\/\/healthyhead.dk\/vare\/boycott-usa-trump-ark-med-klistermaerker-vinyl-20-stk-oe48-cm\/"},"modified":"2026-01-30T12:13:33","modified_gmt":"2026-01-30T12:13:33","slug":"boykottiert-usa-trump-bogen-mit-aufklebern-vinyl-20-pk-oe48-cm","status":"publish","type":"product","link":"https:\/\/healthyhead.dk\/de\/produkt\/boykottiert-usa-trump-bogen-mit-aufklebern-vinyl-20-pk-oe48-cm\/","title":{"rendered":"Boycott USA, Trump, Bogen mit Aufklebern, Vinyl, 20 St\u00fcck, \u00d84,8 cm"},"content":{"rendered":"","protected":false},"excerpt":{"rendered":"<p><img decoding=\"async\" class=\"alignnone wp-image-12794\" src=\"\/wp-content\/uploads\/2024\/12\/Denmark-USP.webp\" alt=\"\" width=\"48\" height=\"46\">D\u00e4nischer Qualit\u00e4tsdruck auf OEKO-tex-zertifizierter Vinylfolie<\/p>\n<p>&nbsp;<\/p>\n[cg_accordion title=\"Beschreibung\" open=\"open\"]<\/p>\n<div class=\"woocommerce-product-details__short-description\">\n<p>Zeigen Sie Ihren Widerstand gegen Trump in einer Zeit, in der die USA Europa den R\u00fccken kehren, mit diesen Aufklebern &#8222;Boycott USA&#8220;, die auf einem Bogen mit 20 St\u00fcck in der Gr\u00f6\u00dfe \u00d84,8 cm geliefert werden. Gedruckt in D\u00e4nemark auf OEKO-tex-zertifizierter Vinylfolie.  <\/p>\n<ul>\n<li>D\u00e4nischer Qualit\u00e4tsdruck<\/li>\n<li>Gedruckt auf <b>OEKO-tex-zertifizierter Vinylfolie<\/b><\/li>\n<li><b>UV-best\u00e4ndige Farben<\/li>\n<li>20 St\u00fcck in der Gr\u00f6\u00dfe \u00d84,8 cm<\/li>\n<\/ul>\n<\/div>\n<p>[\/cg_accordion]\n","protected":false},"featured_media":302844,"template":"","meta":{"_acf_changed":false},"product_brand":[],"product_cat":[653,662],"product_tag":[],"class_list":{"0":"post-302990","1":"product","2":"type-product","3":"status-publish","4":"has-post-thumbnail","6":"product_cat-anti-trump","7":"product_cat-groenland-boykott-usa","9":"first","10":"instock","11":"taxable","12":"shipping-taxable","13":"purchasable","14":"product-type-simple"},"acf":[],"_links":{"self":[{"href":"https:\/\/healthyhead.dk\/de\/wp-json\/wp\/v2\/product\/302990","targetHints":{"allow":["GET"]}}],"collection":[{"href":"https:\/\/healthyhead.dk\/de\/wp-json\/wp\/v2\/product"}],"about":[{"href":"https:\/\/healthyhead.dk\/de\/wp-json\/wp\/v2\/types\/product"}],"version-history":[{"count":0,"href":"https:\/\/healthyhead.dk\/de\/wp-json\/wp\/v2\/product\/302990\/revisions"}],"wp:featuredmedia":[{"embeddable":true,"href":"https:\/\/healthyhead.dk\/de\/wp-json\/wp\/v2\/media\/302844"}],"wp:attachment":[{"href":"https:\/\/healthyhead.dk\/de\/wp-json\/wp\/v2\/media?parent=302990"}],"wp:term":[{"taxonomy":"product_brand","embeddable":true,"href":"https:\/\/healthyhead.dk\/de\/wp-json\/wp\/v2\/product_brand?post=302990"},{"taxonomy":"product_cat","embeddable":true,"href":"https:\/\/healthyhead.dk\/de\/wp-json\/wp\/v2\/product_cat?post=302990"},{"taxonomy":"product_tag","embeddable":true,"href":"https:\/\/healthyhead.dk\/de\/wp-json\/wp\/v2\/product_tag?post=302990"}],"curies":[{"name":"wp","href":"https:\/\/api.w.org\/{rel}","templated":true}]}}