{"id":310875,"date":"2026-03-01T19:17:22","date_gmt":"2026-03-01T19:17:22","guid":{"rendered":"https:\/\/healthyhead.dk\/vare\/t-shirt-free-iran-frihed-til-iran-loeve\/"},"modified":"2026-03-03T10:53:44","modified_gmt":"2026-03-03T10:53:44","slug":"t-shirt-frei-iran-freiheit-zu-iran-loeve","status":"publish","type":"product","link":"https:\/\/healthyhead.dk\/de\/produkt\/t-shirt-frei-iran-freiheit-zu-iran-loeve\/","title":{"rendered":"T-Shirt, Free Iran, Freiheit f\u00fcr den Iran, L\u00f6we"},"content":{"rendered":"","protected":false},"excerpt":{"rendered":"<p><img decoding=\"async\" class=\"alignnone wp-image-7519\" src=\"\/wp-content\/uploads\/2024\/08\/Oeko-tex.svg\" alt=\"OEKO-tex\" width=\"46\" height=\"45\">OEKO-tex-zertifizierter Druck ohne sch\u00e4dliche Chemikalien<\/p>\n<p><img decoding=\"async\" class=\"alignnone wp-image-7520\" src=\"\/wp-content\/uploads\/2024\/08\/Forvasket.svg\" alt=\"Vorgewaschen\" width=\"46\" height=\"45\">Vorgewaschen zur Minimierung der Schrumpfung<\/p>\n<p><img decoding=\"async\" class=\"alignnone wp-image-7533\" src=\"\/wp-content\/uploads\/2024\/08\/GOTS-.svg\" alt=\"GOTS\" width=\"46\" height=\"45\">GOTS-zertifiziertes Bio-T-Shirt<\/p>\n<p>&nbsp;<\/p>\n[cg_accordion title=\"Beschreibung\" open=\"open\"]<\/p>\n<div class=\"woocommerce-product-details__short-description\">\n<p data-start=\"0\" data-end=\"286\">Ein einfaches und kraftvolles Statement f\u00fcr die Freiheit. Das Motiv vereint den historischen L\u00f6wen mit Schwert und die Sonnenstrahlen in einem klaren und ausgewogenen Design, wobei die gr\u00fcnen und roten Linien subtil auf die Farben des Iran verweisen. Der Look ist eher minimalistisch und grafisch &#8211; aber die Botschaft ist genauso klar, f\u00fcr diejenigen, die ihre Unterst\u00fctzung f\u00fcr einen freien Iran zeigen wollen und dabei ein Symbol mit tiefen kulturellen Wurzeln tragen. Der L\u00f6we steht f\u00fcr St\u00e4rke und W\u00fcrde, die Sonne f\u00fcr Hoffnung und Zukunft, und das Ganze signalisiert den Mut zur Ver\u00e4nderung. Das Design verbindet klassische Symbolik mit moderner Schlichtheit. Es ist eine Aussage, die nicht schreit, sondern deutlich spricht.<\/p>\n<p data-start=\"636\" data-end=\"749\">Das T-Shirt ist aus schwerer 100% Bio-Baumwolle gefertigt und mit d\u00e4nischem OEKO-TEX zertifiziertem Qualit\u00e4tsdruck ohne sch\u00e4dliche Chemikalien bedruckt<\/p>\n<\/div>\n<div class=\"woocommerce-product-details__short-description\">\n<ul>\n<li><b>Passform:<\/b> Normale Passform mit 2 cm mehr L\u00e4nge f\u00fcr l\u00e4ngere Haltbarkeit<\/li>\n<li><b>Material:<\/b> 100% GOTS-zertifizierte Bio-Baumwolle, 165 g\/m\u00b2<\/li>\n<li><b>Schrumpfen:<\/b> Das T-Shirt ist &#8218;vorgewaschen&#8216; und schrumpft daher nur minimal, wenn die Waschanleitung befolgt wird.<\/li>\n<li><b>Druck:<\/b> D\u00e4nischer OEKO-tex zertifizierter Qualit\u00e4tsdruck ohne riskante Chemikalien<\/li>\n<\/ul>\n<\/div>\n<p>[\/cg_accordion]\n[cg_accordion title=\"Waschanleitung\"]<\/p>\n<p>Wir empfehlen, das T-Shirt bei 40 Grad zu waschen und nicht im Trockner zu trocknen, um die Umwelt zu sch\u00fctzen und die Lebensdauer des T-Shirts zu verl\u00e4ngern.<\/p>\n<p><img loading=\"lazy\" decoding=\"async\" class=\"wp-image-7353 alignleft\" src=\"\/wp-content\/uploads\/2024\/08\/Vaskeanvisning-305-t-shirt.svg\" alt=\"Waschanleitung-305 t-shirt\" width=\"270\" height=\"54\" srcset=\"https:\/\/healthyhead.dk\/wp-content\/uploads\/Vaskeanvisning-305-t-shirt.svg 150w, https:\/\/healthyhead.dk\/wp-content\/uploads\/Vaskeanvisning-305-t-shirt.svg 300w, https:\/\/healthyhead.dk\/wp-content\/uploads\/Vaskeanvisning-305-t-shirt.svg 768w, https:\/\/healthyhead.dk\/wp-content\/uploads\/Vaskeanvisning-305-t-shirt.svg 1024w, https:\/\/healthyhead.dk\/wp-content\/uploads\/Vaskeanvisning-305-t-shirt.svg 1230w\" sizes=\"(max-width: 270px) 100vw, 270px\" \/><\/p>\n<p>&nbsp;<\/p>\n<p>&nbsp;<\/p>\n<p>[\/cg_accordion]\n","protected":false},"featured_media":310144,"template":"","meta":{"_acf_changed":false},"product_brand":[],"product_cat":[1318],"product_tag":[],"class_list":{"0":"post-310875","1":"product","2":"type-product","3":"status-publish","4":"has-post-thumbnail","6":"product_cat-freiheit-fur-iran","7":"pa_size-x-small-de","8":"pa_size-small-de","9":"pa_size-medium-de","10":"pa_size-large-de","11":"pa_size-x-large-de","12":"pa_size-xx-large-de","13":"pa_size-3x-large-de","14":"pa_size-4x-large-de","15":"pa_size-5x-large-de","16":"pa_size-6x-large-de","18":"first","19":"instock","20":"taxable","21":"shipping-taxable","22":"purchasable","23":"product-type-variable"},"acf":[],"_links":{"self":[{"href":"https:\/\/healthyhead.dk\/de\/wp-json\/wp\/v2\/product\/310875","targetHints":{"allow":["GET"]}}],"collection":[{"href":"https:\/\/healthyhead.dk\/de\/wp-json\/wp\/v2\/product"}],"about":[{"href":"https:\/\/healthyhead.dk\/de\/wp-json\/wp\/v2\/types\/product"}],"version-history":[{"count":2,"href":"https:\/\/healthyhead.dk\/de\/wp-json\/wp\/v2\/product\/310875\/revisions"}],"predecessor-version":[{"id":311495,"href":"https:\/\/healthyhead.dk\/de\/wp-json\/wp\/v2\/product\/310875\/revisions\/311495"}],"wp:featuredmedia":[{"embeddable":true,"href":"https:\/\/healthyhead.dk\/de\/wp-json\/wp\/v2\/media\/310144"}],"wp:attachment":[{"href":"https:\/\/healthyhead.dk\/de\/wp-json\/wp\/v2\/media?parent=310875"}],"wp:term":[{"taxonomy":"product_brand","embeddable":true,"href":"https:\/\/healthyhead.dk\/de\/wp-json\/wp\/v2\/product_brand?post=310875"},{"taxonomy":"product_cat","embeddable":true,"href":"https:\/\/healthyhead.dk\/de\/wp-json\/wp\/v2\/product_cat?post=310875"},{"taxonomy":"product_tag","embeddable":true,"href":"https:\/\/healthyhead.dk\/de\/wp-json\/wp\/v2\/product_tag?post=310875"}],"curies":[{"name":"wp","href":"https:\/\/api.w.org\/{rel}","templated":true}]}}