{"id":311203,"date":"2026-03-01T18:58:46","date_gmt":"2026-03-01T18:58:46","guid":{"rendered":"https:\/\/healthyhead.dk\/vare\/t-shirt-free-iran-frihed-til-iran-kort\/"},"modified":"2026-03-02T13:52:15","modified_gmt":"2026-03-02T13:52:15","slug":"t-shirt-frei-iran-freiheit-zu-iran-karte","status":"publish","type":"product","link":"https:\/\/healthyhead.dk\/de\/produkt\/t-shirt-frei-iran-freiheit-zu-iran-karte\/","title":{"rendered":"T-shirt, Free Iran, Freiheit f\u00fcr den Iran, Karte"},"content":{"rendered":"","protected":false},"excerpt":{"rendered":"<p><img decoding=\"async\" class=\"alignnone wp-image-7519\" src=\"\/wp-content\/uploads\/2024\/08\/Oeko-tex.svg\" alt=\"OEKO-tex\" width=\"46\" height=\"45\">OEKO-tex-zertifizierter Druck ohne sch\u00e4dliche Chemikalien<\/p>\n<p><img decoding=\"async\" class=\"alignnone wp-image-7520\" src=\"\/wp-content\/uploads\/2024\/08\/Forvasket.svg\" alt=\"Vorgewaschen\" width=\"46\" height=\"45\">Vorgewaschen zur Minimierung der Schrumpfung<\/p>\n<p><img decoding=\"async\" class=\"alignnone wp-image-7533\" src=\"\/wp-content\/uploads\/2024\/08\/GOTS-.svg\" alt=\"GOTS\" width=\"46\" height=\"45\">GOTS-zertifiziertes Bio-T-Shirt<\/p>\n<p>&nbsp;<\/p>\n[cg_accordion title=\"Beschreibung\" open=\"open\"]<\/p>\n<div class=\"woocommerce-product-details__short-description\">\n<p>FREE IRAN &#8211; Eine Erkl\u00e4rung f\u00fcr die Freiheit Eine klare und kompromisslose Erkl\u00e4rung f\u00fcr die Freiheit im Iran. Der Druck FREE IRAN&#8220; kombiniert eine starke Typografie mit einem grafischen Symbol der Rebellion &#8211; einer erhobenen Faust \u00fcber einer Menschenmenge &#8211; als universelles Zeichen f\u00fcr Widerstand, Hoffnung und Volksmacht. Dieses T-Shirt ist f\u00fcr Sie, wenn Sie Ihre Solidarit\u00e4t mit dem iranischen Volk und seinem Kampf f\u00fcr Freiheit, Menschenrechte und demokratische Rechte zeigen wollen. Eine einfache, bildgewaltige Botschaft, die sich gegen Unterdr\u00fcckung ausspricht und f\u00fcr Freiheit und Selbstbestimmung eintritt. Das Design ist roh und direkt &#8211; zum Sehen und Lesen gemacht.<\/p>\n<\/div>\n<p>Das T-Shirt ist aus schwerer 100% Bio-Baumwolle gefertigt und mit d\u00e4nischem OEKO-TEX zertifiziertem Qualit\u00e4tsdruck ohne sch\u00e4dliche Chemikalien bedruckt<\/p>\n<div class=\"woocommerce-product-details__short-description\">\n<ul>\n<li><b>Passform:<\/b> Normale Passform mit 2 cm mehr L\u00e4nge f\u00fcr l\u00e4ngere Haltbarkeit<\/li>\n<li><b>Material:<\/b> 100% GOTS-zertifizierte Bio-Baumwolle, 165 g\/m\u00b2<\/li>\n<li><b>Schrumpfen:<\/b> Das T-Shirt ist &#8218;vorgewaschen&#8216; und schrumpft daher nur minimal, wenn die Waschanleitung befolgt wird.<\/li>\n<li><b>Druck:<\/b> D\u00e4nischer OEKO-tex zertifizierter Qualit\u00e4tsdruck ohne riskante Chemikalien<\/li>\n<\/ul>\n<\/div>\n<p>[\/cg_accordion]\n[cg_accordion title=\"Waschanleitung\"]<\/p>\n<p>Wir empfehlen, das T-Shirt bei 40 Grad zu waschen und nicht im Trockner zu trocknen, um die Umwelt zu sch\u00fctzen und die Lebensdauer des T-Shirts zu verl\u00e4ngern.<\/p>\n<p><img loading=\"lazy\" decoding=\"async\" class=\"wp-image-7353 alignleft\" src=\"\/wp-content\/uploads\/2024\/08\/Vaskeanvisning-305-t-shirt.svg\" alt=\"Waschanleitung-305 t-shirt\" width=\"270\" height=\"54\" srcset=\"https:\/\/healthyhead.dk\/wp-content\/uploads\/Vaskeanvisning-305-t-shirt.svg 150w, https:\/\/healthyhead.dk\/wp-content\/uploads\/Vaskeanvisning-305-t-shirt.svg 300w, https:\/\/healthyhead.dk\/wp-content\/uploads\/Vaskeanvisning-305-t-shirt.svg 768w, https:\/\/healthyhead.dk\/wp-content\/uploads\/Vaskeanvisning-305-t-shirt.svg 1024w, https:\/\/healthyhead.dk\/wp-content\/uploads\/Vaskeanvisning-305-t-shirt.svg 1230w\" sizes=\"(max-width: 270px) 100vw, 270px\" \/><\/p>\n<p>&nbsp;<\/p>\n<p>&nbsp;<\/p>\n<p>[\/cg_accordion]\n","protected":false},"featured_media":310177,"template":"","meta":{"_acf_changed":false},"product_brand":[],"product_cat":[1318],"product_tag":[],"class_list":{"0":"post-311203","1":"product","2":"type-product","3":"status-publish","4":"has-post-thumbnail","6":"product_cat-freiheit-fur-iran","7":"pa_size-x-small-de","8":"pa_size-small-de","9":"pa_size-medium-de","10":"pa_size-large-de","11":"pa_size-x-large-de","12":"pa_size-xx-large-de","13":"pa_size-3x-large-de","14":"pa_size-4x-large-de","15":"pa_size-5x-large-de","16":"pa_size-6x-large-de","18":"first","19":"instock","20":"taxable","21":"shipping-taxable","22":"purchasable","23":"product-type-variable"},"acf":[],"_links":{"self":[{"href":"https:\/\/healthyhead.dk\/de\/wp-json\/wp\/v2\/product\/311203","targetHints":{"allow":["GET"]}}],"collection":[{"href":"https:\/\/healthyhead.dk\/de\/wp-json\/wp\/v2\/product"}],"about":[{"href":"https:\/\/healthyhead.dk\/de\/wp-json\/wp\/v2\/types\/product"}],"version-history":[{"count":1,"href":"https:\/\/healthyhead.dk\/de\/wp-json\/wp\/v2\/product\/311203\/revisions"}],"predecessor-version":[{"id":311454,"href":"https:\/\/healthyhead.dk\/de\/wp-json\/wp\/v2\/product\/311203\/revisions\/311454"}],"wp:featuredmedia":[{"embeddable":true,"href":"https:\/\/healthyhead.dk\/de\/wp-json\/wp\/v2\/media\/310177"}],"wp:attachment":[{"href":"https:\/\/healthyhead.dk\/de\/wp-json\/wp\/v2\/media?parent=311203"}],"wp:term":[{"taxonomy":"product_brand","embeddable":true,"href":"https:\/\/healthyhead.dk\/de\/wp-json\/wp\/v2\/product_brand?post=311203"},{"taxonomy":"product_cat","embeddable":true,"href":"https:\/\/healthyhead.dk\/de\/wp-json\/wp\/v2\/product_cat?post=311203"},{"taxonomy":"product_tag","embeddable":true,"href":"https:\/\/healthyhead.dk\/de\/wp-json\/wp\/v2\/product_tag?post=311203"}],"curies":[{"name":"wp","href":"https:\/\/api.w.org\/{rel}","templated":true}]}}