{"id":316151,"date":"2026-04-11T11:18:19","date_gmt":"2026-04-11T11:18:19","guid":{"rendered":"https:\/\/healthyhead.dk\/vare\/sveriges-landhold-landsholdstroeje-t-shirt-dejan-kulusevski-21\/"},"modified":"2026-04-12T09:10:56","modified_gmt":"2026-04-12T09:10:56","slug":"schweden-nationalmannschaft-nationalmannschaft-trikot-t-shirt-dejan-kulusevski-21","status":"publish","type":"product","link":"https:\/\/healthyhead.dk\/de\/produkt\/schweden-nationalmannschaft-nationalmannschaft-trikot-t-shirt-dejan-kulusevski-21\/","title":{"rendered":"Schweden, Nationalmannschaft, T-shirt, Dejan Kulusevski, 21"},"content":{"rendered":"","protected":false},"excerpt":{"rendered":"<p><img decoding=\"async\" class=\"alignnone wp-image-7519\" src=\"\/wp-content\/uploads\/2024\/08\/Klassisk-pasform.svg\" alt=\"Klassische Passform\" width=\"46\" height=\"45\">Regular fit<\/p>\n<p><img decoding=\"async\" class=\"alignnone wp-image-7520\" src=\"\/wp-content\/uploads\/2024\/08\/Oeko-tex.svg\" alt=\"\u00d6ko-Tex\" width=\"46\" height=\"45\">OEKO-tex-zertifizierte Baumwolle und Druck ohne sch\u00e4dliche Chemikalien<\/p>\n<p><img decoding=\"async\" class=\"alignnone wp-image-7533\" src=\"\/wp-content\/uploads\/2024\/08\/Forvasket.svg\" alt=\"Vorgewaschen\" width=\"46\" height=\"45\">Vorgewaschen zur Minimierung der Schrumpfung<\/p>\n<section class=\"elegant-tabs-container et-horizontal\">\n<div class=\"et-tabs et-horizontal justified-tabs et-tabs-style-iconbox tab-class-670d08084954b\" data-tab_style=\"iconbox\" data-active-bg=\"#00a54f\" data-active-text=\"#ffffff\">\n<nav> <\/nav>\n<\/div>\n<\/section>\n[cg_accordion title=\"Beschreibung\" open=\"open\"]<\/p>\n<p>Unterst\u00fctze den kreativen schwedischen Offensivspieler Dejan Kulusevski mit diesem T-Shirt der schwedischen Nationalmannschaft. Das T-Shirt ist aus 100% GOTS-zertifizierter Bio-Baumwolle gefertigt und mit einem OEKO-TEX-zertifizierten Qualit\u00e4tsdruck versehen. Mit Kulusevski und der Nummer 21 auf der R\u00fcckseite ist es eine gute Wahl f\u00fcr Fans, die ein technisch versiertes Profil mit Flair, Dynamik und der F\u00e4higkeit, Spiele zu entscheiden, feiern wollen. Gedruckt mit d\u00e4nischem OEKO-tex-zertifiziertem Qualit\u00e4tsdruck ohne sch\u00e4dliche Chemikalien. Die Lieferzeit betr\u00e4gt ca. 3-5 Arbeitstage nach der Bestellung.<\/p>\n<ul>\n<li><b>Druck:<\/b> D\u00e4nischer OEKO-tex zertifizierter Qualit\u00e4tsdruck ohne riskante Chemikalien<\/li>\n<li><b>Passform:<\/b> Normale Passform mit 2 cm mehr L\u00e4nge f\u00fcr l\u00e4ngere Haltbarkeit<\/li>\n<li><b>Material:<\/b> 100% OEKO-tex zertifizierte Baumwolle, 165 g\/m\u00b2<\/li>\n<li><b>Schrumpfen:<\/b> Das T-Shirt ist &#8218;vorgewaschen&#8216; und schrumpft daher nur minimal, wenn die Waschanleitung befolgt wird.<\/li>\n<\/ul>\n<p>[\/cg_accordion]\n[cg_accordion title=\"Waschanleitung\"]<\/p>\n<p>Wir empfehlen, das T-Shirt bei 30 Grad zu waschen und nicht im Trockner zu trocknen, um die Umwelt zu sch\u00fctzen und die Lebensdauer des T-Shirts zu verl\u00e4ngern.<\/p>\n<p>Waschanleitung::<\/p>\n<p><img loading=\"lazy\" decoding=\"async\" class=\"wp-image-7353 alignleft\" src=\"\/wp-content\/uploads\/2024\/08\/Vaskeanvisning-305-t-shirt.svg\" alt=\"Waschanleitung-305 t-shirt\" width=\"270\" height=\"54\" srcset=\"https:\/\/healthyhead.dk\/wp-content\/uploads\/Vaskeanvisning-305-t-shirt.svg 150w, https:\/\/healthyhead.dk\/wp-content\/uploads\/Vaskeanvisning-305-t-shirt.svg 300w, https:\/\/healthyhead.dk\/wp-content\/uploads\/Vaskeanvisning-305-t-shirt.svg 768w, https:\/\/healthyhead.dk\/wp-content\/uploads\/Vaskeanvisning-305-t-shirt.svg 1024w, https:\/\/healthyhead.dk\/wp-content\/uploads\/Vaskeanvisning-305-t-shirt.svg 1230w\" sizes=\"(max-width: 270px) 100vw, 270px\" \/><\/p>\n<p>&nbsp;<\/p>\n<p>&nbsp;<\/p>\n<p>[\/cg_accordion]\n","protected":false},"featured_media":313009,"template":"","meta":{"_acf_changed":false},"product_brand":[],"product_cat":[756],"product_tag":[],"class_list":{"0":"post-316151","1":"product","2":"type-product","3":"status-publish","4":"has-post-thumbnail","6":"product_cat-schweden-nationalmannschaftsbekleidung","7":"pa_size-2-aar-de","8":"pa_size-4-6-aar-de","9":"pa_size-8-10-aar-de","10":"pa_size-12-14-aar-de","11":"pa_size-x-small-de","12":"pa_size-small-de","13":"pa_size-medium-de","14":"pa_size-large-de","15":"pa_size-x-large-de","16":"pa_size-xx-large-de","17":"pa_size-3x-large-de","18":"pa_size-4x-large-de","19":"pa_size-5x-large-de","20":"pa_size-6x-large-de","22":"first","23":"instock","24":"taxable","25":"shipping-taxable","26":"purchasable","27":"product-type-variable","28":"has-default-attributes"},"acf":[],"_links":{"self":[{"href":"https:\/\/healthyhead.dk\/de\/wp-json\/wp\/v2\/product\/316151","targetHints":{"allow":["GET"]}}],"collection":[{"href":"https:\/\/healthyhead.dk\/de\/wp-json\/wp\/v2\/product"}],"about":[{"href":"https:\/\/healthyhead.dk\/de\/wp-json\/wp\/v2\/types\/product"}],"version-history":[{"count":3,"href":"https:\/\/healthyhead.dk\/de\/wp-json\/wp\/v2\/product\/316151\/revisions"}],"predecessor-version":[{"id":316679,"href":"https:\/\/healthyhead.dk\/de\/wp-json\/wp\/v2\/product\/316151\/revisions\/316679"}],"wp:featuredmedia":[{"embeddable":true,"href":"https:\/\/healthyhead.dk\/de\/wp-json\/wp\/v2\/media\/313009"}],"wp:attachment":[{"href":"https:\/\/healthyhead.dk\/de\/wp-json\/wp\/v2\/media?parent=316151"}],"wp:term":[{"taxonomy":"product_brand","embeddable":true,"href":"https:\/\/healthyhead.dk\/de\/wp-json\/wp\/v2\/product_brand?post=316151"},{"taxonomy":"product_cat","embeddable":true,"href":"https:\/\/healthyhead.dk\/de\/wp-json\/wp\/v2\/product_cat?post=316151"},{"taxonomy":"product_tag","embeddable":true,"href":"https:\/\/healthyhead.dk\/de\/wp-json\/wp\/v2\/product_tag?post=316151"}],"curies":[{"name":"wp","href":"https:\/\/api.w.org\/{rel}","templated":true}]}}