{"id":317124,"date":"2026-02-01T17:59:09","date_gmt":"2026-02-01T17:59:09","guid":{"rendered":"https:\/\/healthyhead.dk\/vare\/hoodie-same-shit-different-costume-anti-trump-anti-maga-anti-ice\/"},"modified":"2026-04-24T10:39:01","modified_gmt":"2026-04-24T10:39:01","slug":"hoodie-same-shit-different-costume-anti-trump-anti-maga-anti-ice","status":"publish","type":"product","link":"https:\/\/healthyhead.dk\/de\/produkt\/hoodie-same-shit-different-costume-anti-trump-anti-maga-anti-ice\/","title":{"rendered":"Hoodie, Same Shit Different Costume, Anti Trump, Anti MAGA, Anti ICE"},"content":{"rendered":"","protected":false},"excerpt":{"rendered":"<p><img decoding=\"async\" class=\"alignnone wp-image-7519\" src=\"\/wp-content\/uploads\/2024\/08\/Oeko-tex.svg\" alt=\"OEKO-tex\" width=\"46\" height=\"45\">OEKO-tex certificeret hoodie<\/p>\n<p><img decoding=\"async\" class=\"alignnone wp-image-7520\" src=\"\/wp-content\/uploads\/2024\/08\/Forvasket.svg\" alt=\"Vorgewaschen\" width=\"46\" height=\"45\">Vorgewaschen zur Minimierung der Schrumpfung<\/p>\n<p><img decoding=\"async\" class=\"alignnone wp-image-8993\" src=\"\/wp-content\/uploads\/2024\/08\/Lavet-i-dk-.svg\" alt=\"\" width=\"47\" height=\"47\" srcset=\"https:\/\/healthyhead.dk\/wp-content\/uploads\/Lavet-i-dk-.svg 150w, https:\/\/healthyhead.dk\/wp-content\/uploads\/Lavet-i-dk-.svg 300w, https:\/\/healthyhead.dk\/wp-content\/uploads\/Lavet-i-dk-.svg 768w, https:\/\/healthyhead.dk\/wp-content\/uploads\/Lavet-i-dk-.svg 1024w, https:\/\/healthyhead.dk\/wp-content\/uploads\/Lavet-i-dk-.svg 250w\" sizes=\"(max-width: 47px) 100vw, 47px\" \/>D\u00e4nischer OEKO-tex-zertifizierter Qualit\u00e4tsdruck ohne sch\u00e4dliche Chemikalien<\/p>\n<p>&nbsp;<\/p>\n<p>&nbsp;<\/p>\n[cg_accordion title=\"Beschreibung\" open=\"open\"]<\/p>\n<div class=\"woocommerce-product-details__short-description\">\n<p>Das ist der gleiche Schei\u00df. Ein anderes Kost\u00fcm. Ein kompromissloses Statement gegen die MAGA-Bewegung, Trump und autorit\u00e4re Tendenzen, die sich als Patriotismus tarnen. Der Druck weist auf die unangenehme Tatsache hin, dass der Extremismus oft einfach nur die Uniform wechselt &#8211; w\u00e4hrend die Ideen dahinter dieselben bleiben: Spaltung, Angst und Machtmissbrauch.<\/p>\n<p>Dieser Kapuzenpulli ist f\u00fcr diejenigen, die Nein zum Trump-Zirkus, Nein zur MAGA-Rhetorik und Nein zu autorit\u00e4ren Bewegungen sagen &#8211; egal, wie sie versuchen, sich einzuwickeln. Ein visueller Aufruf zu Demokratie, Verantwortung und Geschichtsbewusstsein.<\/p>\n<p>Der Kapuzenpulli ist aus robuster 100%iger Bio-Baumwolle gefertigt. Sowohl der Druck als auch das T-Shirt sind OEKO-TEX\u00ae-zertifiziert.<\/p>\n<ul>\n<li><b>Passform:<\/b> Normale Passform mit 2 cm mehr L\u00e4nge f\u00fcr l\u00e4ngere Haltbarkeit<\/li>\n<li><b>Material:<\/b> 100% Bio-Baumwolle (GOTS zertifiziert), 290 g\/m\u00b2<\/li>\n<li><b>Schrumpfung:<\/b> Der Hoodie ist vorgewaschen und schrumpft daher nur minimal, wenn die Waschanleitung befolgt wird.<\/li>\n<li><b>Druck:<\/b> D\u00e4nischer OEKO-TEX-zertifizierter Qualit\u00e4tsdruck ohne riskante Chemikalien<\/li>\n<\/ul>\n<\/div>\n<p>[\/cg_accordion]\n[cg_accordion title=\"Waschanleitung\"]<\/p>\n<p>Wir empfehlen eine W\u00e4sche bei 40 Grad und den Verzicht auf den Trockner, um die Umwelt zu schonen und die Lebensdauer des Hoodies zu verl\u00e4ngern.<\/p>\n<p><img loading=\"lazy\" decoding=\"async\" class=\"wp-image-7353 alignleft\" src=\"\/wp-content\/uploads\/2024\/08\/Vaskeanvisning-305-t-shirt.svg\" alt=\"Waschanleitung-305 t-shirt\" width=\"270\" height=\"54\" srcset=\"https:\/\/healthyhead.dk\/wp-content\/uploads\/Vaskeanvisning-305-t-shirt.svg 150w, https:\/\/healthyhead.dk\/wp-content\/uploads\/Vaskeanvisning-305-t-shirt.svg 300w, https:\/\/healthyhead.dk\/wp-content\/uploads\/Vaskeanvisning-305-t-shirt.svg 768w, https:\/\/healthyhead.dk\/wp-content\/uploads\/Vaskeanvisning-305-t-shirt.svg 1024w, https:\/\/healthyhead.dk\/wp-content\/uploads\/Vaskeanvisning-305-t-shirt.svg 1230w\" sizes=\"(max-width: 270px) 100vw, 270px\" \/><\/p>\n<p>&nbsp;<\/p>\n<p>&nbsp;<\/p>\n<p>[\/cg_accordion]\n","protected":false},"featured_media":307389,"template":"","meta":{"_acf_changed":false},"product_brand":[],"product_cat":[653],"product_tag":[],"class_list":{"0":"post-317124","1":"product","2":"type-product","3":"status-publish","4":"has-post-thumbnail","6":"product_cat-anti-trump","7":"pa_size-x-small-de","8":"pa_size-small-de","9":"pa_size-medium-de","10":"pa_size-large-de","11":"pa_size-x-large-de","12":"pa_size-xx-large-de","13":"pa_size-3x-large-de","15":"first","16":"instock","17":"taxable","18":"shipping-taxable","19":"purchasable","20":"product-type-variable"},"acf":[],"_links":{"self":[{"href":"https:\/\/healthyhead.dk\/de\/wp-json\/wp\/v2\/product\/317124","targetHints":{"allow":["GET"]}}],"collection":[{"href":"https:\/\/healthyhead.dk\/de\/wp-json\/wp\/v2\/product"}],"about":[{"href":"https:\/\/healthyhead.dk\/de\/wp-json\/wp\/v2\/types\/product"}],"version-history":[{"count":2,"href":"https:\/\/healthyhead.dk\/de\/wp-json\/wp\/v2\/product\/317124\/revisions"}],"predecessor-version":[{"id":317464,"href":"https:\/\/healthyhead.dk\/de\/wp-json\/wp\/v2\/product\/317124\/revisions\/317464"}],"wp:featuredmedia":[{"embeddable":true,"href":"https:\/\/healthyhead.dk\/de\/wp-json\/wp\/v2\/media\/307389"}],"wp:attachment":[{"href":"https:\/\/healthyhead.dk\/de\/wp-json\/wp\/v2\/media?parent=317124"}],"wp:term":[{"taxonomy":"product_brand","embeddable":true,"href":"https:\/\/healthyhead.dk\/de\/wp-json\/wp\/v2\/product_brand?post=317124"},{"taxonomy":"product_cat","embeddable":true,"href":"https:\/\/healthyhead.dk\/de\/wp-json\/wp\/v2\/product_cat?post=317124"},{"taxonomy":"product_tag","embeddable":true,"href":"https:\/\/healthyhead.dk\/de\/wp-json\/wp\/v2\/product_tag?post=317124"}],"curies":[{"name":"wp","href":"https:\/\/api.w.org\/{rel}","templated":true}]}}