{"id":317457,"date":"2026-03-04T14:42:15","date_gmt":"2026-03-04T14:42:15","guid":{"rendered":"https:\/\/healthyhead.dk\/vare\/concealer-til-maend-mod-moerke-rander-og-bumser\/"},"modified":"2026-04-24T10:34:24","modified_gmt":"2026-04-24T10:34:24","slug":"concealer-til-maend-mod-moerke-rander-og-bumser","status":"publish","type":"product","link":"https:\/\/healthyhead.dk\/de\/produkt\/concealer-til-maend-mod-moerke-rander-og-bumser\/","title":{"rendered":"Concealer f\u00fcr M\u00e4nner, Gegen dunkle Augenringe, Pickel und kleine Farbunterschiede"},"content":{"rendered":"","protected":false},"excerpt":{"rendered":"<p><img decoding=\"async\" class=\"\" src=\"\/wp-content\/uploads\/2024\/08\/Ingen-kemi.svg\" alt=\"\" width=\"45\" height=\"45\">Keine hormonst\u00f6renden Substanzen<\/p>\n<p><img decoding=\"async\" class=\"\" src=\"\/wp-content\/uploads\/2024\/08\/Ingen-allergifremkaldende.svg\" alt=\"\" width=\"46\" height=\"46\">Keine allergieausl\u00f6senden Stoffe<\/p>\n<p><img decoding=\"async\" class=\"\" src=\"\/wp-content\/uploads\/2024\/08\/Ingen-miljoebelastende.svg\" width=\"46\" height=\"46\">Keine umweltbelastenden Stoffe<\/p>\n<p><img loading=\"lazy\" decoding=\"async\" class=\"\" src=\"\/wp-content\/uploads\/2024\/08\/indeholder-parfume.svg\" width=\"46\" height=\"46\">Enth\u00e4lt eine sehr geringe Menge an hypoallergenen und 100% nat\u00fcrlichen Duftstoffen<\/p>\n<p>&nbsp;<\/p>\n[cg_accordion title=\"Beschreibung des Produkts\" open=\"open\"]<\/p>\n<p>Bio-Abdeckstift von ZAO Makeup aus Frankreich. Dieser Abdeckstift wurde entwickelt, um den Hautton diskret auszugleichen und dunkle Augenringe, Hautunreinheiten, Rasierpickel und andere kleine Farbunterschiede der Haut abzudecken. Es sorgt f\u00fcr ein nat\u00fcrliches Ergebnis, so dass die Haut glatter erscheint, ohne geschminkt auszusehen.<\/p>\n<p>Die Formel enth\u00e4lt u.a. Biologisches Rizinus\u00f6l und Carnaubawachs aus Palmbl\u00e4ttern n\u00e4hren die Haut und versorgen sie den ganzen Tag \u00fcber mit Feuchtigkeit.<\/p>\n<ul>\n<li>Gleicht den Hautton aus und deckt dunkle Augenringe, Hautunreinheiten und Rasierpickel ab<\/li>\n<li>Angereichert mit <b>Bio-Rizinus\u00f6l und Carnaubawachs<\/b>, um die Haut zu n\u00e4hren und mit Feuchtigkeit zu versorgen<\/li>\n<li>Verleiht ein nat\u00fcrliches und diskretes Ergebnis<\/li>\n<li>Frei von problematischer Chemie<\/li>\n<li>M\u00f6glichkeit des <b>Nachf\u00fcllens mit einer Nachf\u00fcllpackung<\/b><\/li>\n<\/ul>\n<p><img loading=\"lazy\" decoding=\"async\" class=\"alignnone size-full wp-image-8916\" src=\"\/wp-content\/uploads\/2024\/08\/zao-certificeringer.jpg\" alt=\"\" width=\"479\" height=\"93\" srcset=\"https:\/\/healthyhead.dk\/wp-content\/uploads\/2024\/08\/zao-certificeringer.jpg 479w, https:\/\/healthyhead.dk\/wp-content\/uploads\/2024\/08\/zao-certificeringer-300x58.jpg 300w, https:\/\/healthyhead.dk\/wp-content\/uploads\/2024\/08\/zao-certificeringer-441x86.jpg 441w, https:\/\/healthyhead.dk\/wp-content\/uploads\/2024\/08\/zao-certificeringer-150x29.jpg 150w\" sizes=\"(max-width: 479px) 100vw, 479px\" \/><br \/>\n[\/cg_accordion]\n[cg_accordion title=\"Farbgarantie - Kostenloser Umtausch\"]<\/p>\n<p data-start=\"193\" data-end=\"257\">Sie sind sich nicht sicher, welcher Farbton am besten zu Ihrer Haut passt?<\/p>\n<p data-start=\"230\" data-end=\"380\">Mit unserer <strong data-start=\"240\" data-end=\"256\">Farbgarantie<\/strong> k\u00f6nnen Sie mit gutem Gewissen w\u00e4hlen. Wenn die Farbe beim ersten Mal nicht passt, k\u00f6nnen Sie <strong data-start=\"321\" data-end=\"357\">sie einmal kostenlos<\/strong> gegen einen anderen Farbton <strong data-start=\"321\" data-end=\"357\">umtauschen<\/strong>.<\/p>\n<p data-start=\"382\" data-end=\"578\">Der Concealer, den Sie zur\u00fcckgeben, <strong data-start=\"414\" data-end=\"441\">wird nicht mehr verkauft<\/strong>. Wir verwenden es intern f\u00fcr <strong data-start=\"469\" data-end=\"493\">Tests und Farbmuster<\/strong>, so dass Sie immer sicher sein k\u00f6nnen, dass die von uns verkauften Produkte brandneu und unbenutzt sind.<\/p>\n<p data-start=\"580\" data-end=\"686\">\u2714 Ein kostenloser Umtausch pro Einkauf<br data-start=\"609\" data-end=\"612\">\u2714 Einfacher und schneller Prozess<br data-start=\"634\" data-end=\"637\">\u2714 Alle Produkte, die wir verschicken, sind neu und unbenutzt<\/p>\n<p>[\/cg_accordion]\n[cg_accordion title=\"Anwendungstipps\"]<\/p>\n<p>Tragen Sie den Abdeckstift in kleinen Mengen dort auf, wo Sie den Hautton ausgleichen m\u00f6chten, z. B. unter den Augen, bei Rasierpickeln, Hautunreinheiten oder anderen kleinen Farbunterschieden der Haut. Bei dunklen Augenringen k\u00f6nnen Sie am inneren Augenwinkel beginnen und leicht zur Mitte des Auges hin arbeiten. Anschlie\u00dfend mit dem Finger oder einem Concealer-Pinsel sanft auftupfen und verblenden, um einen nat\u00fcrlichen und dezenten \u00dcbergang zu erzielen.<\/p>\n<p>Bei kleineren Hautunreinheiten kann der Abdeckstift direkt auf die Stelle aufgetragen und leicht in die Haut eingearbeitet werden. Das Ergebnis ist ein gleichm\u00e4\u00dfigerer Hautton, ohne dass das Aussehen von Make-up beeintr\u00e4chtigt wird.<\/p>\n<p>Der dunkelste Farbton (Dark) eignet sich auch gut als farbkorrigierende Basis f\u00fcr ausgepr\u00e4gte Augenringe und kann vor der Grundierung aufgetragen werden. Die anderen Hautt\u00f6ne k\u00f6nnen allein oder mit einer Grundierung verwendet werden, je nachdem, wie viel Deckkraft Sie w\u00fcnschen.<\/p>\n<ul>\n<li><b>491 Light Skin<\/b>: Heller Hautton mit leichtem gelbem Unterton &#8211; gut f\u00fcr helle Haut und zur Neutralisierung violetter\/dunkler Augenringe<\/li>\n<li><b>492 Light Neutral<\/b>: Leicht neutraler Hautton &#8211; sorgt f\u00fcr eine nat\u00fcrliche Angleichung des Hauttons<\/li>\n<li><b>493 Medium Warm<\/b>: Mittlerer Hautton mit warmem Unterton &#8211; geeignet f\u00fcr mittlere Hauttypen<\/li>\n<li><b>494 Dark<\/b>: Dunklerer Hautton mit warmem\/orangefarbenem Unterton &#8211; hilft, bl\u00e4uliche oder sehr dunkle Augenringe zu neutralisieren<\/li>\n<\/ul>\n<p>[\/cg_accordion]\n[cg_accordion title=\"Inhaltsstoffe\"]<\/p>\n<p><b>Bio-Rizinus\u00f6l<\/b><\/p>\n<p>Dieses \u00d6l ist interessant, weil es weichmachend ist und die Haut geschmeidig macht. Es ist auch feuchtigkeitsspendend, erh\u00f6ht den Wassergehalt der Haut und h\u00e4lt sie weich und geschmeidig. <\/p>\n<p><b>Bio-Karnaubawachs<\/b><\/p>\n<p>Dieses Wachs, das aus den Bl\u00e4ttern einer in Brasilien beheimateten Palme gewonnen wird, ist ein Filmbildner, der die Haut durch die Bildung eines kontinuierlichen Films sch\u00fctzt und die Langlebigkeit des Make-ups verbessert.<\/p>\n<p><b>Bio-Bambusmazerat<\/b><\/p>\n<p>Das Bambusmazerat ist sehr reich an organischer Kiesels\u00e4ure, deren Zufuhr von au\u00dfen notwendig ist, um die Elastizit\u00e4t der oberen Schichten der Epidermis zu erhalten. Organische Kiesels\u00e4ure stimuliert tats\u00e4chlich den Prozess der Kollagenproduktion. <\/p>\n<p><b>INCI-Liste:<\/b> Ricinus Communis (Castor) Seed Oil*, C10-18 Triglyceride, Copernicia Cerifera (Carnauba) Cera*, Jojoba Esters, Undecane, Helianthus Annuus (Sunflower) Seed Cera, Silica, Hydroxystearic\/linolenic\/oleic Polyglycerides, Tridecane, Parfum (Fragrance), Euphorbia Cerifera (Candelilla) Cera, Polyglycerin-3, Acacia Decurrens Flower Cera, Lecithin, Bambusa Arundinacea Stem Powder, Bambusa Arundinacea Stem Extract*, Helianthus Annuus (Sunflower) Seed Oil*, Tocopherol, Ascorbyl Palmitate, Citric Acid. Kann enthalten +\/-: Ci 77891 (Titanium Dioxide), Ci 77491 (Eisenoxide), Ci 77492 (Eisenoxide), Ci 77499 (Eisenoxide), Ci 77288 (Chromium Oxide Green). * Zutaten aus biologischem Anbau.  <\/p>\n<p>[\/cg_accordion]\n<p>&nbsp;<\/p>\n","protected":false},"featured_media":255750,"template":"","meta":{"_acf_changed":false},"product_brand":[564],"product_cat":[1331],"product_tag":[],"class_list":{"0":"post-317457","1":"product","2":"type-product","3":"status-publish","4":"has-post-thumbnail","6":"product_brand-zao","7":"product_cat-makeup-til-maend-de","9":"first","10":"instock","11":"taxable","12":"shipping-taxable","13":"purchasable","14":"product-type-variable"},"acf":[],"_links":{"self":[{"href":"https:\/\/healthyhead.dk\/de\/wp-json\/wp\/v2\/product\/317457","targetHints":{"allow":["GET"]}}],"collection":[{"href":"https:\/\/healthyhead.dk\/de\/wp-json\/wp\/v2\/product"}],"about":[{"href":"https:\/\/healthyhead.dk\/de\/wp-json\/wp\/v2\/types\/product"}],"version-history":[{"count":1,"href":"https:\/\/healthyhead.dk\/de\/wp-json\/wp\/v2\/product\/317457\/revisions"}],"predecessor-version":[{"id":317463,"href":"https:\/\/healthyhead.dk\/de\/wp-json\/wp\/v2\/product\/317457\/revisions\/317463"}],"wp:featuredmedia":[{"embeddable":true,"href":"https:\/\/healthyhead.dk\/de\/wp-json\/wp\/v2\/media\/255750"}],"wp:attachment":[{"href":"https:\/\/healthyhead.dk\/de\/wp-json\/wp\/v2\/media?parent=317457"}],"wp:term":[{"taxonomy":"product_brand","embeddable":true,"href":"https:\/\/healthyhead.dk\/de\/wp-json\/wp\/v2\/product_brand?post=317457"},{"taxonomy":"product_cat","embeddable":true,"href":"https:\/\/healthyhead.dk\/de\/wp-json\/wp\/v2\/product_cat?post=317457"},{"taxonomy":"product_tag","embeddable":true,"href":"https:\/\/healthyhead.dk\/de\/wp-json\/wp\/v2\/product_tag?post=317457"}],"curies":[{"name":"wp","href":"https:\/\/api.w.org\/{rel}","templated":true}]}}