{"id":317767,"date":"2026-02-01T19:07:34","date_gmt":"2026-02-01T19:07:34","guid":{"rendered":"https:\/\/healthyhead.dk\/vare\/t-shirt-go-back-we-screwed-up-anti-trump-anti-maga\/"},"modified":"2026-04-24T11:04:22","modified_gmt":"2026-04-24T11:04:22","slug":"t-shirt-go-back-we-screwed-up-anti-trump-anti-maga","status":"publish","type":"product","link":"https:\/\/healthyhead.dk\/de\/produkt\/t-shirt-go-back-we-screwed-up-anti-trump-anti-maga\/","title":{"rendered":"T-shirt, Go back &#8211; We screwed up, Anti Trump, Anti MAGA"},"content":{"rendered":"","protected":false},"excerpt":{"rendered":"<p><img decoding=\"async\" class=\"alignnone wp-image-7519\" src=\"\/wp-content\/uploads\/2024\/08\/Oeko-tex.svg\" alt=\"OEKO-tex\" width=\"46\" height=\"45\">OEKO-tex-zertifizierter Druck ohne sch\u00e4dliche Chemikalien<\/p>\n<p><img decoding=\"async\" class=\"alignnone wp-image-7520\" src=\"\/wp-content\/uploads\/2024\/08\/Forvasket.svg\" alt=\"Vorgewaschen\" width=\"46\" height=\"45\">Vorgewaschen zur Minimierung der Schrumpfung<\/p>\n<p><img decoding=\"async\" class=\"alignnone wp-image-7533\" src=\"\/wp-content\/uploads\/2024\/08\/GOTS-.svg\" alt=\"GOTS\" width=\"46\" height=\"45\">GOTS-zertifiziertes Bio-T-Shirt<\/p>\n<p>&nbsp;<\/p>\n[cg_accordion title=\"Beschreibung\" open=\"open\"]<\/p>\n<div class=\"woocommerce-product-details__short-description\">\n<p>Gehen Sie zur\u00fcck. Wir haben es vermasselt. Eine satirische und bissige Stellungnahme zu Trump, der MAGA-Bewegung und den autorit\u00e4ren R\u00fcckschritten, die als Fortschritt dargestellt werden. Die Grafik stellt die &#8222;Evolution&#8220; auf den Kopf und weist auf die unbequeme Botschaft hin: Wenn die Demokratie schw\u00e4chelt, ist das keine Evolution, sondern ein R\u00fcckschritt.<\/p>\n<p>Das T-Shirt ist ein klarer Kommentar zu MAGA-Rhetorik, Personenkult und politischen Trends, die die Gesellschaft unter dem Deckmantel von St\u00e4rke, Ordnung und Nostalgie r\u00fcckw\u00e4rts ziehen. Ein visueller Aufruf zu Demokratie, Verantwortung und der Einsicht, dass wir manchmal Fehler zugeben m\u00fcssen, um voranzukommen.<\/p>\n<p>Das T-Shirt ist aus schwerer 100 % Bio-Baumwolle gefertigt. Sowohl der Druck als auch das T-Shirt sind zertifiziert frei von sch\u00e4dlichen Chemikalien.<\/p>\n<ul>\n<li><b>Passform:<\/b> Normale Passform mit 2 cm mehr L\u00e4nge f\u00fcr l\u00e4ngere Haltbarkeit<\/li>\n<li><b>Material:<\/b> 100% GOTS-zertifizierte Bio-Baumwolle, 165 g\/m\u00b2<\/li>\n<li><b>Schrumpfen:<\/b> Das T-Shirt ist &#8218;vorgewaschen&#8216; und schrumpft daher nur minimal, wenn die Waschanleitung befolgt wird.<\/li>\n<li><b>Druck:<\/b> D\u00e4nischer OEKO-tex zertifizierter Qualit\u00e4tsdruck ohne riskante Chemikalien<\/li>\n<\/ul>\n<\/div>\n<p>[\/cg_accordion]\n[cg_accordion title=\"Waschanleitung\"]<\/p>\n<p>Wir empfehlen, das T-Shirt bei 40 Grad zu waschen und nicht im Trockner zu trocknen, um die Umwelt zu sch\u00fctzen und die Lebensdauer des T-Shirts zu verl\u00e4ngern.<\/p>\n<p><img loading=\"lazy\" decoding=\"async\" class=\"wp-image-7353 alignleft\" src=\"\/wp-content\/uploads\/2024\/08\/Vaskeanvisning-305-t-shirt.svg\" alt=\"Waschanleitung-305 t-shirt\" width=\"270\" height=\"54\" srcset=\"https:\/\/healthyhead.dk\/wp-content\/uploads\/Vaskeanvisning-305-t-shirt.svg 150w, https:\/\/healthyhead.dk\/wp-content\/uploads\/Vaskeanvisning-305-t-shirt.svg 300w, https:\/\/healthyhead.dk\/wp-content\/uploads\/Vaskeanvisning-305-t-shirt.svg 768w, https:\/\/healthyhead.dk\/wp-content\/uploads\/Vaskeanvisning-305-t-shirt.svg 1024w, https:\/\/healthyhead.dk\/wp-content\/uploads\/Vaskeanvisning-305-t-shirt.svg 1230w\" sizes=\"(max-width: 270px) 100vw, 270px\" \/><\/p>\n<p>&nbsp;<\/p>\n<p>&nbsp;<\/p>\n<p>[\/cg_accordion]\n","protected":false},"featured_media":307474,"template":"","meta":{"_acf_changed":false},"product_brand":[],"product_cat":[653],"product_tag":[],"class_list":{"0":"post-317767","1":"product","2":"type-product","3":"status-publish","4":"has-post-thumbnail","6":"product_cat-anti-trump","7":"pa_size-x-small-de","8":"pa_size-small-de","9":"pa_size-medium-de","10":"pa_size-large-de","11":"pa_size-x-large-de","12":"pa_size-xx-large-de","13":"pa_size-3x-large-de","14":"pa_size-4x-large-de","15":"pa_size-5x-large-de","16":"pa_size-6x-large-de","18":"first","19":"instock","20":"taxable","21":"shipping-taxable","22":"purchasable","23":"product-type-variable"},"acf":[],"_links":{"self":[{"href":"https:\/\/healthyhead.dk\/de\/wp-json\/wp\/v2\/product\/317767","targetHints":{"allow":["GET"]}}],"collection":[{"href":"https:\/\/healthyhead.dk\/de\/wp-json\/wp\/v2\/product"}],"about":[{"href":"https:\/\/healthyhead.dk\/de\/wp-json\/wp\/v2\/types\/product"}],"version-history":[{"count":1,"href":"https:\/\/healthyhead.dk\/de\/wp-json\/wp\/v2\/product\/317767\/revisions"}],"predecessor-version":[{"id":318683,"href":"https:\/\/healthyhead.dk\/de\/wp-json\/wp\/v2\/product\/317767\/revisions\/318683"}],"wp:featuredmedia":[{"embeddable":true,"href":"https:\/\/healthyhead.dk\/de\/wp-json\/wp\/v2\/media\/307474"}],"wp:attachment":[{"href":"https:\/\/healthyhead.dk\/de\/wp-json\/wp\/v2\/media?parent=317767"}],"wp:term":[{"taxonomy":"product_brand","embeddable":true,"href":"https:\/\/healthyhead.dk\/de\/wp-json\/wp\/v2\/product_brand?post=317767"},{"taxonomy":"product_cat","embeddable":true,"href":"https:\/\/healthyhead.dk\/de\/wp-json\/wp\/v2\/product_cat?post=317767"},{"taxonomy":"product_tag","embeddable":true,"href":"https:\/\/healthyhead.dk\/de\/wp-json\/wp\/v2\/product_tag?post=317767"}],"curies":[{"name":"wp","href":"https:\/\/api.w.org\/{rel}","templated":true}]}}