{"id":317879,"date":"2026-02-01T19:14:44","date_gmt":"2026-02-01T19:14:44","guid":{"rendered":"https:\/\/healthyhead.dk\/vare\/sweatshirt-t-shirt-go-back-we-screwed-up-anti-trump-anti-maga\/"},"modified":"2026-04-24T11:05:14","modified_gmt":"2026-04-24T11:05:14","slug":"sweatshirt-t-shirt-go-back-we-screwed-up-anti-trump-anti-maga","status":"publish","type":"product","link":"https:\/\/healthyhead.dk\/de\/produkt\/sweatshirt-t-shirt-go-back-we-screwed-up-anti-trump-anti-maga\/","title":{"rendered":"Sweatshirt, Go back &#8211; We screwed up, Anti Trump, Anti MAGA"},"content":{"rendered":"","protected":false},"excerpt":{"rendered":"<p><img decoding=\"async\" class=\"alignnone wp-image-7519\" src=\"\/wp-content\/uploads\/2024\/08\/Oeko-tex.svg\" alt=\"OEKO-tex\" width=\"46\" height=\"45\">OEKO-tex zertifiziertes Sweatshirt<\/p>\n<p><img decoding=\"async\" class=\"alignnone wp-image-7520\" src=\"\/wp-content\/uploads\/2024\/08\/Forvasket.svg\" alt=\"Vorgewaschen\" width=\"46\" height=\"45\">Vorgewaschen zur Minimierung der Schrumpfung<\/p>\n<p><img decoding=\"async\" class=\"alignnone wp-image-8993\" src=\"\/wp-content\/uploads\/2024\/08\/Lavet-i-dk-.svg\" alt=\"\" width=\"47\" height=\"47\" srcset=\"https:\/\/healthyhead.dk\/wp-content\/uploads\/Lavet-i-dk-.svg 150w, https:\/\/healthyhead.dk\/wp-content\/uploads\/Lavet-i-dk-.svg 300w, https:\/\/healthyhead.dk\/wp-content\/uploads\/Lavet-i-dk-.svg 768w, https:\/\/healthyhead.dk\/wp-content\/uploads\/Lavet-i-dk-.svg 1024w, https:\/\/healthyhead.dk\/wp-content\/uploads\/Lavet-i-dk-.svg 250w\" sizes=\"(max-width: 47px) 100vw, 47px\" \/>D\u00e4nischer OEKO-tex-zertifizierter Qualit\u00e4tsdruck ohne sch\u00e4dliche Chemikalien<\/p>\n<p>&nbsp;<\/p>\n<p>&nbsp;<\/p>\n[cg_accordion title=\"Beschreibung\" open=\"open\"]<\/p>\n<div class=\"woocommerce-product-details__short-description\">\n<p>Gehen Sie zur\u00fcck. Wir haben es vermasselt. Eine satirische und bissige Stellungnahme zu Trump, der MAGA-Bewegung und den autorit\u00e4ren R\u00fcckschritten, die als Fortschritt dargestellt werden. Die Grafik stellt die &#8222;Evolution&#8220; auf den Kopf und weist auf die unbequeme Botschaft hin: Wenn die Demokratie schw\u00e4chelt, ist das keine Evolution, sondern ein R\u00fcckschritt.<\/p>\n<p>Das Sweatshirt ist ein klarer Kommentar zu MAGA-Rhetorik, Personenkult und politischen Trends, die die Gesellschaft unter dem Deckmantel von St\u00e4rke, Ordnung und Nostalgie r\u00fcckw\u00e4rts ziehen. Ein visueller Aufruf zu Demokratie, Verantwortung und der Einsicht, dass wir manchmal Fehler zugeben m\u00fcssen, um voranzukommen.<\/p>\n<ul>\n<li><b>Passform:<\/b> Normale Passform mit 2 cm mehr L\u00e4nge f\u00fcr l\u00e4ngere Haltbarkeit<\/li>\n<li><b>Material:<\/b> OEKO-Tex zertifizierte Bio-Baumwolle, Polyester, 320 g\/m\u00b2<\/li>\n<li><b>Schrumpfen:<\/b> Das Sweatshirt ist &#8218;vorgewaschen&#8216; &#8211; daher schrumpft es nur minimal, wenn die Waschanleitung befolgt wird.<\/li>\n<li><b>Druck:<\/b> D\u00e4nischer OEKO-tex zertifizierter Qualit\u00e4tsdruck ohne riskante Chemikalien<\/li>\n<\/ul>\n<\/div>\n<p>[\/cg_accordion]\n[cg_accordion title=\"Waschanleitung\"]<\/p>\n<p>Wir empfehlen, das Sweatshirt bei 40 Grad zu waschen und nicht im Trockner zu trocknen, um die Umwelt zu sch\u00fctzen und die Lebensdauer des Sweatshirts zu verl\u00e4ngern.<\/p>\n<p><img loading=\"lazy\" decoding=\"async\" class=\"wp-image-7353 alignleft\" src=\"\/wp-content\/uploads\/2024\/08\/Vaskeanvisning-305-t-shirt.svg\" alt=\"Waschanleitung-305 t-shirt\" width=\"270\" height=\"54\" srcset=\"https:\/\/healthyhead.dk\/wp-content\/uploads\/Vaskeanvisning-305-t-shirt.svg 150w, https:\/\/healthyhead.dk\/wp-content\/uploads\/Vaskeanvisning-305-t-shirt.svg 300w, https:\/\/healthyhead.dk\/wp-content\/uploads\/Vaskeanvisning-305-t-shirt.svg 768w, https:\/\/healthyhead.dk\/wp-content\/uploads\/Vaskeanvisning-305-t-shirt.svg 1024w, https:\/\/healthyhead.dk\/wp-content\/uploads\/Vaskeanvisning-305-t-shirt.svg 1230w\" sizes=\"(max-width: 270px) 100vw, 270px\" \/><\/p>\n<p>&nbsp;<\/p>\n<p>&nbsp;<\/p>\n<p>[\/cg_accordion]\n","protected":false},"featured_media":307510,"template":"","meta":{"_acf_changed":false},"product_brand":[],"product_cat":[653],"product_tag":[],"class_list":{"0":"post-317879","1":"product","2":"type-product","3":"status-publish","4":"has-post-thumbnail","6":"product_cat-anti-trump","7":"pa_size-x-small-de","8":"pa_size-small-de","9":"pa_size-medium-de","10":"pa_size-large-de","11":"pa_size-x-large-de","12":"pa_size-xx-large-de","13":"pa_size-3x-large-de","15":"first","16":"instock","17":"taxable","18":"shipping-taxable","19":"purchasable","20":"product-type-variable"},"acf":[],"_links":{"self":[{"href":"https:\/\/healthyhead.dk\/de\/wp-json\/wp\/v2\/product\/317879","targetHints":{"allow":["GET"]}}],"collection":[{"href":"https:\/\/healthyhead.dk\/de\/wp-json\/wp\/v2\/product"}],"about":[{"href":"https:\/\/healthyhead.dk\/de\/wp-json\/wp\/v2\/types\/product"}],"version-history":[{"count":1,"href":"https:\/\/healthyhead.dk\/de\/wp-json\/wp\/v2\/product\/317879\/revisions"}],"predecessor-version":[{"id":318687,"href":"https:\/\/healthyhead.dk\/de\/wp-json\/wp\/v2\/product\/317879\/revisions\/318687"}],"wp:featuredmedia":[{"embeddable":true,"href":"https:\/\/healthyhead.dk\/de\/wp-json\/wp\/v2\/media\/307510"}],"wp:attachment":[{"href":"https:\/\/healthyhead.dk\/de\/wp-json\/wp\/v2\/media?parent=317879"}],"wp:term":[{"taxonomy":"product_brand","embeddable":true,"href":"https:\/\/healthyhead.dk\/de\/wp-json\/wp\/v2\/product_brand?post=317879"},{"taxonomy":"product_cat","embeddable":true,"href":"https:\/\/healthyhead.dk\/de\/wp-json\/wp\/v2\/product_cat?post=317879"},{"taxonomy":"product_tag","embeddable":true,"href":"https:\/\/healthyhead.dk\/de\/wp-json\/wp\/v2\/product_tag?post=317879"}],"curies":[{"name":"wp","href":"https:\/\/api.w.org\/{rel}","templated":true}]}}