{"id":273075,"date":"2024-10-21T11:41:26","date_gmt":"2024-10-21T11:41:26","guid":{"rendered":"https:\/\/new.healthyhead.dk\/vare\/t-shirt-vis-din-stoette-til-ukraine-zelensky-im-ukrainian\/"},"modified":"2026-01-02T11:38:40","modified_gmt":"2026-01-02T11:38:40","slug":"t-shirt-vis-din-stoette-til-ukraine-zelensky-im-ukrainian","status":"publish","type":"product","link":"https:\/\/healthyhead.dk\/en\/product\/t-shirt-vis-din-stoette-til-ukraine-zelensky-im-ukrainian\/","title":{"rendered":"T-shirt, I\u2019m Ukrainian, Ukraine, Vis Din St\u00f8tte Til Ukraine"},"content":{"rendered":"","protected":false},"excerpt":{"rendered":"<p><img decoding=\"async\" class=\"alignnone wp-image-7519\" src=\"\/wp-content\/uploads\/2024\/08\/Oeko-tex.svg\" alt=\"OEKO-tex\" width=\"46\" height=\"45\" \/>OEKO-tex certificeret tryk uden skadelig kemi<\/p>\n<p><img decoding=\"async\" class=\"alignnone wp-image-7520\" src=\"\/wp-content\/uploads\/2024\/08\/Forvasket.svg\" alt=\"Forvasket\" width=\"46\" height=\"45\" \/>Forvasket for at minimere krymp<\/p>\n<p><img decoding=\"async\" class=\"alignnone wp-image-7533\" src=\"\/wp-content\/uploads\/2024\/08\/GOTS-.svg\" alt=\"GOTS\" width=\"46\" height=\"45\" \/>\u00d8kologisk GOTS certificeret t-shirt<\/p>\n<p>&nbsp;<\/p>\n[cg_accordion title=\"Beskrivelse\" open=\"open\"]<\/p>\n<div class=\"woocommerce-product-details__short-description\">\n<p>Vis din sympati for folket i Ukraine med denne \u00f8kologiske t-shirt. T-shirten er produceret af kraftig 100% \u00f8kologisk bomuld. B\u00e5de tryk og t-shirt er certificeret med OEKO-tex.<\/p>\n<\/div>\n<ul>\n<li><b>Fit:<\/b> Almindelig pasform med 2 cm ekstra l\u00e6ngde for l\u00e6ngere holdbarhed<\/li>\n<li><b>Materiale:<\/b> 100% GOTS certificeret \u00f8kologisk bomuld, 165 g\/m\u00b2<\/li>\n<li><b>Krymp:<\/b> T-shirten er &#8216;pre-washed&#8217; &#8211; krymper derfor minimalt hvis vaskeanvisninger f\u00f8lges<\/li>\n<li><b>Tryk:<\/b> Dansk OEKO-tex certificeret kvalitetstryk uden risikabel kemi<\/li>\n<\/ul>\n<p>[\/cg_accordion]\n[cg_accordion title=\"Vaskeanvisning\"]<\/p>\n<p>Vi anbefaler at vaske ved 30 grader og undg\u00e5 t\u00f8rretumbling for at sk\u00e5ne milj\u00f8et og forl\u00e6nge levetiden p\u00e5 t-shirten.<\/p>\n<p><img loading=\"lazy\" decoding=\"async\" class=\"wp-image-7353 alignleft\" src=\"\/wp-content\/uploads\/2024\/08\/Vaskeanvisning-305-t-shirt.svg\" alt=\"Vaskeanvisning-305-t-shirt\" width=\"270\" height=\"54\" srcset=\"https:\/\/healthyhead.dk\/wp-content\/uploads\/Vaskeanvisning-305-t-shirt.svg 150w, https:\/\/healthyhead.dk\/wp-content\/uploads\/Vaskeanvisning-305-t-shirt.svg 300w, https:\/\/healthyhead.dk\/wp-content\/uploads\/Vaskeanvisning-305-t-shirt.svg 768w, https:\/\/healthyhead.dk\/wp-content\/uploads\/Vaskeanvisning-305-t-shirt.svg 1024w, https:\/\/healthyhead.dk\/wp-content\/uploads\/Vaskeanvisning-305-t-shirt.svg 1230w\" sizes=\"(max-width: 270px) 100vw, 270px\" \/><\/p>\n<p>&nbsp;<\/p>\n<p>&nbsp;<\/p>\n<p>[\/cg_accordion]\n","protected":false},"featured_media":294499,"template":"","meta":{"_acf_changed":false},"product_brand":[],"product_cat":[719,703],"product_tag":[],"class_list":{"0":"post-273075","1":"product","2":"type-product","3":"status-publish","4":"has-post-thumbnail","6":"product_cat-ukraine-t-shirts","7":"product_cat-show-your-support-for-ukraine","8":"pa_size-2-aar-en","9":"pa_size-4-6-aar-en","10":"pa_size-8-10-aar-en","11":"pa_size-12-14-aar-en","12":"pa_size-x-small-en","13":"pa_size-small-en","14":"pa_size-medium-en","15":"pa_size-large-en","16":"pa_size-x-large-en","17":"pa_size-xx-large-en","18":"pa_size-3x-large-en","20":"first","21":"instock","22":"taxable","23":"shipping-taxable","24":"purchasable","25":"product-type-variable","26":"has-default-attributes"},"acf":[],"_links":{"self":[{"href":"https:\/\/healthyhead.dk\/en\/wp-json\/wp\/v2\/product\/273075","targetHints":{"allow":["GET"]}}],"collection":[{"href":"https:\/\/healthyhead.dk\/en\/wp-json\/wp\/v2\/product"}],"about":[{"href":"https:\/\/healthyhead.dk\/en\/wp-json\/wp\/v2\/types\/product"}],"version-history":[{"count":0,"href":"https:\/\/healthyhead.dk\/en\/wp-json\/wp\/v2\/product\/273075\/revisions"}],"wp:featuredmedia":[{"embeddable":true,"href":"https:\/\/healthyhead.dk\/en\/wp-json\/wp\/v2\/media\/294499"}],"wp:attachment":[{"href":"https:\/\/healthyhead.dk\/en\/wp-json\/wp\/v2\/media?parent=273075"}],"wp:term":[{"taxonomy":"product_brand","embeddable":true,"href":"https:\/\/healthyhead.dk\/en\/wp-json\/wp\/v2\/product_brand?post=273075"},{"taxonomy":"product_cat","embeddable":true,"href":"https:\/\/healthyhead.dk\/en\/wp-json\/wp\/v2\/product_cat?post=273075"},{"taxonomy":"product_tag","embeddable":true,"href":"https:\/\/healthyhead.dk\/en\/wp-json\/wp\/v2\/product_tag?post=273075"}],"curies":[{"name":"wp","href":"https:\/\/api.w.org\/{rel}","templated":true}]}}