{"id":279207,"date":"2025-04-23T15:47:37","date_gmt":"2025-04-23T15:47:37","guid":{"rendered":"https:\/\/new.healthyhead.dk\/vare\/t-shirt-lgbtq-rainbow-feminine-fit\/"},"modified":"2025-04-23T15:47:37","modified_gmt":"2025-04-23T15:47:37","slug":"t-shirt-lgbtq-rainbow-feminine-fit","status":"publish","type":"product","link":"https:\/\/healthyhead.dk\/en\/product\/t-shirt-lgbtq-rainbow-feminine-fit\/","title":{"rendered":"T-shirt, LGBTQ+, Rainbow, Feminine Fit"},"content":{"rendered":"","protected":false},"excerpt":{"rendered":"<p><img decoding=\"async\" class=\"alignnone wp-image-7519\" src=\"\/wp-content\/uploads\/2024\/08\/Klassisk-pasform.svg\" alt=\"Klassisk-pasform\" width=\"46\" height=\"45\" \/>Feminin pasform<\/p>\n<p><img decoding=\"async\" class=\"alignnone wp-image-8766\" src=\"\/wp-content\/uploads\/2024\/08\/GOTS-.svg\" alt=\"\" width=\"47\" height=\"47\" srcset=\"https:\/\/healthyhead.dk\/wp-content\/uploads\/GOTS-.svg 150w, https:\/\/healthyhead.dk\/wp-content\/uploads\/GOTS-.svg 300w, https:\/\/healthyhead.dk\/wp-content\/uploads\/GOTS-.svg 768w, https:\/\/healthyhead.dk\/wp-content\/uploads\/GOTS-.svg 1024w, https:\/\/healthyhead.dk\/wp-content\/uploads\/GOTS-.svg 250w\" sizes=\"(max-width: 47px) 100vw, 47px\" \/>\u00d8kologisk GOTS certificeret t-shirt<\/p>\n<p><img decoding=\"async\" class=\"alignnone wp-image-7520\" src=\"\/wp-content\/uploads\/2024\/08\/Oeko-tex.svg\" alt=\"Oeko-tex\" width=\"47\" height=\"47\" \/>OEKO-tex certificeret tryk uden skadelig kemi<\/p>\n<p><img loading=\"lazy\" decoding=\"async\" class=\"alignnone wp-image-7533\" src=\"\/wp-content\/uploads\/2024\/08\/Forvasket.svg\" alt=\"Forvasket\" width=\"46\" height=\"45\" \/>Forvasket for at minimere krymp<\/p>\n<section class=\"elegant-tabs-container et-horizontal\">\n<div class=\"et-tabs et-horizontal justified-tabs et-tabs-style-iconbox tab-class-670d08084954b\" data-tab_style=\"iconbox\" data-active-bg=\"#00a54f\" data-active-text=\"#ffffff\">\n<nav>\u00a0<\/nav>\n<\/div>\n<\/section>\n[cg_accordion title=\"Beskrivelse\" open=\"open\"]<\/p>\n<p>T-shirt af \u00f8kologisk GOTS certificeret bomuld med regnbue i pridefarver.<br \/>\nTrykt i Danmark med OEKO-tex certificeret kvalitetstryk, der kan klare vask op til 60 grader. Feminine fit.<\/p>\n<ul>\n<li><b>Tryk:<\/b>\u00a0Dansk OEKO-tex certificeret kvalitetstryk uden risikabel kemi<\/li>\n<li><b>Fit:<\/b> Almindelig feminin pasform med 2 cm ekstra l\u00e6ngde for l\u00e6ngere holdbarhed<\/li>\n<li><b>Materiale:<\/b>\u00a0100% OEKO-tex certificeret bomuld, 165 g\/m\u00b2<\/li>\n<li><b>Krymp:<\/b>\u00a0T-shirten er \u2018pre-washed\u2019 \u2013 krymper derfor minimalt hvis vaskeanvisninger f\u00f8lges<\/li>\n<\/ul>\n<p>[\/cg_accordion]\n[cg_accordion title=\"Vaskeanvisning\"]<\/p>\n<p>Vi anbefaler at vaske ved 30 grader og undg\u00e5 t\u00f8rretumbling for at sk\u00e5ne milj\u00f8et og forl\u00e6nge levetiden p\u00e5 t-shirten.<\/p>\n<p><img loading=\"lazy\" decoding=\"async\" class=\"wp-image-7353 alignleft\" src=\"\/wp-content\/uploads\/2024\/08\/Vaskeanvisning-305-t-shirt.svg\" alt=\"Vaskeanvisning-305-t-shirt\" width=\"270\" height=\"54\" srcset=\"https:\/\/healthyhead.dk\/wp-content\/uploads\/Vaskeanvisning-305-t-shirt.svg 150w, https:\/\/healthyhead.dk\/wp-content\/uploads\/Vaskeanvisning-305-t-shirt.svg 300w, https:\/\/healthyhead.dk\/wp-content\/uploads\/Vaskeanvisning-305-t-shirt.svg 768w, https:\/\/healthyhead.dk\/wp-content\/uploads\/Vaskeanvisning-305-t-shirt.svg 1024w, https:\/\/healthyhead.dk\/wp-content\/uploads\/Vaskeanvisning-305-t-shirt.svg 1230w\" sizes=\"(max-width: 270px) 100vw, 270px\" \/><\/p>\n<p>&nbsp;<\/p>\n<p>&nbsp;<\/p>\n<p>[\/cg_accordion]\n","protected":false},"featured_media":260897,"template":"","meta":{"_acf_changed":false},"product_brand":[],"product_cat":[695],"product_tag":[],"class_list":{"0":"post-279207","1":"product","2":"type-product","3":"status-publish","4":"has-post-thumbnail","6":"product_cat-graphic-lgbtq","7":"pa_size-x-small-en","8":"pa_size-small-en","9":"pa_size-medium-en","10":"pa_size-large-en","11":"pa_size-x-large-en","12":"pa_size-xx-large-en","13":"pa_size-3x-large-en","15":"first","16":"instock","17":"taxable","18":"shipping-taxable","19":"purchasable","20":"product-type-variable","21":"has-default-attributes"},"acf":[],"_links":{"self":[{"href":"https:\/\/healthyhead.dk\/en\/wp-json\/wp\/v2\/product\/279207","targetHints":{"allow":["GET"]}}],"collection":[{"href":"https:\/\/healthyhead.dk\/en\/wp-json\/wp\/v2\/product"}],"about":[{"href":"https:\/\/healthyhead.dk\/en\/wp-json\/wp\/v2\/types\/product"}],"version-history":[{"count":0,"href":"https:\/\/healthyhead.dk\/en\/wp-json\/wp\/v2\/product\/279207\/revisions"}],"wp:featuredmedia":[{"embeddable":true,"href":"https:\/\/healthyhead.dk\/en\/wp-json\/wp\/v2\/media\/260897"}],"wp:attachment":[{"href":"https:\/\/healthyhead.dk\/en\/wp-json\/wp\/v2\/media?parent=279207"}],"wp:term":[{"taxonomy":"product_brand","embeddable":true,"href":"https:\/\/healthyhead.dk\/en\/wp-json\/wp\/v2\/product_brand?post=279207"},{"taxonomy":"product_cat","embeddable":true,"href":"https:\/\/healthyhead.dk\/en\/wp-json\/wp\/v2\/product_cat?post=279207"},{"taxonomy":"product_tag","embeddable":true,"href":"https:\/\/healthyhead.dk\/en\/wp-json\/wp\/v2\/product_tag?post=279207"}],"curies":[{"name":"wp","href":"https:\/\/api.w.org\/{rel}","templated":true}]}}